{"id":6753,"date":"2022-06-24T11:01:52","date_gmt":"2022-06-24T09:01:52","guid":{"rendered":"https:\/\/www.simeirrigation.it\/unternehmen\/"},"modified":"2025-07-07T15:34:30","modified_gmt":"2025-07-07T13:34:30","slug":"unternehmen","status":"publish","type":"page","link":"https:\/\/www.simeirrigation.it\/de\/unternehmen\/","title":{"rendered":"Unternehmen"},"content":{"rendered":"<div class=\"wpb-content-wrapper\"><p>[vc_row row_content_width=&#8220;grid&#8220; disable_background_image=&#8220;&#8220; simple_background_image=&#8220;7492&#8243; css=&#8220;.vc_custom_1751894212472{padding-top: 15% !important;padding-bottom: 15% !important;}&#8220; simple_background_color=&#8220;#000000&#8243;][vc_column][vc_row_inner equal_height=&#8220;yes&#8220; content_placement=&#8220;middle&#8220; gap=&#8220;35&#8243;][vc_column_inner width=&#8220;1\/2&#8243;]<div class=\"mkdf-section-title-holder    mkdf-has-appear-animation\" >\n\t<div class=\"mkdf-st-inner\">\n\t\t\t<span class=\"mkdf-st-tagline\" >\n\t\t\t\u00dcBER UNS\t\t<\/span>\n\t\t\t\t\t\t<h2 class=\"mkdf-st-title\" style=\"color: #ffffff\">\n\t\t\t\t\t\t\t\t\twas wir tun\t\t\t\t\t\t\t<\/h2>\n\t\t\t\t\t\t\t<p class=\"mkdf-st-text\" style=\"color: #000000\">\n\t\t\t\tSeit 1951 entwickelt und produziert SIME Idromeccanica Beregnungssysteme \u2013 komplett Made in Italy. Durch die Verbindung von Tradition und Innovation ist das Unternehmen zu einem globalen Ma\u00dfstab geworden, dank zuverl\u00e4ssiger, vielseitiger und technologisch fortschrittlicher Produkte. Die Qualit\u00e4t von SIME basiert auf Leidenschaft, Erfahrung und einem klaren Blick in die Zukunft.\t\t\t<\/p>\n\t\t\t\t\t<\/div>\n<\/div>[\/vc_column_inner][vc_column_inner width=&#8220;1\/2&#8243;]<div class=\"mkdf-video-button-holder    \">\n\t\t\t\t<span class=\"mkdf-video-button-play\" >\n\t\t\t<span class=\"mkdf-video-button-play-inner\">\n\t\t\t\t<span class=\"mkdf-video-button-play-holder\">\n\t\t\t\t\t<span class=\"mkdf-video-button-play-text\">\n\t\t\t            <span class=\"mkdf-btn-line-hidden\"><\/span>\n\t\t\t            <span class=\"mkdf-btn-text\">Play<\/span>\n\t\t\t\t        <span class=\"mkdf-btn-line\"><\/span>\n\t\t\t            <i class=\"mkdf-icon-ion-icon ion-ios-play \"><\/i>\n\t\t\t        <\/span>\n\t\t\t        <span class=\"mkdf-video-button-svg\">\n\t\t\t\t\t\t<svg x=\"0px\" y=\"0px\" width=\"78px\" height=\"80px\" viewBox=\"0 0 78 80\" style=\"enable-background:new 0 0 78 80;\">\n\t\t\t\t\t\t\t<path fill=\"CurrentColor\" d=\"M38.2,0C20.1,0,4.8,12.3,0,29h1C5.8,12.8,20.7,1,38.2,1C59.6,1,77,18.5,77,40c0,21.5-17.4,39-38.8,39\n\t\tC21,79,6.4,67.6,1.3,52H0.3c5.1,16.2,20.1,28,37.9,28C60.2,80,78,62.1,78,40C78,17.9,60.2,0,38.2,0z\"><\/path>\n\t\t\t\t\t\t<\/svg>\n\t\t\t\t\t<\/span>\n\t\t\t\t\t\t\t\t\t\t\t<a class=\"mkdf-video-button-link\" href=\"https:\/\/www.youtube.com\/watch?v=Ehi-d2ervvY\" data-rel=\"prettyPhoto[video_button_pretty_photo_529]\"><\/a>\n\t\t\t\t\t\t\t\t\t<\/span>\n\t\t\t<\/span>\n\t\t<\/span>\n\t\t<\/div>[\/vc_column_inner][\/vc_row_inner][\/vc_column][\/vc_row][vc_row full_height=&#8220;yes&#8220; row_content_width=&#8220;grid&#8220; disable_background_image=&#8220;&#8220; vertical_lines=&#8220;yes&#8220; animated_text_position=&#8220;center&#8220; animated_text_vertical_position=&#8220;top&#8220; animated_text=&#8220;Our Story&#8220; animated_text_color=&#8220;#f9f9f9&#8243; css=&#8220;.vc_custom_1751892769076{margin-top: 100px !important;padding-top: 25px !important;}&#8220;][vc_column]<div class=\"mkdf-animation-holder mkdf-grow-in\" data-animation=\"mkdf-grow-in\" data-animation-delay=\"300\"><div class=\"mkdf-animation-inner\">[vc_single_image image=&#8220;3772&#8243; img_size=&#8220;400&#215;400&#8243; alignment=&#8220;center&#8220; style=&#8220;vc_box_circle_2&#8243;][vc_column_text]<\/p>\n<h2 style=\"text-align: center;\">Unsere Geschichte<\/h2>\n<p><\/p>\n<p style=\"text-align: center;\">Antonio Lanzoni machte seine Leidenschaft f\u00fcr technische L\u00f6sungen zum Beruf und gr\u00fcndete im Jahr 1951 das Unternehmen SIME. In der Region der Mechanik und Motoren, die heute auf der ganzen Welt als Motor Valley bekannt ist und nur wenige Schritte vom Po Fluss , dem l\u00e4ngsten und wasserreichsten Fluss Italiens entfernt ist, befand sich das ideale Umfeld , um Ger\u00e4te f\u00fcr die Beregnung mit bahnbrechenden L\u00f6sungen zu entwickeln und zu erarbeiten . Nach einigen Jahren des Bestehens liegt der Fokus nun ins besonders auf Gro\u00dffl\u00e4chenregner mit erheblichen Wurfweiten . Seitdem wachsen st\u00e4ndig die Marktanteile und die angebotenen Modelle und SIME sind heute Weltmarktf\u00fchrer in der Branche. Das Unternehmen exportiert in mehr als siebzig L\u00e4nder und beliefert die wichtigsten Hersteller in der Beregnungsbranche.<\/p>\n<p>&nbsp;[\/vc_column_text]<\/div><\/div>[\/vc_column][\/vc_row][vc_row full_height=&#8220;yes&#8220; row_content_width=&#8220;grid&#8220; disable_background_image=&#8220;&#8220; vertical_lines=&#8220;yes&#8220; animated_text_position=&#8220;center&#8220; animated_text_vertical_position=&#8220;top&#8220; animated_text=&#8220;Our Story&#8220; animated_text_color=&#8220;#f9f9f9&#8243; css=&#8220;.vc_custom_1751892777034{margin-top: 50px !important;padding-top: 25px !important;}&#8220;][vc_column]<div class=\"mkdf-animation-holder mkdf-grow-in\" data-animation=\"mkdf-grow-in\" data-animation-delay=\"300\"><div class=\"mkdf-animation-inner\">[vc_column_text]<\/p>\n<h2 style=\"text-align: center;\">EXPORT IN \u00dcBER 70 L\u00c4NDER DER WELT<\/h2>\n<p><\/p>\n<p style=\"text-align: center;\">Wir beliefern die wichtigsten Bew\u00e4sserungsanlagen mit Lieferungen von unserem Hauptsitz in\u00a0<strong>Italien<\/strong>\u00a0und einem Lager in den\u00a0<span style=\"color: #000000;\"><strong>Vereinigten Staaten<\/strong><\/span>.<\/p>\n<p>&nbsp;[\/vc_column_text][vc_single_image image=&#8220;7407&#8243; img_size=&#8220;large&#8220; alignment=&#8220;center&#8220;]<\/div><\/div>[\/vc_column][\/vc_row][vc_row row_content_width=&#8220;grid&#8220; disable_background_image=&#8220;&#8220; vertical_lines=&#8220;yes&#8220; animated_text_position=&#8220;right&#8220; animated_text_vertical_position=&#8220;top&#8220; animated_text=&#8220;know-how&#8220; animated_text_color=&#8220;#f9f9f9&#8243; css=&#8220;.vc_custom_1751892782646{margin-top: 50px !important;padding-top: 32px !important;padding-bottom: 0px !important;}&#8220;][vc_column]<div class=\"mkdf-animation-holder mkdf-grow-in\" data-animation=\"mkdf-grow-in\" data-animation-delay=\"300\"><div class=\"mkdf-animation-inner\">[vc_single_image image=&#8220;4204&#8243; img_size=&#8220;large&#8220; alignment=&#8220;center&#8220;][vc_column_text]<\/p>\n<h2 style=\"text-align: center;\">Erfahrung &amp; Innovation<\/h2>\n<p><\/p>\n<p style=\"text-align: center;\">SIME-Produkte sind das Ergebnis eines langen und andauernden Verbesserung- sprozesses, der seit jeher die jahrzehntelange Erfahrung auf diesem Gebiet und die Suche nach technologischer Weiterentwicklung vereint. Der unerm\u00fcdliche Versuch, die Kundenanforderungen zu erf\u00fcllen, hat die SIME-Regner auf Qual- it\u00e4ts- und Vielseitigkeitsstandards gebracht, die sie f\u00fcr eine Vielzahl verschieden- er Anwendungen geeignet machen. Die Qualit\u00e4t der von SIME angebotenen Pro- dukte und Dienstleistungen wird durch die Zertifizierung nach ISO 9001 best\u00e4tigt.<\/p>\n<p>&nbsp;<\/p>\n<p>&nbsp;[\/vc_column_text]<\/div><\/div>[\/vc_column][\/vc_row]<\/p>\n<\/div>","protected":false},"excerpt":{"rendered":"<p>[vc_row row_content_width=&#8220;grid&#8220; disable_background_image=&#8220;&#8220; simple_background_image=&#8220;7492&#8243; css=&#8220;.vc_custom_1751894212472{padding-top: 15% !important;padding-bottom: 15% !important;}&#8220; simple_background_color=&#8220;#000000&#8243;][vc_column][vc_row_inner equal_height=&#8220;yes&#8220; content_placement=&#8220;middle&#8220; gap=&#8220;35&#8243;][vc_column_inner width=&#8220;1\/2&#8243;][\/vc_column_inner][vc_column_inner width=&#8220;1\/2&#8243;][\/vc_column_inner][\/vc_row_inner][\/vc_column][\/vc_row][vc_row full_height=&#8220;yes&#8220; row_content_width=&#8220;grid&#8220; disable_background_image=&#8220;&#8220; vertical_lines=&#8220;yes&#8220; animated_text_position=&#8220;center&#8220; animated_text_vertical_position=&#8220;top&#8220; animated_text=&#8220;Our Story&#8220; animated_text_color=&#8220;#f9f9f9&#8243; css=&#8220;.vc_custom_1751892769076{margin-top: 100px !important;padding-top: 25px !important;}&#8220;][vc_column][\/vc_column][\/vc_row][vc_row full_height=&#8220;yes&#8220; row_content_width=&#8220;grid&#8220; disable_background_image=&#8220;&#8220; vertical_lines=&#8220;yes&#8220; animated_text_position=&#8220;center&#8220; animated_text_vertical_position=&#8220;top&#8220; animated_text=&#8220;Our Story&#8220; animated_text_color=&#8220;#f9f9f9&#8243; css=&#8220;.vc_custom_1751892777034{margin-top: 50px !important;padding-top: 25px !important;}&#8220;][vc_column][\/vc_column][\/vc_row][vc_row row_content_width=&#8220;grid&#8220; disable_background_image=&#8220;&#8220; vertical_lines=&#8220;yes&#8220; animated_text_position=&#8220;right&#8220; animated_text_vertical_position=&#8220;top&#8220; animated_text=&#8220;know-how&#8220; animated_text_color=&#8220;#f9f9f9&#8243; css=&#8220;.vc_custom_1751892782646{margin-top: [&hellip;]<\/p>\n","protected":false},"author":1,"featured_media":0,"parent":0,"menu_order":0,"comment_status":"closed","ping_status":"closed","template":"full-width.php","meta":{"inline_featured_image":false,"footnotes":""},"class_list":["post-6753","page","type-page","status-publish","hentry"],"yoast_head":"<!-- This site is optimized with the Yoast SEO plugin v26.1.1 - https:\/\/yoast.com\/wordpress\/plugins\/seo\/ -->\n<title>Unternehmen - Sime | Regner f\u00fcr mittlere und gro\u00dfe Reichweite<\/title>\n<meta name=\"robots\" content=\"index, follow, max-snippet:-1, max-image-preview:large, max-video-preview:-1\" \/>\n<link rel=\"canonical\" href=\"https:\/\/www.simeirrigation.it\/de\/unternehmen\/\" \/>\n<meta property=\"og:locale\" content=\"de_DE\" \/>\n<meta property=\"og:type\" content=\"article\" \/>\n<meta property=\"og:title\" content=\"Unternehmen - Sime | Regner f\u00fcr mittlere und gro\u00dfe Reichweite\" \/>\n<meta property=\"og:description\" content=\"[vc_row row_content_width=&#8220;grid&#8220; disable_background_image=&#8220;&#8220; simple_background_image=&#8220;7492&#8243; css=&#8220;.vc_custom_1751894212472{padding-top: 15% !important;padding-bottom: 15% !important;}&#8220; simple_background_color=&#8220;#000000&#8243;][vc_column][vc_row_inner equal_height=&#8220;yes&#8220; content_placement=&#8220;middle&#8220; gap=&#8220;35&#8243;][vc_column_inner width=&#8220;1\/2&#8243;][\/vc_column_inner][vc_column_inner width=&#8220;1\/2&#8243;][\/vc_column_inner][\/vc_row_inner][\/vc_column][\/vc_row][vc_row full_height=&#8220;yes&#8220; row_content_width=&#8220;grid&#8220; disable_background_image=&#8220;&#8220; vertical_lines=&#8220;yes&#8220; animated_text_position=&#8220;center&#8220; animated_text_vertical_position=&#8220;top&#8220; animated_text=&#8220;Our Story&#8220; animated_text_color=&#8220;#f9f9f9&#8243; css=&#8220;.vc_custom_1751892769076{margin-top: 100px !important;padding-top: 25px !important;}&#8220;][vc_column][\/vc_column][\/vc_row][vc_row full_height=&#8220;yes&#8220; row_content_width=&#8220;grid&#8220; disable_background_image=&#8220;&#8220; vertical_lines=&#8220;yes&#8220; animated_text_position=&#8220;center&#8220; animated_text_vertical_position=&#8220;top&#8220; animated_text=&#8220;Our Story&#8220; animated_text_color=&#8220;#f9f9f9&#8243; css=&#8220;.vc_custom_1751892777034{margin-top: 50px !important;padding-top: 25px !important;}&#8220;][vc_column][\/vc_column][\/vc_row][vc_row row_content_width=&#8220;grid&#8220; disable_background_image=&#8220;&#8220; vertical_lines=&#8220;yes&#8220; animated_text_position=&#8220;right&#8220; animated_text_vertical_position=&#8220;top&#8220; animated_text=&#8220;know-how&#8220; animated_text_color=&#8220;#f9f9f9&#8243; css=&#8220;.vc_custom_1751892782646{margin-top: [&hellip;]\" \/>\n<meta property=\"og:url\" content=\"https:\/\/www.simeirrigation.it\/de\/unternehmen\/\" \/>\n<meta property=\"og:site_name\" content=\"Sime | Regner f\u00fcr mittlere und gro\u00dfe Reichweite\" \/>\n<meta property=\"article:modified_time\" content=\"2025-07-07T13:34:30+00:00\" \/>\n<meta name=\"twitter:card\" content=\"summary_large_image\" \/>\n<meta name=\"twitter:label1\" content=\"Gesch\u00e4tzte Lesezeit\" \/>\n\t<meta name=\"twitter:data1\" content=\"3\u00a0Minuten\" \/>\n<script type=\"application\/ld+json\" class=\"yoast-schema-graph\">{\"@context\":\"https:\/\/schema.org\",\"@graph\":[{\"@type\":\"WebPage\",\"@id\":\"https:\/\/www.simeirrigation.it\/de\/unternehmen\/\",\"url\":\"https:\/\/www.simeirrigation.it\/de\/unternehmen\/\",\"name\":\"Unternehmen - Sime | Regner f\u00fcr mittlere und gro\u00dfe Reichweite\",\"isPartOf\":{\"@id\":\"https:\/\/www.simeirrigation.it\/#website\"},\"datePublished\":\"2022-06-24T09:01:52+00:00\",\"dateModified\":\"2025-07-07T13:34:30+00:00\",\"breadcrumb\":{\"@id\":\"https:\/\/www.simeirrigation.it\/de\/unternehmen\/#breadcrumb\"},\"inLanguage\":\"de\",\"potentialAction\":[{\"@type\":\"ReadAction\",\"target\":[\"https:\/\/www.simeirrigation.it\/de\/unternehmen\/\"]}]},{\"@type\":\"BreadcrumbList\",\"@id\":\"https:\/\/www.simeirrigation.it\/de\/unternehmen\/#breadcrumb\",\"itemListElement\":[{\"@type\":\"ListItem\",\"position\":1,\"name\":\"Home\",\"item\":\"https:\/\/www.simeirrigation.it\/de\/\"},{\"@type\":\"ListItem\",\"position\":2,\"name\":\"Unternehmen\"}]},{\"@type\":\"WebSite\",\"@id\":\"https:\/\/www.simeirrigation.it\/#website\",\"url\":\"https:\/\/www.simeirrigation.it\/\",\"name\":\"Sime | irrigatori per agricoltura e giardinaggio\",\"description\":\"Regner f\u00fcr mittlere und gro\u00dfe Reichweite\",\"publisher\":{\"@id\":\"https:\/\/www.simeirrigation.it\/#organization\"},\"potentialAction\":[{\"@type\":\"SearchAction\",\"target\":{\"@type\":\"EntryPoint\",\"urlTemplate\":\"https:\/\/www.simeirrigation.it\/?s={search_term_string}\"},\"query-input\":{\"@type\":\"PropertyValueSpecification\",\"valueRequired\":true,\"valueName\":\"search_term_string\"}}],\"inLanguage\":\"de\"},{\"@type\":\"Organization\",\"@id\":\"https:\/\/www.simeirrigation.it\/#organization\",\"name\":\"Sime | irrigatori per agricoltura e giardinaggio\",\"url\":\"https:\/\/www.simeirrigation.it\/\",\"logo\":{\"@type\":\"ImageObject\",\"inLanguage\":\"de\",\"@id\":\"https:\/\/www.simeirrigation.it\/#\/schema\/logo\/image\/\",\"url\":\"https:\/\/www.simeirrigation.it\/wp-content\/uploads\/2022\/06\/LogoSime_rosso.png\",\"contentUrl\":\"https:\/\/www.simeirrigation.it\/wp-content\/uploads\/2022\/06\/LogoSime_rosso.png\",\"width\":237,\"height\":237,\"caption\":\"Sime | irrigatori per agricoltura e giardinaggio\"},\"image\":{\"@id\":\"https:\/\/www.simeirrigation.it\/#\/schema\/logo\/image\/\"}}]}<\/script>\n<!-- \/ Yoast SEO plugin. -->","yoast_head_json":{"title":"Unternehmen - Sime | Regner f\u00fcr mittlere und gro\u00dfe Reichweite","robots":{"index":"index","follow":"follow","max-snippet":"max-snippet:-1","max-image-preview":"max-image-preview:large","max-video-preview":"max-video-preview:-1"},"canonical":"https:\/\/www.simeirrigation.it\/de\/unternehmen\/","og_locale":"de_DE","og_type":"article","og_title":"Unternehmen - Sime | Regner f\u00fcr mittlere und gro\u00dfe Reichweite","og_description":"[vc_row row_content_width=&#8220;grid&#8220; disable_background_image=&#8220;&#8220; simple_background_image=&#8220;7492&#8243; css=&#8220;.vc_custom_1751894212472{padding-top: 15% !important;padding-bottom: 15% !important;}&#8220; simple_background_color=&#8220;#000000&#8243;][vc_column][vc_row_inner equal_height=&#8220;yes&#8220; content_placement=&#8220;middle&#8220; gap=&#8220;35&#8243;][vc_column_inner width=&#8220;1\/2&#8243;][\/vc_column_inner][vc_column_inner width=&#8220;1\/2&#8243;][\/vc_column_inner][\/vc_row_inner][\/vc_column][\/vc_row][vc_row full_height=&#8220;yes&#8220; row_content_width=&#8220;grid&#8220; disable_background_image=&#8220;&#8220; vertical_lines=&#8220;yes&#8220; animated_text_position=&#8220;center&#8220; animated_text_vertical_position=&#8220;top&#8220; animated_text=&#8220;Our Story&#8220; animated_text_color=&#8220;#f9f9f9&#8243; css=&#8220;.vc_custom_1751892769076{margin-top: 100px !important;padding-top: 25px !important;}&#8220;][vc_column][\/vc_column][\/vc_row][vc_row full_height=&#8220;yes&#8220; row_content_width=&#8220;grid&#8220; disable_background_image=&#8220;&#8220; vertical_lines=&#8220;yes&#8220; animated_text_position=&#8220;center&#8220; animated_text_vertical_position=&#8220;top&#8220; animated_text=&#8220;Our Story&#8220; animated_text_color=&#8220;#f9f9f9&#8243; css=&#8220;.vc_custom_1751892777034{margin-top: 50px !important;padding-top: 25px !important;}&#8220;][vc_column][\/vc_column][\/vc_row][vc_row row_content_width=&#8220;grid&#8220; disable_background_image=&#8220;&#8220; vertical_lines=&#8220;yes&#8220; animated_text_position=&#8220;right&#8220; animated_text_vertical_position=&#8220;top&#8220; animated_text=&#8220;know-how&#8220; animated_text_color=&#8220;#f9f9f9&#8243; css=&#8220;.vc_custom_1751892782646{margin-top: [&hellip;]","og_url":"https:\/\/www.simeirrigation.it\/de\/unternehmen\/","og_site_name":"Sime | Regner f\u00fcr mittlere und gro\u00dfe Reichweite","article_modified_time":"2025-07-07T13:34:30+00:00","twitter_card":"summary_large_image","twitter_misc":{"Gesch\u00e4tzte Lesezeit":"3\u00a0Minuten"},"schema":{"@context":"https:\/\/schema.org","@graph":[{"@type":"WebPage","@id":"https:\/\/www.simeirrigation.it\/de\/unternehmen\/","url":"https:\/\/www.simeirrigation.it\/de\/unternehmen\/","name":"Unternehmen - Sime | Regner f\u00fcr mittlere und gro\u00dfe Reichweite","isPartOf":{"@id":"https:\/\/www.simeirrigation.it\/#website"},"datePublished":"2022-06-24T09:01:52+00:00","dateModified":"2025-07-07T13:34:30+00:00","breadcrumb":{"@id":"https:\/\/www.simeirrigation.it\/de\/unternehmen\/#breadcrumb"},"inLanguage":"de","potentialAction":[{"@type":"ReadAction","target":["https:\/\/www.simeirrigation.it\/de\/unternehmen\/"]}]},{"@type":"BreadcrumbList","@id":"https:\/\/www.simeirrigation.it\/de\/unternehmen\/#breadcrumb","itemListElement":[{"@type":"ListItem","position":1,"name":"Home","item":"https:\/\/www.simeirrigation.it\/de\/"},{"@type":"ListItem","position":2,"name":"Unternehmen"}]},{"@type":"WebSite","@id":"https:\/\/www.simeirrigation.it\/#website","url":"https:\/\/www.simeirrigation.it\/","name":"Sime | irrigatori per agricoltura e giardinaggio","description":"Regner f\u00fcr mittlere und gro\u00dfe Reichweite","publisher":{"@id":"https:\/\/www.simeirrigation.it\/#organization"},"potentialAction":[{"@type":"SearchAction","target":{"@type":"EntryPoint","urlTemplate":"https:\/\/www.simeirrigation.it\/?s={search_term_string}"},"query-input":{"@type":"PropertyValueSpecification","valueRequired":true,"valueName":"search_term_string"}}],"inLanguage":"de"},{"@type":"Organization","@id":"https:\/\/www.simeirrigation.it\/#organization","name":"Sime | irrigatori per agricoltura e giardinaggio","url":"https:\/\/www.simeirrigation.it\/","logo":{"@type":"ImageObject","inLanguage":"de","@id":"https:\/\/www.simeirrigation.it\/#\/schema\/logo\/image\/","url":"https:\/\/www.simeirrigation.it\/wp-content\/uploads\/2022\/06\/LogoSime_rosso.png","contentUrl":"https:\/\/www.simeirrigation.it\/wp-content\/uploads\/2022\/06\/LogoSime_rosso.png","width":237,"height":237,"caption":"Sime | irrigatori per agricoltura e giardinaggio"},"image":{"@id":"https:\/\/www.simeirrigation.it\/#\/schema\/logo\/image\/"}}]}},"_links":{"self":[{"href":"https:\/\/www.simeirrigation.it\/de\/wp-json\/wp\/v2\/pages\/6753","targetHints":{"allow":["GET"]}}],"collection":[{"href":"https:\/\/www.simeirrigation.it\/de\/wp-json\/wp\/v2\/pages"}],"about":[{"href":"https:\/\/www.simeirrigation.it\/de\/wp-json\/wp\/v2\/types\/page"}],"author":[{"embeddable":true,"href":"https:\/\/www.simeirrigation.it\/de\/wp-json\/wp\/v2\/users\/1"}],"replies":[{"embeddable":true,"href":"https:\/\/www.simeirrigation.it\/de\/wp-json\/wp\/v2\/comments?post=6753"}],"version-history":[{"count":0,"href":"https:\/\/www.simeirrigation.it\/de\/wp-json\/wp\/v2\/pages\/6753\/revisions"}],"wp:attachment":[{"href":"https:\/\/www.simeirrigation.it\/de\/wp-json\/wp\/v2\/media?parent=6753"}],"curies":[{"name":"wp","href":"https:\/\/api.w.org\/{rel}","templated":true}]}}