{"id":6764,"date":"2022-09-08T13:14:10","date_gmt":"2022-09-08T11:14:10","guid":{"rendered":"https:\/\/www.simeirrigation.it\/produkte\/"},"modified":"2023-07-19T16:42:49","modified_gmt":"2023-07-19T14:42:49","slug":"produkte","status":"publish","type":"page","link":"https:\/\/www.simeirrigation.it\/de\/produkte\/","title":{"rendered":"Produkte"},"content":{"rendered":"<div class=\"wpb-content-wrapper\"><p>[vc_row disable_background_image=&#8220;&#8220;][vc_column]<div class=\"mkdf-section-title-holder  mkdf-st-split  mkdf-has-appear-animation\" style=\"padding: 0 10%\">\n\t<div class=\"mkdf-st-inner\">\n\t\t\t<span class=\"mkdf-st-tagline\" >\n\t\t\tKlicken Sie f\u00fcr weitere Informationen\t\t<\/span>\n\t\t\t\t\t\t<h2 class=\"mkdf-st-title\" >\n\t\t\t\t\t\t\t\t\t<span class=\"mkdf-sts-title-text\">Sime<br \/> Produktpalette<\/span>\n\t\t\t\t\t<span class=\"mkdf-sts-separator\" style=\"background-color: #dd3333\"><\/span>\n\t\t\t\t\t\t\t<\/h2>\n\t\t\t\t\t\t\t<\/div>\n<\/div>[vc_empty_space height=&#8220;100px&#8220;][\/vc_column][\/vc_row][vc_row equal_height=&#8220;yes&#8220; content_placement=&#8220;top&#8220; disable_background_image=&#8220;&#8220;][vc_column width=&#8220;1\/3&#8243; el_class=&#8220;marrone&#8220;]<div class=\"mkdf-single-image-holder   mkdf-image-behavior-custom-link\">\n    <div class=\"mkdf-si-inner\" >\n        \t            <a itemprop=\"url\" href=\"https:\/\/www.simeirrigation.it\/de\/sprinklers\/schwingarm-grosflachenregner\/\" target=\"_self\">\n                                    <img decoding=\"async\" width=\"815\" height=\"422\" src=\"https:\/\/www.simeirrigation.it\/wp-content\/uploads\/2022\/11\/sime-settori-reflex-3.png\" class=\"attachment-full size-full\" alt=\"\" srcset=\"https:\/\/www.simeirrigation.it\/wp-content\/uploads\/2022\/11\/sime-settori-reflex-3.png 815w, https:\/\/www.simeirrigation.it\/wp-content\/uploads\/2022\/11\/sime-settori-reflex-3-300x155.png 300w, https:\/\/www.simeirrigation.it\/wp-content\/uploads\/2022\/11\/sime-settori-reflex-3-768x398.png 768w\" sizes=\"(max-width: 815px) 100vw, 815px\" \/>                                <\/a>\n            <\/div>\n<\/div>[vc_column_text]<\/p>\n<h3>Schwingarm Gro\u00dffl\u00e4chenregner<\/h3>\n<p>sind Regner f\u00fcr Dauereinsatz bei schwierigen Arbeitsbedingungen . Das Drehen des Regn- ers erfolgt mit einem , durch den Wurfstrahl angetriebenen schwingenden Arm.[\/vc_column_text]<a itemprop=\"url\" href=\"https:\/\/www.simeirrigation.it\/de\/sprinklers\/schwingarm-grosflachenregner\/\" target=\"_self\" style=\"margin: 15px 0 0\" class=\"mkdf-btn mkdf-btn-small mkdf-btn-simple-predefined\"  >\n            <span class=\"mkdf-btn-predefined-line-holder\">\n            <span class=\"mkdf-btn-line-hidden\"><\/span>\n            <span class=\"mkdf-btn-text\">dettagli<\/span>\n\t        <span class=\"mkdf-btn-line\"><\/span>\n            <i class=\"mkdf-btn-predefined-icon mkdf-icon-ion-icon ion-ios-play \"><\/i>\n        <\/span>\n    <\/a>[\/vc_column][vc_column width=&#8220;1\/3&#8243; el_class=&#8220;verde&#8220;]<div class=\"mkdf-single-image-holder   mkdf-image-behavior-custom-link\">\n    <div class=\"mkdf-si-inner\" >\n        \t            <a itemprop=\"url\" href=\"https:\/\/www.simeirrigation.it\/de\/sprinklers\/turbinen-grosflachenregner\/\" target=\"_self\">\n                                    <img decoding=\"async\" width=\"815\" height=\"422\" src=\"https:\/\/www.simeirrigation.it\/wp-content\/uploads\/2022\/11\/sime-settori-cannoni-turbina.png\" class=\"attachment-full size-full\" alt=\"\" srcset=\"https:\/\/www.simeirrigation.it\/wp-content\/uploads\/2022\/11\/sime-settori-cannoni-turbina.png 815w, https:\/\/www.simeirrigation.it\/wp-content\/uploads\/2022\/11\/sime-settori-cannoni-turbina-300x155.png 300w, https:\/\/www.simeirrigation.it\/wp-content\/uploads\/2022\/11\/sime-settori-cannoni-turbina-768x398.png 768w\" sizes=\"(max-width: 815px) 100vw, 815px\" \/>                                <\/a>\n            <\/div>\n<\/div>[vc_column_text]<\/p>\n<h3>Turbinen \u2013 Gro\u00dffl\u00e4chenregner<\/h3>\n<p>Gro\u00dffl\u00e4chenregner f\u00fcr Anwendungen, die eine gleichm\u00e4\u00dfige Wasserverteilung mit sehr san- ftem Niederschlag erfordern. Das Drehen des Regners erfolgt \u00fcber ein Getriebesystem, das von einer Wasserturbine angetrieben wird.[\/vc_column_text]<a itemprop=\"url\" href=\"https:\/\/www.simeirrigation.it\/de\/sprinklers\/turbinen-grosflachenregner\/\" target=\"_self\" style=\"margin: 15px 0 0\" class=\"mkdf-btn mkdf-btn-small mkdf-btn-simple-predefined\"  >\n            <span class=\"mkdf-btn-predefined-line-holder\">\n            <span class=\"mkdf-btn-line-hidden\"><\/span>\n            <span class=\"mkdf-btn-text\">dettagli<\/span>\n\t        <span class=\"mkdf-btn-line\"><\/span>\n            <i class=\"mkdf-btn-predefined-icon mkdf-icon-ion-icon ion-ios-play \"><\/i>\n        <\/span>\n    <\/a>[\/vc_column][vc_column width=&#8220;1\/3&#8243; el_class=&#8220;ocra&#8220;]<div class=\"mkdf-single-image-holder   mkdf-image-behavior-custom-link\">\n    <div class=\"mkdf-si-inner\" >\n        \t            <a itemprop=\"url\" href=\"https:\/\/www.simeirrigation.it\/de\/sprinklers\/elektrische-grosflachenregner\/\" target=\"_self\">\n                                    <img decoding=\"async\" width=\"815\" height=\"422\" src=\"https:\/\/www.simeirrigation.it\/wp-content\/uploads\/2022\/11\/sime-settori-irrigatori-elettrici.png\" class=\"attachment-full size-full\" alt=\"\" srcset=\"https:\/\/www.simeirrigation.it\/wp-content\/uploads\/2022\/11\/sime-settori-irrigatori-elettrici.png 815w, https:\/\/www.simeirrigation.it\/wp-content\/uploads\/2022\/11\/sime-settori-irrigatori-elettrici-300x155.png 300w, https:\/\/www.simeirrigation.it\/wp-content\/uploads\/2022\/11\/sime-settori-irrigatori-elettrici-768x398.png 768w\" sizes=\"(max-width: 815px) 100vw, 815px\" \/>                                <\/a>\n            <\/div>\n<\/div>[vc_column_text]<\/p>\n<h3>Elektrische Gro\u00dffl\u00e4chenregner<\/h3>\n<p>\u201eIntelligente\u201c Regner , die f\u00fcr die Beregnung mit Beregnungsmaschine auf unregelm\u00e4\u00dfigen Fl\u00e4chen entwickelt wurden und mit einem elektronischen Steuerger\u00e4t ausgestattet sind, das \u00fcber Apps auf Smartphones bedient werden kann.[\/vc_column_text]<a itemprop=\"url\" href=\"https:\/\/www.simeirrigation.it\/de\/sprinklers\/elektrische-grosflachenregner\/\" target=\"_self\" style=\"margin: 15px 0 0\" class=\"mkdf-btn mkdf-btn-small mkdf-btn-simple-predefined\"  >\n            <span class=\"mkdf-btn-predefined-line-holder\">\n            <span class=\"mkdf-btn-line-hidden\"><\/span>\n            <span class=\"mkdf-btn-text\">dettagli<\/span>\n\t        <span class=\"mkdf-btn-line\"><\/span>\n            <i class=\"mkdf-btn-predefined-icon mkdf-icon-ion-icon ion-ios-play \"><\/i>\n        <\/span>\n    <\/a>[\/vc_column][\/vc_row][vc_row disable_background_image=&#8220;&#8220;][vc_column][vc_empty_space height=&#8220;100px&#8220;][\/vc_column][\/vc_row][vc_row equal_height=&#8220;yes&#8220; content_placement=&#8220;top&#8220; disable_background_image=&#8220;&#8220;][vc_column width=&#8220;1\/3&#8243; el_class=&#8220;lime&#8220;]<div class=\"mkdf-single-image-holder   mkdf-image-behavior-custom-link\">\n    <div class=\"mkdf-si-inner\" >\n        \t            <a itemprop=\"url\" href=\"https:\/\/www.simeirrigation.it\/de\/sprinklers\/pop-up\/\" target=\"_self\">\n                                    <img decoding=\"async\" width=\"815\" height=\"422\" src=\"https:\/\/www.simeirrigation.it\/wp-content\/uploads\/2022\/11\/sime-settori-popup.png\" class=\"attachment-full size-full\" alt=\"\" srcset=\"https:\/\/www.simeirrigation.it\/wp-content\/uploads\/2022\/11\/sime-settori-popup.png 815w, https:\/\/www.simeirrigation.it\/wp-content\/uploads\/2022\/11\/sime-settori-popup-300x155.png 300w, https:\/\/www.simeirrigation.it\/wp-content\/uploads\/2022\/11\/sime-settori-popup-768x398.png 768w\" sizes=\"(max-width: 815px) 100vw, 815px\" \/>                                <\/a>\n            <\/div>\n<\/div>[vc_column_text]<\/p>\n<h3>Pop-up<\/h3>\n<p>Versenkregner f\u00fcr Sportpl\u00e4tze aus Rasen oder Kunstrasen. Bei einer Wurfweite von bis zu 50 m reichen 6 oder 8 Versenkregner aus, um die gesamte Fl\u00e4che eines Sport- platzes zu beregnen .[\/vc_column_text]<a itemprop=\"url\" href=\"https:\/\/www.simeirrigation.it\/de\/sprinklers\/pop-up\/\" target=\"_self\" style=\"margin: 15px 0 0\" class=\"mkdf-btn mkdf-btn-small mkdf-btn-simple-predefined\"  >\n            <span class=\"mkdf-btn-predefined-line-holder\">\n            <span class=\"mkdf-btn-line-hidden\"><\/span>\n            <span class=\"mkdf-btn-text\">dettagli<\/span>\n\t        <span class=\"mkdf-btn-line\"><\/span>\n            <i class=\"mkdf-btn-predefined-icon mkdf-icon-ion-icon ion-ios-play \"><\/i>\n        <\/span>\n    <\/a>[\/vc_column][vc_column width=&#8220;1\/3&#8243; el_class=&#8220;blu&#8220;]<div class=\"mkdf-single-image-holder   mkdf-image-behavior-custom-link\">\n    <div class=\"mkdf-si-inner\" >\n        \t            <a itemprop=\"url\" href=\"https:\/\/www.simeirrigation.it\/de\/sprinklers\/kleinregner-und-schwingarmregner\/\" target=\"_self\">\n                                    <img decoding=\"async\" width=\"815\" height=\"422\" src=\"https:\/\/www.simeirrigation.it\/wp-content\/uploads\/2022\/11\/Hidra-settori-815.png\" class=\"attachment-full size-full\" alt=\"\" srcset=\"https:\/\/www.simeirrigation.it\/wp-content\/uploads\/2022\/11\/Hidra-settori-815.png 815w, https:\/\/www.simeirrigation.it\/wp-content\/uploads\/2022\/11\/Hidra-settori-815-300x155.png 300w, https:\/\/www.simeirrigation.it\/wp-content\/uploads\/2022\/11\/Hidra-settori-815-768x398.png 768w\" sizes=\"(max-width: 815px) 100vw, 815px\" \/>                                <\/a>\n            <\/div>\n<\/div>[vc_column_text]<\/p>\n<h3>Kleinregner und Schwingarmregner<\/h3>\n<p>Kleine und mittelgro\u00dfe Regner , ideal f\u00fcr bodengebundene Beregnungsanlagen und f\u00fcr die Gartenberegnung. Sime bietet auf dem Markt die gr\u00f6\u00dfte Bauserie von kleinen und mittleren Regnern an und ist daher in der Lage jegliche Projektanforderung zu erf\u00fcllen.[\/vc_column_text]<a itemprop=\"url\" href=\"https:\/\/www.simeirrigation.it\/de\/sprinklers\/kleinregner-und-schwingarmregner\/\" target=\"_self\" style=\"margin: 15px 0 0\" class=\"mkdf-btn mkdf-btn-small mkdf-btn-simple-predefined\"  >\n            <span class=\"mkdf-btn-predefined-line-holder\">\n            <span class=\"mkdf-btn-line-hidden\"><\/span>\n            <span class=\"mkdf-btn-text\">dettagli<\/span>\n\t        <span class=\"mkdf-btn-line\"><\/span>\n            <i class=\"mkdf-btn-predefined-icon mkdf-icon-ion-icon ion-ios-play \"><\/i>\n        <\/span>\n    <\/a>[\/vc_column][vc_column width=&#8220;1\/3&#8243;]<div class=\"mkdf-single-image-holder   mkdf-image-behavior-custom-link\">\n    <div class=\"mkdf-si-inner\" >\n        \t            <a itemprop=\"url\" href=\"https:\/\/www.simeirrigation.it\/de\/rotorkit\/\" target=\"_self\">\n                                    <img decoding=\"async\" width=\"815\" height=\"422\" src=\"https:\/\/www.simeirrigation.it\/wp-content\/uploads\/2023\/05\/Rotorkit_product.png\" class=\"attachment-full size-full\" alt=\"\" srcset=\"https:\/\/www.simeirrigation.it\/wp-content\/uploads\/2023\/05\/Rotorkit_product.png 815w, https:\/\/www.simeirrigation.it\/wp-content\/uploads\/2023\/05\/Rotorkit_product-300x155.png 300w, https:\/\/www.simeirrigation.it\/wp-content\/uploads\/2023\/05\/Rotorkit_product-768x398.png 768w\" sizes=\"(max-width: 815px) 100vw, 815px\" \/>                                <\/a>\n            <\/div>\n<\/div>[vc_column_text]<\/p>\n<h3>Rotorkit\u00ae<\/h3>\n<p>Mechanische Steuerung f\u00fcr den automatischen Wechsel des Beregnungssektors nach einer gew\u00fcnschten Betriebsdauer[\/vc_column_text]<a itemprop=\"url\" href=\"https:\/\/www.simeirrigation.it\/de\/rotorkit\/\" target=\"_self\" style=\"margin: 15px 0 0\" class=\"mkdf-btn mkdf-btn-small mkdf-btn-simple-predefined\"  >\n            <span class=\"mkdf-btn-predefined-line-holder\">\n            <span class=\"mkdf-btn-line-hidden\"><\/span>\n            <span class=\"mkdf-btn-text\">dettagli<\/span>\n\t        <span class=\"mkdf-btn-line\"><\/span>\n            <i class=\"mkdf-btn-predefined-icon mkdf-icon-ion-icon ion-ios-play \"><\/i>\n        <\/span>\n    <\/a>[\/vc_column][\/vc_row][vc_row disable_background_image=&#8220;&#8220;][vc_column][vc_empty_space height=&#8220;100px&#8220;][\/vc_column][\/vc_row]<\/p>\n<\/div>","protected":false},"excerpt":{"rendered":"<p>[vc_row disable_background_image=&#8220;&#8220;][vc_column][vc_empty_space height=&#8220;100px&#8220;][\/vc_column][\/vc_row][vc_row equal_height=&#8220;yes&#8220; content_placement=&#8220;top&#8220; disable_background_image=&#8220;&#8220;][vc_column width=&#8220;1\/3&#8243; el_class=&#8220;marrone&#8220;][vc_column_text] Schwingarm Gro\u00dffl\u00e4chenregner sind Regner f\u00fcr Dauereinsatz bei schwierigen Arbeitsbedingungen . Das Drehen des Regn- ers erfolgt mit einem , durch den Wurfstrahl angetriebenen schwingenden Arm.[\/vc_column_text][\/vc_column][vc_column width=&#8220;1\/3&#8243; el_class=&#8220;verde&#8220;][vc_column_text] Turbinen \u2013 Gro\u00dffl\u00e4chenregner Gro\u00dffl\u00e4chenregner f\u00fcr Anwendungen, die eine gleichm\u00e4\u00dfige Wasserverteilung mit sehr san- ftem Niederschlag erfordern. [&hellip;]<\/p>\n","protected":false},"author":1,"featured_media":0,"parent":0,"menu_order":0,"comment_status":"closed","ping_status":"closed","template":"","meta":{"inline_featured_image":false,"footnotes":""},"class_list":["post-6764","page","type-page","status-publish","hentry"],"yoast_head":"<!-- This site is optimized with the Yoast SEO plugin v26.1.1 - https:\/\/yoast.com\/wordpress\/plugins\/seo\/ -->\n<title>Produkte - Sime | Regner f\u00fcr mittlere und gro\u00dfe Reichweite<\/title>\n<meta name=\"robots\" content=\"index, follow, max-snippet:-1, max-image-preview:large, max-video-preview:-1\" \/>\n<link rel=\"canonical\" href=\"https:\/\/www.simeirrigation.it\/de\/produkte\/\" \/>\n<meta property=\"og:locale\" content=\"de_DE\" \/>\n<meta property=\"og:type\" content=\"article\" \/>\n<meta property=\"og:title\" content=\"Produkte - Sime | Regner f\u00fcr mittlere und gro\u00dfe Reichweite\" \/>\n<meta property=\"og:description\" content=\"[vc_row disable_background_image=&#8220;&#8220;][vc_column][vc_empty_space height=&#8220;100px&#8220;][\/vc_column][\/vc_row][vc_row equal_height=&#8220;yes&#8220; content_placement=&#8220;top&#8220; disable_background_image=&#8220;&#8220;][vc_column width=&#8220;1\/3&#8243; el_class=&#8220;marrone&#8220;][vc_column_text] Schwingarm Gro\u00dffl\u00e4chenregner sind Regner f\u00fcr Dauereinsatz bei schwierigen Arbeitsbedingungen . Das Drehen des Regn- ers erfolgt mit einem , durch den Wurfstrahl angetriebenen schwingenden Arm.[\/vc_column_text][\/vc_column][vc_column width=&#8220;1\/3&#8243; el_class=&#8220;verde&#8220;][vc_column_text] Turbinen \u2013 Gro\u00dffl\u00e4chenregner Gro\u00dffl\u00e4chenregner f\u00fcr Anwendungen, die eine gleichm\u00e4\u00dfige Wasserverteilung mit sehr san- ftem Niederschlag erfordern. [&hellip;]\" \/>\n<meta property=\"og:url\" content=\"https:\/\/www.simeirrigation.it\/de\/produkte\/\" \/>\n<meta property=\"og:site_name\" content=\"Sime | Regner f\u00fcr mittlere und gro\u00dfe Reichweite\" \/>\n<meta property=\"article:modified_time\" content=\"2023-07-19T14:42:49+00:00\" \/>\n<meta name=\"twitter:card\" content=\"summary_large_image\" \/>\n<meta name=\"twitter:label1\" content=\"Gesch\u00e4tzte Lesezeit\" \/>\n\t<meta name=\"twitter:data1\" content=\"2\u00a0Minuten\" \/>\n<script type=\"application\/ld+json\" class=\"yoast-schema-graph\">{\"@context\":\"https:\/\/schema.org\",\"@graph\":[{\"@type\":\"WebPage\",\"@id\":\"https:\/\/www.simeirrigation.it\/de\/produkte\/\",\"url\":\"https:\/\/www.simeirrigation.it\/de\/produkte\/\",\"name\":\"Produkte - Sime | Regner f\u00fcr mittlere und gro\u00dfe Reichweite\",\"isPartOf\":{\"@id\":\"https:\/\/www.simeirrigation.it\/#website\"},\"datePublished\":\"2022-09-08T11:14:10+00:00\",\"dateModified\":\"2023-07-19T14:42:49+00:00\",\"breadcrumb\":{\"@id\":\"https:\/\/www.simeirrigation.it\/de\/produkte\/#breadcrumb\"},\"inLanguage\":\"de\",\"potentialAction\":[{\"@type\":\"ReadAction\",\"target\":[\"https:\/\/www.simeirrigation.it\/de\/produkte\/\"]}]},{\"@type\":\"BreadcrumbList\",\"@id\":\"https:\/\/www.simeirrigation.it\/de\/produkte\/#breadcrumb\",\"itemListElement\":[{\"@type\":\"ListItem\",\"position\":1,\"name\":\"Home\",\"item\":\"https:\/\/www.simeirrigation.it\/de\/\"},{\"@type\":\"ListItem\",\"position\":2,\"name\":\"Produkte\"}]},{\"@type\":\"WebSite\",\"@id\":\"https:\/\/www.simeirrigation.it\/#website\",\"url\":\"https:\/\/www.simeirrigation.it\/\",\"name\":\"Sime | irrigatori per agricoltura e giardinaggio\",\"description\":\"Regner f\u00fcr mittlere und gro\u00dfe Reichweite\",\"publisher\":{\"@id\":\"https:\/\/www.simeirrigation.it\/#organization\"},\"potentialAction\":[{\"@type\":\"SearchAction\",\"target\":{\"@type\":\"EntryPoint\",\"urlTemplate\":\"https:\/\/www.simeirrigation.it\/?s={search_term_string}\"},\"query-input\":{\"@type\":\"PropertyValueSpecification\",\"valueRequired\":true,\"valueName\":\"search_term_string\"}}],\"inLanguage\":\"de\"},{\"@type\":\"Organization\",\"@id\":\"https:\/\/www.simeirrigation.it\/#organization\",\"name\":\"Sime | irrigatori per agricoltura e giardinaggio\",\"url\":\"https:\/\/www.simeirrigation.it\/\",\"logo\":{\"@type\":\"ImageObject\",\"inLanguage\":\"de\",\"@id\":\"https:\/\/www.simeirrigation.it\/#\/schema\/logo\/image\/\",\"url\":\"https:\/\/www.simeirrigation.it\/wp-content\/uploads\/2022\/06\/LogoSime_rosso.png\",\"contentUrl\":\"https:\/\/www.simeirrigation.it\/wp-content\/uploads\/2022\/06\/LogoSime_rosso.png\",\"width\":237,\"height\":237,\"caption\":\"Sime | irrigatori per agricoltura e giardinaggio\"},\"image\":{\"@id\":\"https:\/\/www.simeirrigation.it\/#\/schema\/logo\/image\/\"}}]}<\/script>\n<!-- \/ Yoast SEO plugin. -->","yoast_head_json":{"title":"Produkte - Sime | Regner f\u00fcr mittlere und gro\u00dfe Reichweite","robots":{"index":"index","follow":"follow","max-snippet":"max-snippet:-1","max-image-preview":"max-image-preview:large","max-video-preview":"max-video-preview:-1"},"canonical":"https:\/\/www.simeirrigation.it\/de\/produkte\/","og_locale":"de_DE","og_type":"article","og_title":"Produkte - Sime | Regner f\u00fcr mittlere und gro\u00dfe Reichweite","og_description":"[vc_row disable_background_image=&#8220;&#8220;][vc_column][vc_empty_space height=&#8220;100px&#8220;][\/vc_column][\/vc_row][vc_row equal_height=&#8220;yes&#8220; content_placement=&#8220;top&#8220; disable_background_image=&#8220;&#8220;][vc_column width=&#8220;1\/3&#8243; el_class=&#8220;marrone&#8220;][vc_column_text] Schwingarm Gro\u00dffl\u00e4chenregner sind Regner f\u00fcr Dauereinsatz bei schwierigen Arbeitsbedingungen . Das Drehen des Regn- ers erfolgt mit einem , durch den Wurfstrahl angetriebenen schwingenden Arm.[\/vc_column_text][\/vc_column][vc_column width=&#8220;1\/3&#8243; el_class=&#8220;verde&#8220;][vc_column_text] Turbinen \u2013 Gro\u00dffl\u00e4chenregner Gro\u00dffl\u00e4chenregner f\u00fcr Anwendungen, die eine gleichm\u00e4\u00dfige Wasserverteilung mit sehr san- ftem Niederschlag erfordern. [&hellip;]","og_url":"https:\/\/www.simeirrigation.it\/de\/produkte\/","og_site_name":"Sime | Regner f\u00fcr mittlere und gro\u00dfe Reichweite","article_modified_time":"2023-07-19T14:42:49+00:00","twitter_card":"summary_large_image","twitter_misc":{"Gesch\u00e4tzte Lesezeit":"2\u00a0Minuten"},"schema":{"@context":"https:\/\/schema.org","@graph":[{"@type":"WebPage","@id":"https:\/\/www.simeirrigation.it\/de\/produkte\/","url":"https:\/\/www.simeirrigation.it\/de\/produkte\/","name":"Produkte - Sime | Regner f\u00fcr mittlere und gro\u00dfe Reichweite","isPartOf":{"@id":"https:\/\/www.simeirrigation.it\/#website"},"datePublished":"2022-09-08T11:14:10+00:00","dateModified":"2023-07-19T14:42:49+00:00","breadcrumb":{"@id":"https:\/\/www.simeirrigation.it\/de\/produkte\/#breadcrumb"},"inLanguage":"de","potentialAction":[{"@type":"ReadAction","target":["https:\/\/www.simeirrigation.it\/de\/produkte\/"]}]},{"@type":"BreadcrumbList","@id":"https:\/\/www.simeirrigation.it\/de\/produkte\/#breadcrumb","itemListElement":[{"@type":"ListItem","position":1,"name":"Home","item":"https:\/\/www.simeirrigation.it\/de\/"},{"@type":"ListItem","position":2,"name":"Produkte"}]},{"@type":"WebSite","@id":"https:\/\/www.simeirrigation.it\/#website","url":"https:\/\/www.simeirrigation.it\/","name":"Sime | irrigatori per agricoltura e giardinaggio","description":"Regner f\u00fcr mittlere und gro\u00dfe Reichweite","publisher":{"@id":"https:\/\/www.simeirrigation.it\/#organization"},"potentialAction":[{"@type":"SearchAction","target":{"@type":"EntryPoint","urlTemplate":"https:\/\/www.simeirrigation.it\/?s={search_term_string}"},"query-input":{"@type":"PropertyValueSpecification","valueRequired":true,"valueName":"search_term_string"}}],"inLanguage":"de"},{"@type":"Organization","@id":"https:\/\/www.simeirrigation.it\/#organization","name":"Sime | irrigatori per agricoltura e giardinaggio","url":"https:\/\/www.simeirrigation.it\/","logo":{"@type":"ImageObject","inLanguage":"de","@id":"https:\/\/www.simeirrigation.it\/#\/schema\/logo\/image\/","url":"https:\/\/www.simeirrigation.it\/wp-content\/uploads\/2022\/06\/LogoSime_rosso.png","contentUrl":"https:\/\/www.simeirrigation.it\/wp-content\/uploads\/2022\/06\/LogoSime_rosso.png","width":237,"height":237,"caption":"Sime | irrigatori per agricoltura e giardinaggio"},"image":{"@id":"https:\/\/www.simeirrigation.it\/#\/schema\/logo\/image\/"}}]}},"_links":{"self":[{"href":"https:\/\/www.simeirrigation.it\/de\/wp-json\/wp\/v2\/pages\/6764","targetHints":{"allow":["GET"]}}],"collection":[{"href":"https:\/\/www.simeirrigation.it\/de\/wp-json\/wp\/v2\/pages"}],"about":[{"href":"https:\/\/www.simeirrigation.it\/de\/wp-json\/wp\/v2\/types\/page"}],"author":[{"embeddable":true,"href":"https:\/\/www.simeirrigation.it\/de\/wp-json\/wp\/v2\/users\/1"}],"replies":[{"embeddable":true,"href":"https:\/\/www.simeirrigation.it\/de\/wp-json\/wp\/v2\/comments?post=6764"}],"version-history":[{"count":0,"href":"https:\/\/www.simeirrigation.it\/de\/wp-json\/wp\/v2\/pages\/6764\/revisions"}],"wp:attachment":[{"href":"https:\/\/www.simeirrigation.it\/de\/wp-json\/wp\/v2\/media?parent=6764"}],"curies":[{"name":"wp","href":"https:\/\/api.w.org\/{rel}","templated":true}]}}