{"id":6770,"date":"2022-11-06T22:04:35","date_gmt":"2022-11-06T21:04:35","guid":{"rendered":"https:\/\/www.simeirrigation.it\/rotorkit\/"},"modified":"2023-02-03T16:33:09","modified_gmt":"2023-02-03T15:33:09","slug":"rotorkit","status":"publish","type":"page","link":"https:\/\/www.simeirrigation.it\/de\/rotorkit\/","title":{"rendered":"Rotorkit\u00ae"},"content":{"rendered":"<div class=\"wpb-content-wrapper\"><p>[vc_row full_height=&#8220;yes&#8220; content_placement=&#8220;middle&#8220; css_animation=&#8220;fadeIn&#8220; disable_background_image=&#8220;&#8220;][vc_column]<div class=\"mkdf-section-title-holder    mkdf-has-appear-animation\" >\n\t<div class=\"mkdf-st-inner\">\n\t\t\t\t\t\t<h3 class=\"mkdf-st-title\" >\n\t\t\t\t\t\t\t\t\tMechanische Steuerung f\u00fcr den automatischen Wechsel des Beregnungssektors nach einer gew\u00fcnschten Betriebsdauer\t\t\t\t\t\t\t<\/h3>\n\t\t\t\t\t\t\t<p class=\"mkdf-st-text\" style=\"font-weight: 300\">\n\t\t\t\tDiese Systeme wurden von SIME entwickelt und patentiert, um Landwirten das Problem der Bereg- nung mit Beregnungsmaschine bei unregelm\u00e4\u00dfigen Feldgrenzen zu l\u00f6sen.<br \/>\nTats\u00e4chlich k\u00f6nnen die mit dem Rotorkit-System ausgestatteten Sime Regner in der N\u00e4he von Stra\u00dfen, Eisenbahnen oder Geb\u00e4uden in Feldn\u00e4he so eingestellt werden, dass der Beregnungssektor nach einer vorgegebenen Zeit automatisch verstellt wird und nur dort bew\u00e4ssert wird, wo es n\u00f6tig ist.\t\t\t<\/p>\n\t\t\t\t\t<\/div>\n<\/div>[vc_empty_space][vc_btn title=&#8220;Zeitplan herunterladen Rotorkit\u00ae&#8220; style=&#8220;flat&#8220; shape=&#8220;round&#8220; color=&#8220;danger&#8220; size=&#8220;lg&#8220; align=&#8220;center&#8220; i_icon_fontawesome=&#8220;fas fa-download&#8220; css_animation=&#8220;fadeInDown&#8220; add_icon=&#8220;true&#8220; css=&#8220;.vc_custom_1675438384739{margin-top: 20px !important;border-top-width: 100px !important;}&#8220; link=&#8220;url:https%3A%2F%2Fwww.simeirrigation.it%2Fwp-content%2Fuploads%2F2023%2F02%2FRotorkit_frade.pdf|target:_blank&#8220;][\/vc_column][\/vc_row]<\/p>\n<\/div>","protected":false},"excerpt":{"rendered":"<p>[vc_row full_height=&#8220;yes&#8220; content_placement=&#8220;middle&#8220; css_animation=&#8220;fadeIn&#8220; disable_background_image=&#8220;&#8220;][vc_column][vc_empty_space][vc_btn title=&#8220;Zeitplan herunterladen Rotorkit\u00ae&#8220; style=&#8220;flat&#8220; shape=&#8220;round&#8220; color=&#8220;danger&#8220; size=&#8220;lg&#8220; align=&#8220;center&#8220; i_icon_fontawesome=&#8220;fas fa-download&#8220; css_animation=&#8220;fadeInDown&#8220; add_icon=&#8220;true&#8220; css=&#8220;.vc_custom_1675438384739{margin-top: 20px !important;border-top-width: 100px !important;}&#8220; link=&#8220;url:https%3A%2F%2Fwww.simeirrigation.it%2Fwp-content%2Fuploads%2F2023%2F02%2FRotorkit_frade.pdf|target:_blank&#8220;][\/vc_column][\/vc_row]<\/p>\n","protected":false},"author":2,"featured_media":0,"parent":0,"menu_order":0,"comment_status":"closed","ping_status":"closed","template":"","meta":{"inline_featured_image":false,"footnotes":""},"class_list":["post-6770","page","type-page","status-publish","hentry"],"yoast_head":"<!-- This site is optimized with the Yoast SEO plugin v26.1.1 - https:\/\/yoast.com\/wordpress\/plugins\/seo\/ -->\n<title>Rotorkit\u00ae - Sime | Regner f\u00fcr mittlere und gro\u00dfe Reichweite<\/title>\n<meta name=\"robots\" content=\"index, follow, max-snippet:-1, max-image-preview:large, max-video-preview:-1\" \/>\n<link rel=\"canonical\" href=\"https:\/\/www.simeirrigation.it\/de\/rotorkit\/\" \/>\n<meta property=\"og:locale\" content=\"de_DE\" \/>\n<meta property=\"og:type\" content=\"article\" \/>\n<meta property=\"og:title\" content=\"Rotorkit\u00ae - Sime | Regner f\u00fcr mittlere und gro\u00dfe Reichweite\" \/>\n<meta property=\"og:description\" content=\"[vc_row full_height=&#8220;yes&#8220; content_placement=&#8220;middle&#8220; css_animation=&#8220;fadeIn&#8220; disable_background_image=&#8220;&#8220;][vc_column][vc_empty_space][vc_btn title=&#8220;Zeitplan herunterladen Rotorkit\u00ae&#8220; style=&#8220;flat&#8220; shape=&#8220;round&#8220; color=&#8220;danger&#8220; size=&#8220;lg&#8220; align=&#8220;center&#8220; i_icon_fontawesome=&#8220;fas fa-download&#8220; css_animation=&#8220;fadeInDown&#8220; add_icon=&#8220;true&#8220; css=&#8220;.vc_custom_1675438384739{margin-top: 20px !important;border-top-width: 100px !important;}&#8220; link=&#8220;url:https%3A%2F%2Fwww.simeirrigation.it%2Fwp-content%2Fuploads%2F2023%2F02%2FRotorkit_frade.pdf|target:_blank&#8220;][\/vc_column][\/vc_row]\" \/>\n<meta property=\"og:url\" content=\"https:\/\/www.simeirrigation.it\/de\/rotorkit\/\" \/>\n<meta property=\"og:site_name\" content=\"Sime | Regner f\u00fcr mittlere und gro\u00dfe Reichweite\" \/>\n<meta property=\"article:modified_time\" content=\"2023-02-03T15:33:09+00:00\" \/>\n<meta name=\"twitter:card\" content=\"summary_large_image\" \/>\n<meta name=\"twitter:label1\" content=\"Gesch\u00e4tzte Lesezeit\" \/>\n\t<meta name=\"twitter:data1\" content=\"1\u00a0Minute\" \/>\n<script type=\"application\/ld+json\" class=\"yoast-schema-graph\">{\"@context\":\"https:\/\/schema.org\",\"@graph\":[{\"@type\":\"WebPage\",\"@id\":\"https:\/\/www.simeirrigation.it\/de\/rotorkit\/\",\"url\":\"https:\/\/www.simeirrigation.it\/de\/rotorkit\/\",\"name\":\"Rotorkit\u00ae - Sime | Regner f\u00fcr mittlere und gro\u00dfe Reichweite\",\"isPartOf\":{\"@id\":\"https:\/\/www.simeirrigation.it\/#website\"},\"datePublished\":\"2022-11-06T21:04:35+00:00\",\"dateModified\":\"2023-02-03T15:33:09+00:00\",\"breadcrumb\":{\"@id\":\"https:\/\/www.simeirrigation.it\/de\/rotorkit\/#breadcrumb\"},\"inLanguage\":\"de\",\"potentialAction\":[{\"@type\":\"ReadAction\",\"target\":[\"https:\/\/www.simeirrigation.it\/de\/rotorkit\/\"]}]},{\"@type\":\"BreadcrumbList\",\"@id\":\"https:\/\/www.simeirrigation.it\/de\/rotorkit\/#breadcrumb\",\"itemListElement\":[{\"@type\":\"ListItem\",\"position\":1,\"name\":\"Home\",\"item\":\"https:\/\/www.simeirrigation.it\/de\/\"},{\"@type\":\"ListItem\",\"position\":2,\"name\":\"Rotorkit\u00ae\"}]},{\"@type\":\"WebSite\",\"@id\":\"https:\/\/www.simeirrigation.it\/#website\",\"url\":\"https:\/\/www.simeirrigation.it\/\",\"name\":\"Sime | irrigatori per agricoltura e giardinaggio\",\"description\":\"Regner f\u00fcr mittlere und gro\u00dfe Reichweite\",\"publisher\":{\"@id\":\"https:\/\/www.simeirrigation.it\/#organization\"},\"potentialAction\":[{\"@type\":\"SearchAction\",\"target\":{\"@type\":\"EntryPoint\",\"urlTemplate\":\"https:\/\/www.simeirrigation.it\/?s={search_term_string}\"},\"query-input\":{\"@type\":\"PropertyValueSpecification\",\"valueRequired\":true,\"valueName\":\"search_term_string\"}}],\"inLanguage\":\"de\"},{\"@type\":\"Organization\",\"@id\":\"https:\/\/www.simeirrigation.it\/#organization\",\"name\":\"Sime | irrigatori per agricoltura e giardinaggio\",\"url\":\"https:\/\/www.simeirrigation.it\/\",\"logo\":{\"@type\":\"ImageObject\",\"inLanguage\":\"de\",\"@id\":\"https:\/\/www.simeirrigation.it\/#\/schema\/logo\/image\/\",\"url\":\"https:\/\/www.simeirrigation.it\/wp-content\/uploads\/2022\/06\/LogoSime_rosso.png\",\"contentUrl\":\"https:\/\/www.simeirrigation.it\/wp-content\/uploads\/2022\/06\/LogoSime_rosso.png\",\"width\":237,\"height\":237,\"caption\":\"Sime | irrigatori per agricoltura e giardinaggio\"},\"image\":{\"@id\":\"https:\/\/www.simeirrigation.it\/#\/schema\/logo\/image\/\"}}]}<\/script>\n<!-- \/ Yoast SEO plugin. -->","yoast_head_json":{"title":"Rotorkit\u00ae - Sime | Regner f\u00fcr mittlere und gro\u00dfe Reichweite","robots":{"index":"index","follow":"follow","max-snippet":"max-snippet:-1","max-image-preview":"max-image-preview:large","max-video-preview":"max-video-preview:-1"},"canonical":"https:\/\/www.simeirrigation.it\/de\/rotorkit\/","og_locale":"de_DE","og_type":"article","og_title":"Rotorkit\u00ae - Sime | Regner f\u00fcr mittlere und gro\u00dfe Reichweite","og_description":"[vc_row full_height=&#8220;yes&#8220; content_placement=&#8220;middle&#8220; css_animation=&#8220;fadeIn&#8220; disable_background_image=&#8220;&#8220;][vc_column][vc_empty_space][vc_btn title=&#8220;Zeitplan herunterladen Rotorkit\u00ae&#8220; style=&#8220;flat&#8220; shape=&#8220;round&#8220; color=&#8220;danger&#8220; size=&#8220;lg&#8220; align=&#8220;center&#8220; i_icon_fontawesome=&#8220;fas fa-download&#8220; css_animation=&#8220;fadeInDown&#8220; add_icon=&#8220;true&#8220; css=&#8220;.vc_custom_1675438384739{margin-top: 20px !important;border-top-width: 100px !important;}&#8220; link=&#8220;url:https%3A%2F%2Fwww.simeirrigation.it%2Fwp-content%2Fuploads%2F2023%2F02%2FRotorkit_frade.pdf|target:_blank&#8220;][\/vc_column][\/vc_row]","og_url":"https:\/\/www.simeirrigation.it\/de\/rotorkit\/","og_site_name":"Sime | Regner f\u00fcr mittlere und gro\u00dfe Reichweite","article_modified_time":"2023-02-03T15:33:09+00:00","twitter_card":"summary_large_image","twitter_misc":{"Gesch\u00e4tzte Lesezeit":"1\u00a0Minute"},"schema":{"@context":"https:\/\/schema.org","@graph":[{"@type":"WebPage","@id":"https:\/\/www.simeirrigation.it\/de\/rotorkit\/","url":"https:\/\/www.simeirrigation.it\/de\/rotorkit\/","name":"Rotorkit\u00ae - Sime | Regner f\u00fcr mittlere und gro\u00dfe Reichweite","isPartOf":{"@id":"https:\/\/www.simeirrigation.it\/#website"},"datePublished":"2022-11-06T21:04:35+00:00","dateModified":"2023-02-03T15:33:09+00:00","breadcrumb":{"@id":"https:\/\/www.simeirrigation.it\/de\/rotorkit\/#breadcrumb"},"inLanguage":"de","potentialAction":[{"@type":"ReadAction","target":["https:\/\/www.simeirrigation.it\/de\/rotorkit\/"]}]},{"@type":"BreadcrumbList","@id":"https:\/\/www.simeirrigation.it\/de\/rotorkit\/#breadcrumb","itemListElement":[{"@type":"ListItem","position":1,"name":"Home","item":"https:\/\/www.simeirrigation.it\/de\/"},{"@type":"ListItem","position":2,"name":"Rotorkit\u00ae"}]},{"@type":"WebSite","@id":"https:\/\/www.simeirrigation.it\/#website","url":"https:\/\/www.simeirrigation.it\/","name":"Sime | irrigatori per agricoltura e giardinaggio","description":"Regner f\u00fcr mittlere und gro\u00dfe Reichweite","publisher":{"@id":"https:\/\/www.simeirrigation.it\/#organization"},"potentialAction":[{"@type":"SearchAction","target":{"@type":"EntryPoint","urlTemplate":"https:\/\/www.simeirrigation.it\/?s={search_term_string}"},"query-input":{"@type":"PropertyValueSpecification","valueRequired":true,"valueName":"search_term_string"}}],"inLanguage":"de"},{"@type":"Organization","@id":"https:\/\/www.simeirrigation.it\/#organization","name":"Sime | irrigatori per agricoltura e giardinaggio","url":"https:\/\/www.simeirrigation.it\/","logo":{"@type":"ImageObject","inLanguage":"de","@id":"https:\/\/www.simeirrigation.it\/#\/schema\/logo\/image\/","url":"https:\/\/www.simeirrigation.it\/wp-content\/uploads\/2022\/06\/LogoSime_rosso.png","contentUrl":"https:\/\/www.simeirrigation.it\/wp-content\/uploads\/2022\/06\/LogoSime_rosso.png","width":237,"height":237,"caption":"Sime | irrigatori per agricoltura e giardinaggio"},"image":{"@id":"https:\/\/www.simeirrigation.it\/#\/schema\/logo\/image\/"}}]}},"_links":{"self":[{"href":"https:\/\/www.simeirrigation.it\/de\/wp-json\/wp\/v2\/pages\/6770","targetHints":{"allow":["GET"]}}],"collection":[{"href":"https:\/\/www.simeirrigation.it\/de\/wp-json\/wp\/v2\/pages"}],"about":[{"href":"https:\/\/www.simeirrigation.it\/de\/wp-json\/wp\/v2\/types\/page"}],"author":[{"embeddable":true,"href":"https:\/\/www.simeirrigation.it\/de\/wp-json\/wp\/v2\/users\/2"}],"replies":[{"embeddable":true,"href":"https:\/\/www.simeirrigation.it\/de\/wp-json\/wp\/v2\/comments?post=6770"}],"version-history":[{"count":0,"href":"https:\/\/www.simeirrigation.it\/de\/wp-json\/wp\/v2\/pages\/6770\/revisions"}],"wp:attachment":[{"href":"https:\/\/www.simeirrigation.it\/de\/wp-json\/wp\/v2\/media?parent=6770"}],"curies":[{"name":"wp","href":"https:\/\/api.w.org\/{rel}","templated":true}]}}