{"id":6631,"date":"2022-11-07T23:38:26","date_gmt":"2022-11-07T22:38:26","guid":{"rendered":"https:\/\/www.simeirrigation.it\/irrigatore\/greenmap\/"},"modified":"2025-10-21T16:45:54","modified_gmt":"2025-10-21T14:45:54","slug":"greenmap","status":"publish","type":"product","link":"https:\/\/www.simeirrigation.it\/de\/berieselungsanlage\/greenmap\/","title":{"rendered":"Greenmap"},"content":{"rendered":"","protected":false},"excerpt":{"rendered":"<div class=\"page\" title=\"Page 39\">\n<div class=\"layoutArea\">\n<div class=\"column\">\n<p>Gro\u00dffla\u0308chenregner mit Elektroantrieb und mit GPS mit gro\u00dfer Reichweite<\/p>\n<\/div>\n<\/div>\n<\/div>\n","protected":false},"featured_media":7762,"template":"","meta":{"inline_featured_image":false},"product_brand":[],"product_cat":[134],"product_tag":[148],"class_list":{"0":"post-6631","1":"product","2":"type-product","3":"status-publish","4":"has-post-thumbnail","6":"product_cat-elektrische-grosflachenregner","7":"product_tag-beregnungsmaschine","9":"first","10":"instock","11":"shipping-taxable","12":"product-type-simple"},"yoast_head":"<!-- This site is optimized with the Yoast SEO plugin v26.1.1 - https:\/\/yoast.com\/wordpress\/plugins\/seo\/ -->\n<title>Elektrische regner - Greenmap | Sime irrigatori<\/title>\n<meta name=\"description\" content=\"Elektrische regner Greenmap. Regner f\u00fcr mittlere und gro\u00dfe Reichweite. Kapazit\u00e4t 52.5 - 88 m. Wurfweite 1171 - 3723 l\/min.\" \/>\n<meta name=\"robots\" content=\"index, follow, max-snippet:-1, max-image-preview:large, max-video-preview:-1\" \/>\n<link rel=\"canonical\" href=\"https:\/\/www.simeirrigation.it\/de\/berieselungsanlage\/greenmap\/\" \/>\n<meta property=\"og:locale\" content=\"de_DE\" \/>\n<meta property=\"og:type\" content=\"article\" \/>\n<meta property=\"og:title\" content=\"Elektrische regner - Greenmap | Sime irrigatori\" \/>\n<meta property=\"og:description\" content=\"Elektrische regner Greenmap. Regner f\u00fcr mittlere und gro\u00dfe Reichweite. Kapazit\u00e4t 52.5 - 88 m. Wurfweite 1171 - 3723 l\/min.\" \/>\n<meta property=\"og:url\" content=\"https:\/\/www.simeirrigation.it\/de\/berieselungsanlage\/greenmap\/\" \/>\n<meta property=\"og:site_name\" content=\"Sime | Regner f\u00fcr mittlere und gro\u00dfe Reichweite\" \/>\n<meta property=\"article:modified_time\" content=\"2025-10-21T14:45:54+00:00\" \/>\n<meta property=\"og:image\" content=\"https:\/\/www.simeirrigation.it\/wp-content\/uploads\/2022\/11\/GREENMAP_upd.png\" \/>\n\t<meta property=\"og:image:width\" content=\"1600\" \/>\n\t<meta property=\"og:image:height\" content=\"1600\" \/>\n\t<meta property=\"og:image:type\" content=\"image\/png\" \/>\n<meta name=\"twitter:card\" content=\"summary_large_image\" \/>\n<script type=\"application\/ld+json\" class=\"yoast-schema-graph\">{\"@context\":\"https:\/\/schema.org\",\"@graph\":[{\"@type\":\"WebPage\",\"@id\":\"https:\/\/www.simeirrigation.it\/de\/berieselungsanlage\/greenmap\/\",\"url\":\"https:\/\/www.simeirrigation.it\/de\/berieselungsanlage\/greenmap\/\",\"name\":\"Elektrische regner - Greenmap | Sime irrigatori\",\"isPartOf\":{\"@id\":\"https:\/\/www.simeirrigation.it\/#website\"},\"primaryImageOfPage\":{\"@id\":\"https:\/\/www.simeirrigation.it\/de\/berieselungsanlage\/greenmap\/#primaryimage\"},\"image\":{\"@id\":\"https:\/\/www.simeirrigation.it\/de\/berieselungsanlage\/greenmap\/#primaryimage\"},\"thumbnailUrl\":\"https:\/\/www.simeirrigation.it\/wp-content\/uploads\/2022\/11\/GREENMAP_upd.png\",\"datePublished\":\"2022-11-07T22:38:26+00:00\",\"dateModified\":\"2025-10-21T14:45:54+00:00\",\"description\":\"Elektrische regner Greenmap. Regner f\u00fcr mittlere und gro\u00dfe Reichweite. Kapazit\u00e4t 52.5 - 88 m. Wurfweite 1171 - 3723 l\/min.\",\"breadcrumb\":{\"@id\":\"https:\/\/www.simeirrigation.it\/de\/berieselungsanlage\/greenmap\/#breadcrumb\"},\"inLanguage\":\"de\",\"potentialAction\":[{\"@type\":\"ReadAction\",\"target\":[\"https:\/\/www.simeirrigation.it\/de\/berieselungsanlage\/greenmap\/\"]}]},{\"@type\":\"ImageObject\",\"inLanguage\":\"de\",\"@id\":\"https:\/\/www.simeirrigation.it\/de\/berieselungsanlage\/greenmap\/#primaryimage\",\"url\":\"https:\/\/www.simeirrigation.it\/wp-content\/uploads\/2022\/11\/GREENMAP_upd.png\",\"contentUrl\":\"https:\/\/www.simeirrigation.it\/wp-content\/uploads\/2022\/11\/GREENMAP_upd.png\",\"width\":1600,\"height\":1600},{\"@type\":\"BreadcrumbList\",\"@id\":\"https:\/\/www.simeirrigation.it\/de\/berieselungsanlage\/greenmap\/#breadcrumb\",\"itemListElement\":[{\"@type\":\"ListItem\",\"position\":1,\"name\":\"Home\",\"item\":\"https:\/\/www.simeirrigation.it\/de\/\"},{\"@type\":\"ListItem\",\"position\":2,\"name\":\"Prodotti\",\"item\":\"https:\/\/www.simeirrigation.it\/shop__trashed\/\"},{\"@type\":\"ListItem\",\"position\":3,\"name\":\"Greenmap\"}]},{\"@type\":\"WebSite\",\"@id\":\"https:\/\/www.simeirrigation.it\/#website\",\"url\":\"https:\/\/www.simeirrigation.it\/\",\"name\":\"Sime | irrigatori per agricoltura e giardinaggio\",\"description\":\"Regner f\u00fcr mittlere und gro\u00dfe Reichweite\",\"publisher\":{\"@id\":\"https:\/\/www.simeirrigation.it\/#organization\"},\"potentialAction\":[{\"@type\":\"SearchAction\",\"target\":{\"@type\":\"EntryPoint\",\"urlTemplate\":\"https:\/\/www.simeirrigation.it\/?s={search_term_string}\"},\"query-input\":{\"@type\":\"PropertyValueSpecification\",\"valueRequired\":true,\"valueName\":\"search_term_string\"}}],\"inLanguage\":\"de\"},{\"@type\":\"Organization\",\"@id\":\"https:\/\/www.simeirrigation.it\/#organization\",\"name\":\"Sime | irrigatori per agricoltura e giardinaggio\",\"url\":\"https:\/\/www.simeirrigation.it\/\",\"logo\":{\"@type\":\"ImageObject\",\"inLanguage\":\"de\",\"@id\":\"https:\/\/www.simeirrigation.it\/#\/schema\/logo\/image\/\",\"url\":\"https:\/\/www.simeirrigation.it\/wp-content\/uploads\/2022\/06\/LogoSime_rosso.png\",\"contentUrl\":\"https:\/\/www.simeirrigation.it\/wp-content\/uploads\/2022\/06\/LogoSime_rosso.png\",\"width\":237,\"height\":237,\"caption\":\"Sime | irrigatori per agricoltura e giardinaggio\"},\"image\":{\"@id\":\"https:\/\/www.simeirrigation.it\/#\/schema\/logo\/image\/\"}}]}<\/script>\n<!-- \/ Yoast SEO plugin. -->","yoast_head_json":{"title":"Elektrische regner - Greenmap | Sime irrigatori","description":"Elektrische regner Greenmap. Regner f\u00fcr mittlere und gro\u00dfe Reichweite. Kapazit\u00e4t 52.5 - 88 m. Wurfweite 1171 - 3723 l\/min.","robots":{"index":"index","follow":"follow","max-snippet":"max-snippet:-1","max-image-preview":"max-image-preview:large","max-video-preview":"max-video-preview:-1"},"canonical":"https:\/\/www.simeirrigation.it\/de\/berieselungsanlage\/greenmap\/","og_locale":"de_DE","og_type":"article","og_title":"Elektrische regner - Greenmap | Sime irrigatori","og_description":"Elektrische regner Greenmap. Regner f\u00fcr mittlere und gro\u00dfe Reichweite. Kapazit\u00e4t 52.5 - 88 m. Wurfweite 1171 - 3723 l\/min.","og_url":"https:\/\/www.simeirrigation.it\/de\/berieselungsanlage\/greenmap\/","og_site_name":"Sime | Regner f\u00fcr mittlere und gro\u00dfe Reichweite","article_modified_time":"2025-10-21T14:45:54+00:00","og_image":[{"width":1600,"height":1600,"url":"https:\/\/www.simeirrigation.it\/wp-content\/uploads\/2022\/11\/GREENMAP_upd.png","type":"image\/png"}],"twitter_card":"summary_large_image","schema":{"@context":"https:\/\/schema.org","@graph":[{"@type":"WebPage","@id":"https:\/\/www.simeirrigation.it\/de\/berieselungsanlage\/greenmap\/","url":"https:\/\/www.simeirrigation.it\/de\/berieselungsanlage\/greenmap\/","name":"Elektrische regner - Greenmap | Sime irrigatori","isPartOf":{"@id":"https:\/\/www.simeirrigation.it\/#website"},"primaryImageOfPage":{"@id":"https:\/\/www.simeirrigation.it\/de\/berieselungsanlage\/greenmap\/#primaryimage"},"image":{"@id":"https:\/\/www.simeirrigation.it\/de\/berieselungsanlage\/greenmap\/#primaryimage"},"thumbnailUrl":"https:\/\/www.simeirrigation.it\/wp-content\/uploads\/2022\/11\/GREENMAP_upd.png","datePublished":"2022-11-07T22:38:26+00:00","dateModified":"2025-10-21T14:45:54+00:00","description":"Elektrische regner Greenmap. Regner f\u00fcr mittlere und gro\u00dfe Reichweite. Kapazit\u00e4t 52.5 - 88 m. Wurfweite 1171 - 3723 l\/min.","breadcrumb":{"@id":"https:\/\/www.simeirrigation.it\/de\/berieselungsanlage\/greenmap\/#breadcrumb"},"inLanguage":"de","potentialAction":[{"@type":"ReadAction","target":["https:\/\/www.simeirrigation.it\/de\/berieselungsanlage\/greenmap\/"]}]},{"@type":"ImageObject","inLanguage":"de","@id":"https:\/\/www.simeirrigation.it\/de\/berieselungsanlage\/greenmap\/#primaryimage","url":"https:\/\/www.simeirrigation.it\/wp-content\/uploads\/2022\/11\/GREENMAP_upd.png","contentUrl":"https:\/\/www.simeirrigation.it\/wp-content\/uploads\/2022\/11\/GREENMAP_upd.png","width":1600,"height":1600},{"@type":"BreadcrumbList","@id":"https:\/\/www.simeirrigation.it\/de\/berieselungsanlage\/greenmap\/#breadcrumb","itemListElement":[{"@type":"ListItem","position":1,"name":"Home","item":"https:\/\/www.simeirrigation.it\/de\/"},{"@type":"ListItem","position":2,"name":"Prodotti","item":"https:\/\/www.simeirrigation.it\/shop__trashed\/"},{"@type":"ListItem","position":3,"name":"Greenmap"}]},{"@type":"WebSite","@id":"https:\/\/www.simeirrigation.it\/#website","url":"https:\/\/www.simeirrigation.it\/","name":"Sime | irrigatori per agricoltura e giardinaggio","description":"Regner f\u00fcr mittlere und gro\u00dfe Reichweite","publisher":{"@id":"https:\/\/www.simeirrigation.it\/#organization"},"potentialAction":[{"@type":"SearchAction","target":{"@type":"EntryPoint","urlTemplate":"https:\/\/www.simeirrigation.it\/?s={search_term_string}"},"query-input":{"@type":"PropertyValueSpecification","valueRequired":true,"valueName":"search_term_string"}}],"inLanguage":"de"},{"@type":"Organization","@id":"https:\/\/www.simeirrigation.it\/#organization","name":"Sime | irrigatori per agricoltura e giardinaggio","url":"https:\/\/www.simeirrigation.it\/","logo":{"@type":"ImageObject","inLanguage":"de","@id":"https:\/\/www.simeirrigation.it\/#\/schema\/logo\/image\/","url":"https:\/\/www.simeirrigation.it\/wp-content\/uploads\/2022\/06\/LogoSime_rosso.png","contentUrl":"https:\/\/www.simeirrigation.it\/wp-content\/uploads\/2022\/06\/LogoSime_rosso.png","width":237,"height":237,"caption":"Sime | irrigatori per agricoltura e giardinaggio"},"image":{"@id":"https:\/\/www.simeirrigation.it\/#\/schema\/logo\/image\/"}}]}},"_links":{"self":[{"href":"https:\/\/www.simeirrigation.it\/de\/wp-json\/wp\/v2\/product\/6631","targetHints":{"allow":["GET"]}}],"collection":[{"href":"https:\/\/www.simeirrigation.it\/de\/wp-json\/wp\/v2\/product"}],"about":[{"href":"https:\/\/www.simeirrigation.it\/de\/wp-json\/wp\/v2\/types\/product"}],"wp:featuredmedia":[{"embeddable":true,"href":"https:\/\/www.simeirrigation.it\/de\/wp-json\/wp\/v2\/media\/7762"}],"wp:attachment":[{"href":"https:\/\/www.simeirrigation.it\/de\/wp-json\/wp\/v2\/media?parent=6631"}],"wp:term":[{"taxonomy":"product_brand","embeddable":true,"href":"https:\/\/www.simeirrigation.it\/de\/wp-json\/wp\/v2\/product_brand?post=6631"},{"taxonomy":"product_cat","embeddable":true,"href":"https:\/\/www.simeirrigation.it\/de\/wp-json\/wp\/v2\/product_cat?post=6631"},{"taxonomy":"product_tag","embeddable":true,"href":"https:\/\/www.simeirrigation.it\/de\/wp-json\/wp\/v2\/product_tag?post=6631"}],"curies":[{"name":"wp","href":"https:\/\/api.w.org\/{rel}","templated":true}]}}