{"id":6318,"date":"2022-06-24T11:01:52","date_gmt":"2022-06-24T09:01:52","guid":{"rendered":"https:\/\/www.simeirrigation.it\/empresa\/"},"modified":"2025-07-07T15:38:07","modified_gmt":"2025-07-07T13:38:07","slug":"empresa","status":"publish","type":"page","link":"https:\/\/www.simeirrigation.it\/es\/empresa\/","title":{"rendered":"Empresa"},"content":{"rendered":"<div class=\"wpb-content-wrapper\"><p>[vc_row row_content_width=\u00bbgrid\u00bb disable_background_image=\u00bb\u00bb simple_background_image=\u00bb7492&#8243; css=\u00bb.vc_custom_1751894212472{padding-top: 15% !important;padding-bottom: 15% !important;}\u00bb simple_background_color=\u00bb#000000&#8243;][vc_column][vc_row_inner equal_height=\u00bbyes\u00bb content_placement=\u00bbmiddle\u00bb gap=\u00bb35&#8243;][vc_column_inner width=\u00bb1\/2&#8243;]<div class=\"mkdf-section-title-holder    mkdf-has-appear-animation\" >\n\t<div class=\"mkdf-st-inner\">\n\t\t\t<span class=\"mkdf-st-tagline\" >\n\t\t\tSOBRE NOSOTROS\t\t<\/span>\n\t\t\t\t\t\t<h2 class=\"mkdf-st-title\" style=\"color: #ffffff\">\n\t\t\t\t\t\t\t\t\tqu\u00e9 hacemos\t\t\t\t\t\t\t<\/h2>\n\t\t\t\t\t\t\t<p class=\"mkdf-st-text\" style=\"color: #000000\">\n\t\t\t\t SIME Idromeccanica dise\u00f1a y fabrica sistemas de riego por aspersi\u00f3n completamente Made in Italy. Combinando tradici\u00f3n e innovaci\u00f3n, la empresa se ha convertido en un referente mundial gracias a productos fiables, vers\u00e1tiles y tecnol\u00f3gicamente avanzados. La calidad de SIME nace de la pasi\u00f3n, la experiencia y una visi\u00f3n orientada al futuro.\t\t\t<\/p>\n\t\t\t\t\t<\/div>\n<\/div>[\/vc_column_inner][vc_column_inner width=\u00bb1\/2&#8243;]<div class=\"mkdf-video-button-holder    \">\n\t\t\t\t<span class=\"mkdf-video-button-play\" >\n\t\t\t<span class=\"mkdf-video-button-play-inner\">\n\t\t\t\t<span class=\"mkdf-video-button-play-holder\">\n\t\t\t\t\t<span class=\"mkdf-video-button-play-text\">\n\t\t\t            <span class=\"mkdf-btn-line-hidden\"><\/span>\n\t\t\t            <span class=\"mkdf-btn-text\">Play<\/span>\n\t\t\t\t        <span class=\"mkdf-btn-line\"><\/span>\n\t\t\t            <i class=\"mkdf-icon-ion-icon ion-ios-play \"><\/i>\n\t\t\t        <\/span>\n\t\t\t        <span class=\"mkdf-video-button-svg\">\n\t\t\t\t\t\t<svg x=\"0px\" y=\"0px\" width=\"78px\" height=\"80px\" viewBox=\"0 0 78 80\" style=\"enable-background:new 0 0 78 80;\">\n\t\t\t\t\t\t\t<path fill=\"CurrentColor\" d=\"M38.2,0C20.1,0,4.8,12.3,0,29h1C5.8,12.8,20.7,1,38.2,1C59.6,1,77,18.5,77,40c0,21.5-17.4,39-38.8,39\n\t\tC21,79,6.4,67.6,1.3,52H0.3c5.1,16.2,20.1,28,37.9,28C60.2,80,78,62.1,78,40C78,17.9,60.2,0,38.2,0z\"><\/path>\n\t\t\t\t\t\t<\/svg>\n\t\t\t\t\t<\/span>\n\t\t\t\t\t\t\t\t\t\t\t<a class=\"mkdf-video-button-link\" href=\"https:\/\/www.youtube.com\/watch?v=uSPfKSQaqBk\" data-rel=\"prettyPhoto[video_button_pretty_photo_235]\"><\/a>\n\t\t\t\t\t\t\t\t\t<\/span>\n\t\t\t<\/span>\n\t\t<\/span>\n\t\t<\/div>[\/vc_column_inner][\/vc_row_inner][\/vc_column][\/vc_row][vc_row full_height=\u00bbyes\u00bb row_content_width=\u00bbgrid\u00bb disable_background_image=\u00bb\u00bb vertical_lines=\u00bbyes\u00bb animated_text_position=\u00bbcenter\u00bb animated_text_vertical_position=\u00bbtop\u00bb animated_text=\u00bbOur Story\u00bb animated_text_color=\u00bb#f9f9f9&#8243; css=\u00bb.vc_custom_1751892769076{margin-top: 100px !important;padding-top: 25px !important;}\u00bb][vc_column]<div class=\"mkdf-animation-holder mkdf-grow-in\" data-animation=\"mkdf-grow-in\" data-animation-delay=\"300\"><div class=\"mkdf-animation-inner\">[vc_single_image image=\u00bb3772&#8243; img_size=\u00bb400&#215;400&#8243; alignment=\u00bbcenter\u00bb style=\u00bbvc_box_circle_2&#8243;][vc_column_text]<\/p>\n<h2 style=\"text-align: center;\">Nuestra Historia<\/h2>\n<p><\/p>\n<p style=\"text-align: center;\">SIME se fund\u00f3 en 1951 a partir de la pasi\u00f3n de Antonio Lanzoni por el dibujo t\u00e9cnico. En la regi\u00f3n de la mec\u00e1nica y el motor, hoy conocida mundialmente como Motor Valley, y a un paso del r\u00edo Po, el m\u00e1s largo de Italia, la maquinaria de riego era el campo ideal para especializarse. En particular, al cabo de unos a\u00f1os, la atenci\u00f3n se centr\u00f3 en los aspersores de largo alcance. Desde entonces, el crecimiento de la cuota de mercado y de los modelos ofrecidos ha sido continuo y hoy SIME es l\u00edder mundial en su sector, exportando a m\u00e1s de setenta pa\u00edses y suministrando a los m\u00e1s importantes grupos industriales activos en el riego.<\/p>\n<p>&nbsp;[\/vc_column_text]<\/div><\/div>[\/vc_column][\/vc_row][vc_row full_height=\u00bbyes\u00bb row_content_width=\u00bbgrid\u00bb disable_background_image=\u00bb\u00bb vertical_lines=\u00bbyes\u00bb animated_text_position=\u00bbcenter\u00bb animated_text_vertical_position=\u00bbtop\u00bb animated_text=\u00bbOur Story\u00bb animated_text_color=\u00bb#f9f9f9&#8243; css=\u00bb.vc_custom_1751892777034{margin-top: 50px !important;padding-top: 25px !important;}\u00bb][vc_column]<div class=\"mkdf-animation-holder mkdf-grow-in\" data-animation=\"mkdf-grow-in\" data-animation-delay=\"300\"><div class=\"mkdf-animation-inner\">[vc_column_text]<\/p>\n<h2 style=\"text-align: center;\">EXPORTACI\u00d3N A M\u00c1S DE 70 PA\u00cdSES DE TODO EL MUNDO<\/h2>\n<p><\/p>\n<p style=\"text-align: center;\">Suministramos a las unidades de riego m\u00e1s importantes, con env\u00edos desde nuestra sede en\u00a0<strong>Italia<\/strong>\u00a0y un almac\u00e9n en\u00a0<span style=\"color: #000000;\"><strong>Estados Unidos<\/strong><\/span>.<\/p>\n<p>&nbsp;[\/vc_column_text][vc_single_image image=\u00bb7407&#8243; img_size=\u00bblarge\u00bb alignment=\u00bbcenter\u00bb]<\/div><\/div>[\/vc_column][\/vc_row][vc_row row_content_width=\u00bbgrid\u00bb disable_background_image=\u00bb\u00bb vertical_lines=\u00bbyes\u00bb animated_text_position=\u00bbright\u00bb animated_text_vertical_position=\u00bbtop\u00bb animated_text=\u00bbknow-how\u00bb animated_text_color=\u00bb#f9f9f9&#8243; css=\u00bb.vc_custom_1751892782646{margin-top: 50px !important;padding-top: 32px !important;padding-bottom: 0px !important;}\u00bb][vc_column]<div class=\"mkdf-animation-holder mkdf-grow-in\" data-animation=\"mkdf-grow-in\" data-animation-delay=\"300\"><div class=\"mkdf-animation-inner\">[vc_single_image image=\u00bb4204&#8243; img_size=\u00bblarge\u00bb alignment=\u00bbcenter\u00bb][vc_column_text]<\/p>\n<h2 style=\"text-align: center;\">Experiencia &amp; innovaci\u00f3n<\/h2>\n<p><\/p>\n<p style=\"text-align: center;\">Los productos de SIME son el resultado de un largo y continuo proceso de mejo- ra que siempre ha combinado d\u00e9cadas de experiencia adquirida en el sector y la b\u00fasqueda de la innovaci\u00f3n tecnol\u00f3gica. El incesante intento de satisfacer las necesidades de los clientes ha llevado a los aspersores SIME a unos niveles de calidad y versatilidad tales que los hacen adecuados para un gran n\u00famero de aplicaciones diferentes. La calidad del producto y del servicio que ofrece SIME tambi\u00e9n est\u00e1 certificada por la norma ISO 9001.<\/p>\n<p>&nbsp;<\/p>\n<p>&nbsp;[\/vc_column_text]<\/div><\/div>[\/vc_column][\/vc_row]<\/p>\n<\/div>","protected":false},"excerpt":{"rendered":"<p>[vc_row row_content_width=\u00bbgrid\u00bb disable_background_image=\u00bb\u00bb simple_background_image=\u00bb7492&#8243; css=\u00bb.vc_custom_1751894212472{padding-top: 15% !important;padding-bottom: 15% !important;}\u00bb simple_background_color=\u00bb#000000&#8243;][vc_column][vc_row_inner equal_height=\u00bbyes\u00bb content_placement=\u00bbmiddle\u00bb gap=\u00bb35&#8243;][vc_column_inner width=\u00bb1\/2&#8243;][\/vc_column_inner][vc_column_inner width=\u00bb1\/2&#8243;][\/vc_column_inner][\/vc_row_inner][\/vc_column][\/vc_row][vc_row full_height=\u00bbyes\u00bb row_content_width=\u00bbgrid\u00bb disable_background_image=\u00bb\u00bb vertical_lines=\u00bbyes\u00bb animated_text_position=\u00bbcenter\u00bb animated_text_vertical_position=\u00bbtop\u00bb animated_text=\u00bbOur Story\u00bb animated_text_color=\u00bb#f9f9f9&#8243; css=\u00bb.vc_custom_1751892769076{margin-top: 100px !important;padding-top: 25px !important;}\u00bb][vc_column][\/vc_column][\/vc_row][vc_row full_height=\u00bbyes\u00bb row_content_width=\u00bbgrid\u00bb disable_background_image=\u00bb\u00bb vertical_lines=\u00bbyes\u00bb animated_text_position=\u00bbcenter\u00bb animated_text_vertical_position=\u00bbtop\u00bb animated_text=\u00bbOur Story\u00bb animated_text_color=\u00bb#f9f9f9&#8243; css=\u00bb.vc_custom_1751892777034{margin-top: 50px !important;padding-top: 25px !important;}\u00bb][vc_column][\/vc_column][\/vc_row][vc_row row_content_width=\u00bbgrid\u00bb disable_background_image=\u00bb\u00bb vertical_lines=\u00bbyes\u00bb animated_text_position=\u00bbright\u00bb animated_text_vertical_position=\u00bbtop\u00bb animated_text=\u00bbknow-how\u00bb animated_text_color=\u00bb#f9f9f9&#8243; css=\u00bb.vc_custom_1751892782646{margin-top: [&hellip;]<\/p>\n","protected":false},"author":1,"featured_media":0,"parent":0,"menu_order":0,"comment_status":"closed","ping_status":"closed","template":"full-width.php","meta":{"inline_featured_image":false,"footnotes":""},"class_list":["post-6318","page","type-page","status-publish","hentry"],"yoast_head":"<!-- This site is optimized with the Yoast SEO plugin v26.1.1 - https:\/\/yoast.com\/wordpress\/plugins\/seo\/ -->\n<title>Empresa - Sime | Aspersores y ca\u00f1ones de medio y largo alcance<\/title>\n<meta name=\"robots\" content=\"index, follow, max-snippet:-1, max-image-preview:large, max-video-preview:-1\" \/>\n<link rel=\"canonical\" href=\"https:\/\/www.simeirrigation.it\/es\/empresa\/\" \/>\n<meta property=\"og:locale\" content=\"es_ES\" \/>\n<meta property=\"og:type\" content=\"article\" \/>\n<meta property=\"og:title\" content=\"Empresa - Sime | Aspersores y ca\u00f1ones de medio y largo alcance\" \/>\n<meta property=\"og:description\" content=\"[vc_row row_content_width=\u00bbgrid\u00bb disable_background_image=\u00bb\u00bb simple_background_image=\u00bb7492&#8243; css=\u00bb.vc_custom_1751894212472{padding-top: 15% !important;padding-bottom: 15% !important;}\u00bb simple_background_color=\u00bb#000000&#8243;][vc_column][vc_row_inner equal_height=\u00bbyes\u00bb content_placement=\u00bbmiddle\u00bb gap=\u00bb35&#8243;][vc_column_inner width=\u00bb1\/2&#8243;][\/vc_column_inner][vc_column_inner width=\u00bb1\/2&#8243;][\/vc_column_inner][\/vc_row_inner][\/vc_column][\/vc_row][vc_row full_height=\u00bbyes\u00bb row_content_width=\u00bbgrid\u00bb disable_background_image=\u00bb\u00bb vertical_lines=\u00bbyes\u00bb animated_text_position=\u00bbcenter\u00bb animated_text_vertical_position=\u00bbtop\u00bb animated_text=\u00bbOur Story\u00bb animated_text_color=\u00bb#f9f9f9&#8243; css=\u00bb.vc_custom_1751892769076{margin-top: 100px !important;padding-top: 25px !important;}\u00bb][vc_column][\/vc_column][\/vc_row][vc_row full_height=\u00bbyes\u00bb row_content_width=\u00bbgrid\u00bb disable_background_image=\u00bb\u00bb vertical_lines=\u00bbyes\u00bb animated_text_position=\u00bbcenter\u00bb animated_text_vertical_position=\u00bbtop\u00bb animated_text=\u00bbOur Story\u00bb animated_text_color=\u00bb#f9f9f9&#8243; css=\u00bb.vc_custom_1751892777034{margin-top: 50px !important;padding-top: 25px !important;}\u00bb][vc_column][\/vc_column][\/vc_row][vc_row row_content_width=\u00bbgrid\u00bb disable_background_image=\u00bb\u00bb vertical_lines=\u00bbyes\u00bb animated_text_position=\u00bbright\u00bb animated_text_vertical_position=\u00bbtop\u00bb animated_text=\u00bbknow-how\u00bb animated_text_color=\u00bb#f9f9f9&#8243; css=\u00bb.vc_custom_1751892782646{margin-top: [&hellip;]\" \/>\n<meta property=\"og:url\" content=\"https:\/\/www.simeirrigation.it\/es\/empresa\/\" \/>\n<meta property=\"og:site_name\" content=\"Sime | Aspersores y ca\u00f1ones de medio y largo alcance\" \/>\n<meta property=\"article:modified_time\" content=\"2025-07-07T13:38:07+00:00\" \/>\n<meta name=\"twitter:card\" content=\"summary_large_image\" \/>\n<meta name=\"twitter:label1\" content=\"Tiempo de lectura\" \/>\n\t<meta name=\"twitter:data1\" content=\"3 minutos\" \/>\n<script type=\"application\/ld+json\" class=\"yoast-schema-graph\">{\"@context\":\"https:\/\/schema.org\",\"@graph\":[{\"@type\":\"WebPage\",\"@id\":\"https:\/\/www.simeirrigation.it\/es\/empresa\/\",\"url\":\"https:\/\/www.simeirrigation.it\/es\/empresa\/\",\"name\":\"Empresa - Sime | Aspersores y ca\u00f1ones de medio y largo alcance\",\"isPartOf\":{\"@id\":\"https:\/\/www.simeirrigation.it\/#website\"},\"datePublished\":\"2022-06-24T09:01:52+00:00\",\"dateModified\":\"2025-07-07T13:38:07+00:00\",\"breadcrumb\":{\"@id\":\"https:\/\/www.simeirrigation.it\/es\/empresa\/#breadcrumb\"},\"inLanguage\":\"es\",\"potentialAction\":[{\"@type\":\"ReadAction\",\"target\":[\"https:\/\/www.simeirrigation.it\/es\/empresa\/\"]}]},{\"@type\":\"BreadcrumbList\",\"@id\":\"https:\/\/www.simeirrigation.it\/es\/empresa\/#breadcrumb\",\"itemListElement\":[{\"@type\":\"ListItem\",\"position\":1,\"name\":\"Home\",\"item\":\"https:\/\/www.simeirrigation.it\/es\/\"},{\"@type\":\"ListItem\",\"position\":2,\"name\":\"Empresa\"}]},{\"@type\":\"WebSite\",\"@id\":\"https:\/\/www.simeirrigation.it\/#website\",\"url\":\"https:\/\/www.simeirrigation.it\/\",\"name\":\"Sime | irrigatori per agricoltura e giardinaggio\",\"description\":\"Aspersores y ca\u00f1ones de medio y largo alcance\",\"publisher\":{\"@id\":\"https:\/\/www.simeirrigation.it\/#organization\"},\"potentialAction\":[{\"@type\":\"SearchAction\",\"target\":{\"@type\":\"EntryPoint\",\"urlTemplate\":\"https:\/\/www.simeirrigation.it\/?s={search_term_string}\"},\"query-input\":{\"@type\":\"PropertyValueSpecification\",\"valueRequired\":true,\"valueName\":\"search_term_string\"}}],\"inLanguage\":\"es\"},{\"@type\":\"Organization\",\"@id\":\"https:\/\/www.simeirrigation.it\/#organization\",\"name\":\"Sime | irrigatori per agricoltura e giardinaggio\",\"url\":\"https:\/\/www.simeirrigation.it\/\",\"logo\":{\"@type\":\"ImageObject\",\"inLanguage\":\"es\",\"@id\":\"https:\/\/www.simeirrigation.it\/#\/schema\/logo\/image\/\",\"url\":\"https:\/\/www.simeirrigation.it\/wp-content\/uploads\/2022\/06\/LogoSime_rosso.png\",\"contentUrl\":\"https:\/\/www.simeirrigation.it\/wp-content\/uploads\/2022\/06\/LogoSime_rosso.png\",\"width\":237,\"height\":237,\"caption\":\"Sime | irrigatori per agricoltura e giardinaggio\"},\"image\":{\"@id\":\"https:\/\/www.simeirrigation.it\/#\/schema\/logo\/image\/\"}}]}<\/script>\n<!-- \/ Yoast SEO plugin. -->","yoast_head_json":{"title":"Empresa - Sime | Aspersores y ca\u00f1ones de medio y largo alcance","robots":{"index":"index","follow":"follow","max-snippet":"max-snippet:-1","max-image-preview":"max-image-preview:large","max-video-preview":"max-video-preview:-1"},"canonical":"https:\/\/www.simeirrigation.it\/es\/empresa\/","og_locale":"es_ES","og_type":"article","og_title":"Empresa - Sime | Aspersores y ca\u00f1ones de medio y largo alcance","og_description":"[vc_row row_content_width=\u00bbgrid\u00bb disable_background_image=\u00bb\u00bb simple_background_image=\u00bb7492&#8243; css=\u00bb.vc_custom_1751894212472{padding-top: 15% !important;padding-bottom: 15% !important;}\u00bb simple_background_color=\u00bb#000000&#8243;][vc_column][vc_row_inner equal_height=\u00bbyes\u00bb content_placement=\u00bbmiddle\u00bb gap=\u00bb35&#8243;][vc_column_inner width=\u00bb1\/2&#8243;][\/vc_column_inner][vc_column_inner width=\u00bb1\/2&#8243;][\/vc_column_inner][\/vc_row_inner][\/vc_column][\/vc_row][vc_row full_height=\u00bbyes\u00bb row_content_width=\u00bbgrid\u00bb disable_background_image=\u00bb\u00bb vertical_lines=\u00bbyes\u00bb animated_text_position=\u00bbcenter\u00bb animated_text_vertical_position=\u00bbtop\u00bb animated_text=\u00bbOur Story\u00bb animated_text_color=\u00bb#f9f9f9&#8243; css=\u00bb.vc_custom_1751892769076{margin-top: 100px !important;padding-top: 25px !important;}\u00bb][vc_column][\/vc_column][\/vc_row][vc_row full_height=\u00bbyes\u00bb row_content_width=\u00bbgrid\u00bb disable_background_image=\u00bb\u00bb vertical_lines=\u00bbyes\u00bb animated_text_position=\u00bbcenter\u00bb animated_text_vertical_position=\u00bbtop\u00bb animated_text=\u00bbOur Story\u00bb animated_text_color=\u00bb#f9f9f9&#8243; css=\u00bb.vc_custom_1751892777034{margin-top: 50px !important;padding-top: 25px !important;}\u00bb][vc_column][\/vc_column][\/vc_row][vc_row row_content_width=\u00bbgrid\u00bb disable_background_image=\u00bb\u00bb vertical_lines=\u00bbyes\u00bb animated_text_position=\u00bbright\u00bb animated_text_vertical_position=\u00bbtop\u00bb animated_text=\u00bbknow-how\u00bb animated_text_color=\u00bb#f9f9f9&#8243; css=\u00bb.vc_custom_1751892782646{margin-top: [&hellip;]","og_url":"https:\/\/www.simeirrigation.it\/es\/empresa\/","og_site_name":"Sime | Aspersores y ca\u00f1ones de medio y largo alcance","article_modified_time":"2025-07-07T13:38:07+00:00","twitter_card":"summary_large_image","twitter_misc":{"Tiempo de lectura":"3 minutos"},"schema":{"@context":"https:\/\/schema.org","@graph":[{"@type":"WebPage","@id":"https:\/\/www.simeirrigation.it\/es\/empresa\/","url":"https:\/\/www.simeirrigation.it\/es\/empresa\/","name":"Empresa - Sime | Aspersores y ca\u00f1ones de medio y largo alcance","isPartOf":{"@id":"https:\/\/www.simeirrigation.it\/#website"},"datePublished":"2022-06-24T09:01:52+00:00","dateModified":"2025-07-07T13:38:07+00:00","breadcrumb":{"@id":"https:\/\/www.simeirrigation.it\/es\/empresa\/#breadcrumb"},"inLanguage":"es","potentialAction":[{"@type":"ReadAction","target":["https:\/\/www.simeirrigation.it\/es\/empresa\/"]}]},{"@type":"BreadcrumbList","@id":"https:\/\/www.simeirrigation.it\/es\/empresa\/#breadcrumb","itemListElement":[{"@type":"ListItem","position":1,"name":"Home","item":"https:\/\/www.simeirrigation.it\/es\/"},{"@type":"ListItem","position":2,"name":"Empresa"}]},{"@type":"WebSite","@id":"https:\/\/www.simeirrigation.it\/#website","url":"https:\/\/www.simeirrigation.it\/","name":"Sime | irrigatori per agricoltura e giardinaggio","description":"Aspersores y ca\u00f1ones de medio y largo alcance","publisher":{"@id":"https:\/\/www.simeirrigation.it\/#organization"},"potentialAction":[{"@type":"SearchAction","target":{"@type":"EntryPoint","urlTemplate":"https:\/\/www.simeirrigation.it\/?s={search_term_string}"},"query-input":{"@type":"PropertyValueSpecification","valueRequired":true,"valueName":"search_term_string"}}],"inLanguage":"es"},{"@type":"Organization","@id":"https:\/\/www.simeirrigation.it\/#organization","name":"Sime | irrigatori per agricoltura e giardinaggio","url":"https:\/\/www.simeirrigation.it\/","logo":{"@type":"ImageObject","inLanguage":"es","@id":"https:\/\/www.simeirrigation.it\/#\/schema\/logo\/image\/","url":"https:\/\/www.simeirrigation.it\/wp-content\/uploads\/2022\/06\/LogoSime_rosso.png","contentUrl":"https:\/\/www.simeirrigation.it\/wp-content\/uploads\/2022\/06\/LogoSime_rosso.png","width":237,"height":237,"caption":"Sime | irrigatori per agricoltura e giardinaggio"},"image":{"@id":"https:\/\/www.simeirrigation.it\/#\/schema\/logo\/image\/"}}]}},"_links":{"self":[{"href":"https:\/\/www.simeirrigation.it\/es\/wp-json\/wp\/v2\/pages\/6318","targetHints":{"allow":["GET"]}}],"collection":[{"href":"https:\/\/www.simeirrigation.it\/es\/wp-json\/wp\/v2\/pages"}],"about":[{"href":"https:\/\/www.simeirrigation.it\/es\/wp-json\/wp\/v2\/types\/page"}],"author":[{"embeddable":true,"href":"https:\/\/www.simeirrigation.it\/es\/wp-json\/wp\/v2\/users\/1"}],"replies":[{"embeddable":true,"href":"https:\/\/www.simeirrigation.it\/es\/wp-json\/wp\/v2\/comments?post=6318"}],"version-history":[{"count":0,"href":"https:\/\/www.simeirrigation.it\/es\/wp-json\/wp\/v2\/pages\/6318\/revisions"}],"wp:attachment":[{"href":"https:\/\/www.simeirrigation.it\/es\/wp-json\/wp\/v2\/media?parent=6318"}],"curies":[{"name":"wp","href":"https:\/\/api.w.org\/{rel}","templated":true}]}}