{"id":6323,"date":"2022-09-08T13:14:10","date_gmt":"2022-09-08T11:14:10","guid":{"rendered":"https:\/\/www.simeirrigation.it\/productos\/"},"modified":"2023-07-19T16:32:29","modified_gmt":"2023-07-19T14:32:29","slug":"productos","status":"publish","type":"page","link":"https:\/\/www.simeirrigation.it\/es\/productos\/","title":{"rendered":"Productos"},"content":{"rendered":"<div class=\"wpb-content-wrapper\"><p>[vc_row disable_background_image=\u00bb\u00bb][vc_column]<div class=\"mkdf-section-title-holder  mkdf-st-split  mkdf-has-appear-animation\" style=\"padding: 0 10%\">\n\t<div class=\"mkdf-st-inner\">\n\t\t\t<span class=\"mkdf-st-tagline\" >\n\t\t\tM\u00e1s informaci\u00f3n\t\t<\/span>\n\t\t\t\t\t\t<h2 class=\"mkdf-st-title\" >\n\t\t\t\t\t\t\t\t\t<span class=\"mkdf-sts-title-text\">Gama<br \/> de productos Sime<\/span>\n\t\t\t\t\t<span class=\"mkdf-sts-separator\" style=\"background-color: #dd3333\"><\/span>\n\t\t\t\t\t\t\t<\/h2>\n\t\t\t\t\t\t\t<\/div>\n<\/div>[vc_empty_space height=\u00bb100px\u00bb][\/vc_column][\/vc_row][vc_row equal_height=\u00bbyes\u00bb content_placement=\u00bbtop\u00bb disable_background_image=\u00bb\u00bb][vc_column width=\u00bb1\/3&#8243; el_class=\u00bbmarrone\u00bb]<div class=\"mkdf-single-image-holder   mkdf-image-behavior-custom-link\">\n    <div class=\"mkdf-si-inner\" >\n        \t            <a itemprop=\"url\" href=\"https:\/\/www.simeirrigation.it\/es\/aspersores\/canones-de-impacto\/\" target=\"_self\">\n                                    <img decoding=\"async\" width=\"815\" height=\"422\" src=\"https:\/\/www.simeirrigation.it\/wp-content\/uploads\/2022\/11\/sime-settori-reflex-3.png\" class=\"attachment-full size-full\" alt=\"\" srcset=\"https:\/\/www.simeirrigation.it\/wp-content\/uploads\/2022\/11\/sime-settori-reflex-3.png 815w, https:\/\/www.simeirrigation.it\/wp-content\/uploads\/2022\/11\/sime-settori-reflex-3-300x155.png 300w, https:\/\/www.simeirrigation.it\/wp-content\/uploads\/2022\/11\/sime-settori-reflex-3-768x398.png 768w\" sizes=\"(max-width: 815px) 100vw, 815px\" \/>                                <\/a>\n            <\/div>\n<\/div>[vc_column_text]<\/p>\n<h3>Ca\u00f1ones de Impacto<\/h3>\n<p>Aspersores para aplicaciones pesadas en t\u00e9rminos de horas y condiciones de trabajo. La rotaci\u00f3n se produce por la interacci\u00f3n del flujo de agua con un brazo oscilante.[\/vc_column_text]<a itemprop=\"url\" href=\"https:\/\/www.simeirrigation.it\/es\/aspersores\/canones-de-impacto\/\" target=\"_self\" style=\"margin: 15px 0 0\" class=\"mkdf-btn mkdf-btn-small mkdf-btn-simple-predefined\"  >\n            <span class=\"mkdf-btn-predefined-line-holder\">\n            <span class=\"mkdf-btn-line-hidden\"><\/span>\n            <span class=\"mkdf-btn-text\">dettagli<\/span>\n\t        <span class=\"mkdf-btn-line\"><\/span>\n            <i class=\"mkdf-btn-predefined-icon mkdf-icon-ion-icon ion-ios-play \"><\/i>\n        <\/span>\n    <\/a>[\/vc_column][vc_column width=\u00bb1\/3&#8243; el_class=\u00bbverde\u00bb]<div class=\"mkdf-single-image-holder   mkdf-image-behavior-custom-link\">\n    <div class=\"mkdf-si-inner\" >\n        \t            <a itemprop=\"url\" href=\"https:\/\/www.simeirrigation.it\/es\/aspersores\/canones-de-turbina\/\" target=\"_self\">\n                                    <img decoding=\"async\" width=\"815\" height=\"422\" src=\"https:\/\/www.simeirrigation.it\/wp-content\/uploads\/2022\/11\/sime-settori-cannoni-turbina.png\" class=\"attachment-full size-full\" alt=\"\" srcset=\"https:\/\/www.simeirrigation.it\/wp-content\/uploads\/2022\/11\/sime-settori-cannoni-turbina.png 815w, https:\/\/www.simeirrigation.it\/wp-content\/uploads\/2022\/11\/sime-settori-cannoni-turbina-300x155.png 300w, https:\/\/www.simeirrigation.it\/wp-content\/uploads\/2022\/11\/sime-settori-cannoni-turbina-768x398.png 768w\" sizes=\"(max-width: 815px) 100vw, 815px\" \/>                                <\/a>\n            <\/div>\n<\/div>[vc_column_text]<\/p>\n<h3>Ca\u00f1ones de Turbina<\/h3>\n<p>Aspersores para aplicaciones que requieren una precisi\u00f3n extrema y gotas ligeras. La rotaci\u00f3n se realiza mediante un sistema de engranajes accionado por una turbina de agua.[\/vc_column_text]<a itemprop=\"url\" href=\"https:\/\/www.simeirrigation.it\/es\/aspersores\/canones-de-turbina\/\" target=\"_self\" style=\"margin: 15px 0 0\" class=\"mkdf-btn mkdf-btn-small mkdf-btn-simple-predefined\"  >\n            <span class=\"mkdf-btn-predefined-line-holder\">\n            <span class=\"mkdf-btn-line-hidden\"><\/span>\n            <span class=\"mkdf-btn-text\">dettagli<\/span>\n\t        <span class=\"mkdf-btn-line\"><\/span>\n            <i class=\"mkdf-btn-predefined-icon mkdf-icon-ion-icon ion-ios-play \"><\/i>\n        <\/span>\n    <\/a>[\/vc_column][vc_column width=\u00bb1\/3&#8243; el_class=\u00bbocra\u00bb]<div class=\"mkdf-single-image-holder   mkdf-image-behavior-custom-link\">\n    <div class=\"mkdf-si-inner\" >\n        \t            <a itemprop=\"url\" href=\"https:\/\/www.simeirrigation.it\/es\/aspersores\/canones-electricos\/\" target=\"_self\">\n                                    <img decoding=\"async\" width=\"815\" height=\"422\" src=\"https:\/\/www.simeirrigation.it\/wp-content\/uploads\/2022\/11\/sime-settori-irrigatori-elettrici.png\" class=\"attachment-full size-full\" alt=\"\" srcset=\"https:\/\/www.simeirrigation.it\/wp-content\/uploads\/2022\/11\/sime-settori-irrigatori-elettrici.png 815w, https:\/\/www.simeirrigation.it\/wp-content\/uploads\/2022\/11\/sime-settori-irrigatori-elettrici-300x155.png 300w, https:\/\/www.simeirrigation.it\/wp-content\/uploads\/2022\/11\/sime-settori-irrigatori-elettrici-768x398.png 768w\" sizes=\"(max-width: 815px) 100vw, 815px\" \/>                                <\/a>\n            <\/div>\n<\/div>[vc_column_text]<\/p>\n<h3>Ca\u00f1ones El\u00e9ctricos<\/h3>\n<p>Aspersores \u201cinteligentes\u201d desarrollados para el riego con enrolladores en parcelas de forma irregular, equipados con una unidad de control electr\u00f3nico que se gestiona mediante aplicaciones en tel\u00e9fonos inteligentes.[\/vc_column_text]<a itemprop=\"url\" href=\"https:\/\/www.simeirrigation.it\/es\/aspersores\/canones-electricos\/\" target=\"_self\" style=\"margin: 15px 0 0\" class=\"mkdf-btn mkdf-btn-small mkdf-btn-simple-predefined\"  >\n            <span class=\"mkdf-btn-predefined-line-holder\">\n            <span class=\"mkdf-btn-line-hidden\"><\/span>\n            <span class=\"mkdf-btn-text\">dettagli<\/span>\n\t        <span class=\"mkdf-btn-line\"><\/span>\n            <i class=\"mkdf-btn-predefined-icon mkdf-icon-ion-icon ion-ios-play \"><\/i>\n        <\/span>\n    <\/a>[\/vc_column][\/vc_row][vc_row disable_background_image=\u00bb\u00bb][vc_column][vc_empty_space height=\u00bb100px\u00bb][\/vc_column][\/vc_row][vc_row equal_height=\u00bbyes\u00bb content_placement=\u00bbtop\u00bb disable_background_image=\u00bb\u00bb][vc_column width=\u00bb1\/3&#8243; el_class=\u00bblime\u00bb]<div class=\"mkdf-single-image-holder   mkdf-image-behavior-custom-link\">\n    <div class=\"mkdf-si-inner\" >\n        \t            <a itemprop=\"url\" href=\"https:\/\/www.simeirrigation.it\/es\/aspersores\/gran-pop-up\/\" target=\"_self\">\n                                    <img decoding=\"async\" width=\"815\" height=\"422\" src=\"https:\/\/www.simeirrigation.it\/wp-content\/uploads\/2022\/11\/sime-settori-popup.png\" class=\"attachment-full size-full\" alt=\"\" srcset=\"https:\/\/www.simeirrigation.it\/wp-content\/uploads\/2022\/11\/sime-settori-popup.png 815w, https:\/\/www.simeirrigation.it\/wp-content\/uploads\/2022\/11\/sime-settori-popup-300x155.png 300w, https:\/\/www.simeirrigation.it\/wp-content\/uploads\/2022\/11\/sime-settori-popup-768x398.png 768w\" sizes=\"(max-width: 815px) 100vw, 815px\" \/>                                <\/a>\n            <\/div>\n<\/div>[vc_column_text]<\/p>\n<h3>Gran Pop-up<\/h3>\n<p>Aspersores subterr\u00e1neos para campos deportivos de c\u00e9sped real sint\u00e9tico.[\/vc_column_text]<a itemprop=\"url\" href=\"https:\/\/www.simeirrigation.it\/es\/aspersores\/gran-pop-up\/\" target=\"_self\" style=\"margin: 15px 0 0\" class=\"mkdf-btn mkdf-btn-small mkdf-btn-simple-predefined\"  >\n            <span class=\"mkdf-btn-predefined-line-holder\">\n            <span class=\"mkdf-btn-line-hidden\"><\/span>\n            <span class=\"mkdf-btn-text\">dettagli<\/span>\n\t        <span class=\"mkdf-btn-line\"><\/span>\n            <i class=\"mkdf-btn-predefined-icon mkdf-icon-ion-icon ion-ios-play \"><\/i>\n        <\/span>\n    <\/a>[\/vc_column][vc_column width=\u00bb1\/3&#8243; el_class=\u00bbblu\u00bb]<div class=\"mkdf-single-image-holder   mkdf-image-behavior-custom-link\">\n    <div class=\"mkdf-si-inner\" >\n        \t            <a itemprop=\"url\" href=\"https:\/\/www.simeirrigation.it\/es\/aspersores\/aspersores-de-impacto\/\" target=\"_self\">\n                                    <img decoding=\"async\" width=\"815\" height=\"422\" src=\"https:\/\/www.simeirrigation.it\/wp-content\/uploads\/2022\/11\/Hidra-settori-815.png\" class=\"attachment-full size-full\" alt=\"\" srcset=\"https:\/\/www.simeirrigation.it\/wp-content\/uploads\/2022\/11\/Hidra-settori-815.png 815w, https:\/\/www.simeirrigation.it\/wp-content\/uploads\/2022\/11\/Hidra-settori-815-300x155.png 300w, https:\/\/www.simeirrigation.it\/wp-content\/uploads\/2022\/11\/Hidra-settori-815-768x398.png 768w\" sizes=\"(max-width: 815px) 100vw, 815px\" \/>                                <\/a>\n            <\/div>\n<\/div>[vc_column_text]<\/p>\n<h3>Aspersores de Impacto<\/h3>\n<p>Aspersores de tama\u00f1o peque\u00f1o y mediano, ideales para sistemas de riego fijos y de jard\u00edn. La gama de aspersores peque\u00f1os y medianos de Sime es la m\u00e1s amplia del mercado, por lo que satisface todas las exigencias.[\/vc_column_text]<a itemprop=\"url\" href=\"https:\/\/www.simeirrigation.it\/es\/aspersores\/aspersores-de-impacto\/\" target=\"_self\" style=\"margin: 15px 0 0\" class=\"mkdf-btn mkdf-btn-small mkdf-btn-simple-predefined\"  >\n            <span class=\"mkdf-btn-predefined-line-holder\">\n            <span class=\"mkdf-btn-line-hidden\"><\/span>\n            <span class=\"mkdf-btn-text\">dettagli<\/span>\n\t        <span class=\"mkdf-btn-line\"><\/span>\n            <i class=\"mkdf-btn-predefined-icon mkdf-icon-ion-icon ion-ios-play \"><\/i>\n        <\/span>\n    <\/a>[\/vc_column][vc_column width=\u00bb1\/3&#8243;]<div class=\"mkdf-single-image-holder   mkdf-image-behavior-custom-link\">\n    <div class=\"mkdf-si-inner\" >\n        \t            <a itemprop=\"url\" href=\"https:\/\/www.simeirrigation.it\/es\/rotorkit\/\" target=\"_self\">\n                                    <img decoding=\"async\" width=\"815\" height=\"422\" src=\"https:\/\/www.simeirrigation.it\/wp-content\/uploads\/2023\/05\/Rotorkit_product.png\" class=\"attachment-full size-full\" alt=\"\" srcset=\"https:\/\/www.simeirrigation.it\/wp-content\/uploads\/2023\/05\/Rotorkit_product.png 815w, https:\/\/www.simeirrigation.it\/wp-content\/uploads\/2023\/05\/Rotorkit_product-300x155.png 300w, https:\/\/www.simeirrigation.it\/wp-content\/uploads\/2023\/05\/Rotorkit_product-768x398.png 768w\" sizes=\"(max-width: 815px) 100vw, 815px\" \/>                                <\/a>\n            <\/div>\n<\/div>[vc_column_text]<\/p>\n<h3>Rotorkit\u00ae<\/h3>\n<p>Dispositivos mec\u00e1nicos para cambiar autom\u00e1ticamente de sector de riego despu\u00e9s de un intervalo de tiempo deseado.[\/vc_column_text]<a itemprop=\"url\" href=\"https:\/\/www.simeirrigation.it\/es\/rotorkit\/\" target=\"_self\" style=\"margin: 15px 0 0\" class=\"mkdf-btn mkdf-btn-small mkdf-btn-simple-predefined\"  >\n            <span class=\"mkdf-btn-predefined-line-holder\">\n            <span class=\"mkdf-btn-line-hidden\"><\/span>\n            <span class=\"mkdf-btn-text\">dettagli<\/span>\n\t        <span class=\"mkdf-btn-line\"><\/span>\n            <i class=\"mkdf-btn-predefined-icon mkdf-icon-ion-icon ion-ios-play \"><\/i>\n        <\/span>\n    <\/a>[\/vc_column][\/vc_row][vc_row disable_background_image=\u00bb\u00bb][vc_column][vc_empty_space height=\u00bb100px\u00bb][\/vc_column][\/vc_row]<\/p>\n<\/div>","protected":false},"excerpt":{"rendered":"<p>[vc_row disable_background_image=\u00bb\u00bb][vc_column][vc_empty_space height=\u00bb100px\u00bb][\/vc_column][\/vc_row][vc_row equal_height=\u00bbyes\u00bb content_placement=\u00bbtop\u00bb disable_background_image=\u00bb\u00bb][vc_column width=\u00bb1\/3&#8243; el_class=\u00bbmarrone\u00bb][vc_column_text] Ca\u00f1ones de Impacto Aspersores para aplicaciones pesadas en t\u00e9rminos de horas y condiciones de trabajo. La rotaci\u00f3n se produce por la interacci\u00f3n del flujo de agua con un brazo oscilante.[\/vc_column_text][\/vc_column][vc_column width=\u00bb1\/3&#8243; el_class=\u00bbverde\u00bb][vc_column_text] Ca\u00f1ones de Turbina Aspersores para aplicaciones que requieren una precisi\u00f3n extrema [&hellip;]<\/p>\n","protected":false},"author":1,"featured_media":0,"parent":0,"menu_order":0,"comment_status":"closed","ping_status":"closed","template":"","meta":{"inline_featured_image":false,"footnotes":""},"class_list":["post-6323","page","type-page","status-publish","hentry"],"yoast_head":"<!-- This site is optimized with the Yoast SEO plugin v26.1.1 - https:\/\/yoast.com\/wordpress\/plugins\/seo\/ -->\n<title>Productos - Sime | Aspersores y ca\u00f1ones de medio y largo alcance<\/title>\n<meta name=\"robots\" content=\"index, follow, max-snippet:-1, max-image-preview:large, max-video-preview:-1\" \/>\n<link rel=\"canonical\" href=\"https:\/\/www.simeirrigation.it\/es\/productos\/\" \/>\n<meta property=\"og:locale\" content=\"es_ES\" \/>\n<meta property=\"og:type\" content=\"article\" \/>\n<meta property=\"og:title\" content=\"Productos - Sime | Aspersores y ca\u00f1ones de medio y largo alcance\" \/>\n<meta property=\"og:description\" content=\"[vc_row disable_background_image=\u00bb\u00bb][vc_column][vc_empty_space height=\u00bb100px\u00bb][\/vc_column][\/vc_row][vc_row equal_height=\u00bbyes\u00bb content_placement=\u00bbtop\u00bb disable_background_image=\u00bb\u00bb][vc_column width=\u00bb1\/3&#8243; el_class=\u00bbmarrone\u00bb][vc_column_text] Ca\u00f1ones de Impacto Aspersores para aplicaciones pesadas en t\u00e9rminos de horas y condiciones de trabajo. La rotaci\u00f3n se produce por la interacci\u00f3n del flujo de agua con un brazo oscilante.[\/vc_column_text][\/vc_column][vc_column width=\u00bb1\/3&#8243; el_class=\u00bbverde\u00bb][vc_column_text] Ca\u00f1ones de Turbina Aspersores para aplicaciones que requieren una precisi\u00f3n extrema [&hellip;]\" \/>\n<meta property=\"og:url\" content=\"https:\/\/www.simeirrigation.it\/es\/productos\/\" \/>\n<meta property=\"og:site_name\" content=\"Sime | Aspersores y ca\u00f1ones de medio y largo alcance\" \/>\n<meta property=\"article:modified_time\" content=\"2023-07-19T14:32:29+00:00\" \/>\n<meta name=\"twitter:card\" content=\"summary_large_image\" \/>\n<meta name=\"twitter:label1\" content=\"Tiempo de lectura\" \/>\n\t<meta name=\"twitter:data1\" content=\"2 minutos\" \/>\n<script type=\"application\/ld+json\" class=\"yoast-schema-graph\">{\"@context\":\"https:\/\/schema.org\",\"@graph\":[{\"@type\":\"WebPage\",\"@id\":\"https:\/\/www.simeirrigation.it\/es\/productos\/\",\"url\":\"https:\/\/www.simeirrigation.it\/es\/productos\/\",\"name\":\"Productos - Sime | Aspersores y ca\u00f1ones de medio y largo alcance\",\"isPartOf\":{\"@id\":\"https:\/\/www.simeirrigation.it\/#website\"},\"datePublished\":\"2022-09-08T11:14:10+00:00\",\"dateModified\":\"2023-07-19T14:32:29+00:00\",\"breadcrumb\":{\"@id\":\"https:\/\/www.simeirrigation.it\/es\/productos\/#breadcrumb\"},\"inLanguage\":\"es\",\"potentialAction\":[{\"@type\":\"ReadAction\",\"target\":[\"https:\/\/www.simeirrigation.it\/es\/productos\/\"]}]},{\"@type\":\"BreadcrumbList\",\"@id\":\"https:\/\/www.simeirrigation.it\/es\/productos\/#breadcrumb\",\"itemListElement\":[{\"@type\":\"ListItem\",\"position\":1,\"name\":\"Home\",\"item\":\"https:\/\/www.simeirrigation.it\/es\/\"},{\"@type\":\"ListItem\",\"position\":2,\"name\":\"Productos\"}]},{\"@type\":\"WebSite\",\"@id\":\"https:\/\/www.simeirrigation.it\/#website\",\"url\":\"https:\/\/www.simeirrigation.it\/\",\"name\":\"Sime | irrigatori per agricoltura e giardinaggio\",\"description\":\"Aspersores y ca\u00f1ones de medio y largo alcance\",\"publisher\":{\"@id\":\"https:\/\/www.simeirrigation.it\/#organization\"},\"potentialAction\":[{\"@type\":\"SearchAction\",\"target\":{\"@type\":\"EntryPoint\",\"urlTemplate\":\"https:\/\/www.simeirrigation.it\/?s={search_term_string}\"},\"query-input\":{\"@type\":\"PropertyValueSpecification\",\"valueRequired\":true,\"valueName\":\"search_term_string\"}}],\"inLanguage\":\"es\"},{\"@type\":\"Organization\",\"@id\":\"https:\/\/www.simeirrigation.it\/#organization\",\"name\":\"Sime | irrigatori per agricoltura e giardinaggio\",\"url\":\"https:\/\/www.simeirrigation.it\/\",\"logo\":{\"@type\":\"ImageObject\",\"inLanguage\":\"es\",\"@id\":\"https:\/\/www.simeirrigation.it\/#\/schema\/logo\/image\/\",\"url\":\"https:\/\/www.simeirrigation.it\/wp-content\/uploads\/2022\/06\/LogoSime_rosso.png\",\"contentUrl\":\"https:\/\/www.simeirrigation.it\/wp-content\/uploads\/2022\/06\/LogoSime_rosso.png\",\"width\":237,\"height\":237,\"caption\":\"Sime | irrigatori per agricoltura e giardinaggio\"},\"image\":{\"@id\":\"https:\/\/www.simeirrigation.it\/#\/schema\/logo\/image\/\"}}]}<\/script>\n<!-- \/ Yoast SEO plugin. -->","yoast_head_json":{"title":"Productos - Sime | Aspersores y ca\u00f1ones de medio y largo alcance","robots":{"index":"index","follow":"follow","max-snippet":"max-snippet:-1","max-image-preview":"max-image-preview:large","max-video-preview":"max-video-preview:-1"},"canonical":"https:\/\/www.simeirrigation.it\/es\/productos\/","og_locale":"es_ES","og_type":"article","og_title":"Productos - Sime | Aspersores y ca\u00f1ones de medio y largo alcance","og_description":"[vc_row disable_background_image=\u00bb\u00bb][vc_column][vc_empty_space height=\u00bb100px\u00bb][\/vc_column][\/vc_row][vc_row equal_height=\u00bbyes\u00bb content_placement=\u00bbtop\u00bb disable_background_image=\u00bb\u00bb][vc_column width=\u00bb1\/3&#8243; el_class=\u00bbmarrone\u00bb][vc_column_text] Ca\u00f1ones de Impacto Aspersores para aplicaciones pesadas en t\u00e9rminos de horas y condiciones de trabajo. La rotaci\u00f3n se produce por la interacci\u00f3n del flujo de agua con un brazo oscilante.[\/vc_column_text][\/vc_column][vc_column width=\u00bb1\/3&#8243; el_class=\u00bbverde\u00bb][vc_column_text] Ca\u00f1ones de Turbina Aspersores para aplicaciones que requieren una precisi\u00f3n extrema [&hellip;]","og_url":"https:\/\/www.simeirrigation.it\/es\/productos\/","og_site_name":"Sime | Aspersores y ca\u00f1ones de medio y largo alcance","article_modified_time":"2023-07-19T14:32:29+00:00","twitter_card":"summary_large_image","twitter_misc":{"Tiempo de lectura":"2 minutos"},"schema":{"@context":"https:\/\/schema.org","@graph":[{"@type":"WebPage","@id":"https:\/\/www.simeirrigation.it\/es\/productos\/","url":"https:\/\/www.simeirrigation.it\/es\/productos\/","name":"Productos - Sime | Aspersores y ca\u00f1ones de medio y largo alcance","isPartOf":{"@id":"https:\/\/www.simeirrigation.it\/#website"},"datePublished":"2022-09-08T11:14:10+00:00","dateModified":"2023-07-19T14:32:29+00:00","breadcrumb":{"@id":"https:\/\/www.simeirrigation.it\/es\/productos\/#breadcrumb"},"inLanguage":"es","potentialAction":[{"@type":"ReadAction","target":["https:\/\/www.simeirrigation.it\/es\/productos\/"]}]},{"@type":"BreadcrumbList","@id":"https:\/\/www.simeirrigation.it\/es\/productos\/#breadcrumb","itemListElement":[{"@type":"ListItem","position":1,"name":"Home","item":"https:\/\/www.simeirrigation.it\/es\/"},{"@type":"ListItem","position":2,"name":"Productos"}]},{"@type":"WebSite","@id":"https:\/\/www.simeirrigation.it\/#website","url":"https:\/\/www.simeirrigation.it\/","name":"Sime | irrigatori per agricoltura e giardinaggio","description":"Aspersores y ca\u00f1ones de medio y largo alcance","publisher":{"@id":"https:\/\/www.simeirrigation.it\/#organization"},"potentialAction":[{"@type":"SearchAction","target":{"@type":"EntryPoint","urlTemplate":"https:\/\/www.simeirrigation.it\/?s={search_term_string}"},"query-input":{"@type":"PropertyValueSpecification","valueRequired":true,"valueName":"search_term_string"}}],"inLanguage":"es"},{"@type":"Organization","@id":"https:\/\/www.simeirrigation.it\/#organization","name":"Sime | irrigatori per agricoltura e giardinaggio","url":"https:\/\/www.simeirrigation.it\/","logo":{"@type":"ImageObject","inLanguage":"es","@id":"https:\/\/www.simeirrigation.it\/#\/schema\/logo\/image\/","url":"https:\/\/www.simeirrigation.it\/wp-content\/uploads\/2022\/06\/LogoSime_rosso.png","contentUrl":"https:\/\/www.simeirrigation.it\/wp-content\/uploads\/2022\/06\/LogoSime_rosso.png","width":237,"height":237,"caption":"Sime | irrigatori per agricoltura e giardinaggio"},"image":{"@id":"https:\/\/www.simeirrigation.it\/#\/schema\/logo\/image\/"}}]}},"_links":{"self":[{"href":"https:\/\/www.simeirrigation.it\/es\/wp-json\/wp\/v2\/pages\/6323","targetHints":{"allow":["GET"]}}],"collection":[{"href":"https:\/\/www.simeirrigation.it\/es\/wp-json\/wp\/v2\/pages"}],"about":[{"href":"https:\/\/www.simeirrigation.it\/es\/wp-json\/wp\/v2\/types\/page"}],"author":[{"embeddable":true,"href":"https:\/\/www.simeirrigation.it\/es\/wp-json\/wp\/v2\/users\/1"}],"replies":[{"embeddable":true,"href":"https:\/\/www.simeirrigation.it\/es\/wp-json\/wp\/v2\/comments?post=6323"}],"version-history":[{"count":0,"href":"https:\/\/www.simeirrigation.it\/es\/wp-json\/wp\/v2\/pages\/6323\/revisions"}],"wp:attachment":[{"href":"https:\/\/www.simeirrigation.it\/es\/wp-json\/wp\/v2\/media?parent=6323"}],"curies":[{"name":"wp","href":"https:\/\/api.w.org\/{rel}","templated":true}]}}