{"id":6730,"date":"2022-11-06T22:04:35","date_gmt":"2022-11-06T21:04:35","guid":{"rendered":"https:\/\/www.simeirrigation.it\/rotorkit\/"},"modified":"2023-02-03T15:32:13","modified_gmt":"2023-02-03T14:32:13","slug":"rotorkit","status":"publish","type":"page","link":"https:\/\/www.simeirrigation.it\/es\/rotorkit\/","title":{"rendered":"Rotorkit\u00ae"},"content":{"rendered":"<div class=\"wpb-content-wrapper\"><p>[vc_row full_height=\u00bbyes\u00bb content_placement=\u00bbmiddle\u00bb css_animation=\u00bbfadeIn\u00bb disable_background_image=\u00bb\u00bb][vc_column]<div class=\"mkdf-section-title-holder    mkdf-has-appear-animation\" >\n\t<div class=\"mkdf-st-inner\">\n\t\t\t\t\t\t<h3 class=\"mkdf-st-title\" >\n\t\t\t\t\t\t\t\t\tDispositivos mec\u00e1nicos para cambiar autom\u00e1ti camente de sector de riego despu\u00e9s de un inter- valo de tiempo deseado.\t\t\t\t\t\t\t<\/h3>\n\t\t\t\t\t\t\t<p class=\"mkdf-st-text\" style=\"font-weight: 300\">\n\t\t\t\tEstos sistemas han sido desarrollados y patentados por SIME para ayudar a los agricultores con problemas en los l\u00edmites de los campos cuando riegan con enrolladores.<br \/>\nDe hecho, en caso de que haya carreteras, v\u00edas f\u00e9rreas o edificios en las proximidades de los campos, los aspersores Sime equipados con el sistema Rotorkit pueden configurarse al inicio de las operaciones para cambiar autom\u00e1ticamente de sector de riego despu\u00e9s de un determinado intervalo de tiempo para regar s\u00f3lo donde sea necesario.\t\t\t<\/p>\n\t\t\t\t\t<\/div>\n<\/div>[vc_empty_space][vc_btn title=\u00bbDescargar esquema Rotorkit\u00ae\u00bb style=\u00bbflat\u00bb shape=\u00bbround\u00bb color=\u00bbdanger\u00bb size=\u00bblg\u00bb align=\u00bbcenter\u00bb i_icon_fontawesome=\u00bbfas fa-download\u00bb css_animation=\u00bbfadeInDown\u00bb add_icon=\u00bbtrue\u00bb css=\u00bb.vc_custom_1675434730054{margin-top: 20px !important;border-top-width: 100px !important;}\u00bb link=\u00bburl:https%3A%2F%2Fwww.simeirrigation.it%2Fwp-content%2Fuploads%2F2023%2F02%2FRotorkit-en-spa.pdf|target:_blank\u00bb][\/vc_column][\/vc_row]<\/p>\n<\/div>","protected":false},"excerpt":{"rendered":"<p>[vc_row full_height=\u00bbyes\u00bb content_placement=\u00bbmiddle\u00bb css_animation=\u00bbfadeIn\u00bb disable_background_image=\u00bb\u00bb][vc_column][vc_empty_space][vc_btn title=\u00bbDescargar esquema Rotorkit\u00ae\u00bb style=\u00bbflat\u00bb shape=\u00bbround\u00bb color=\u00bbdanger\u00bb size=\u00bblg\u00bb align=\u00bbcenter\u00bb i_icon_fontawesome=\u00bbfas fa-download\u00bb css_animation=\u00bbfadeInDown\u00bb add_icon=\u00bbtrue\u00bb css=\u00bb.vc_custom_1675434730054{margin-top: 20px !important;border-top-width: 100px !important;}\u00bb link=\u00bburl:https%3A%2F%2Fwww.simeirrigation.it%2Fwp-content%2Fuploads%2F2023%2F02%2FRotorkit-en-spa.pdf|target:_blank\u00bb][\/vc_column][\/vc_row]<\/p>\n","protected":false},"author":2,"featured_media":0,"parent":0,"menu_order":0,"comment_status":"closed","ping_status":"closed","template":"","meta":{"inline_featured_image":false,"footnotes":""},"class_list":["post-6730","page","type-page","status-publish","hentry"],"yoast_head":"<!-- This site is optimized with the Yoast SEO plugin v26.1.1 - https:\/\/yoast.com\/wordpress\/plugins\/seo\/ -->\n<title>Rotorkit\u00ae - Sime | Aspersores y ca\u00f1ones de medio y largo alcance<\/title>\n<meta name=\"robots\" content=\"index, follow, max-snippet:-1, max-image-preview:large, max-video-preview:-1\" \/>\n<link rel=\"canonical\" href=\"https:\/\/www.simeirrigation.it\/es\/rotorkit\/\" \/>\n<meta property=\"og:locale\" content=\"es_ES\" \/>\n<meta property=\"og:type\" content=\"article\" \/>\n<meta property=\"og:title\" content=\"Rotorkit\u00ae - Sime | Aspersores y ca\u00f1ones de medio y largo alcance\" \/>\n<meta property=\"og:description\" content=\"[vc_row full_height=\u00bbyes\u00bb content_placement=\u00bbmiddle\u00bb css_animation=\u00bbfadeIn\u00bb disable_background_image=\u00bb\u00bb][vc_column][vc_empty_space][vc_btn title=\u00bbDescargar esquema Rotorkit\u00ae\u00bb style=\u00bbflat\u00bb shape=\u00bbround\u00bb color=\u00bbdanger\u00bb size=\u00bblg\u00bb align=\u00bbcenter\u00bb i_icon_fontawesome=\u00bbfas fa-download\u00bb css_animation=\u00bbfadeInDown\u00bb add_icon=\u00bbtrue\u00bb css=\u00bb.vc_custom_1675434730054{margin-top: 20px !important;border-top-width: 100px !important;}\u00bb link=\u00bburl:https%3A%2F%2Fwww.simeirrigation.it%2Fwp-content%2Fuploads%2F2023%2F02%2FRotorkit-en-spa.pdf|target:_blank\u00bb][\/vc_column][\/vc_row]\" \/>\n<meta property=\"og:url\" content=\"https:\/\/www.simeirrigation.it\/es\/rotorkit\/\" \/>\n<meta property=\"og:site_name\" content=\"Sime | Aspersores y ca\u00f1ones de medio y largo alcance\" \/>\n<meta property=\"article:modified_time\" content=\"2023-02-03T14:32:13+00:00\" \/>\n<meta name=\"twitter:card\" content=\"summary_large_image\" \/>\n<meta name=\"twitter:label1\" content=\"Tiempo de lectura\" \/>\n\t<meta name=\"twitter:data1\" content=\"1 minuto\" \/>\n<script type=\"application\/ld+json\" class=\"yoast-schema-graph\">{\"@context\":\"https:\/\/schema.org\",\"@graph\":[{\"@type\":\"WebPage\",\"@id\":\"https:\/\/www.simeirrigation.it\/es\/rotorkit\/\",\"url\":\"https:\/\/www.simeirrigation.it\/es\/rotorkit\/\",\"name\":\"Rotorkit\u00ae - Sime | Aspersores y ca\u00f1ones de medio y largo alcance\",\"isPartOf\":{\"@id\":\"https:\/\/www.simeirrigation.it\/#website\"},\"datePublished\":\"2022-11-06T21:04:35+00:00\",\"dateModified\":\"2023-02-03T14:32:13+00:00\",\"breadcrumb\":{\"@id\":\"https:\/\/www.simeirrigation.it\/es\/rotorkit\/#breadcrumb\"},\"inLanguage\":\"es\",\"potentialAction\":[{\"@type\":\"ReadAction\",\"target\":[\"https:\/\/www.simeirrigation.it\/es\/rotorkit\/\"]}]},{\"@type\":\"BreadcrumbList\",\"@id\":\"https:\/\/www.simeirrigation.it\/es\/rotorkit\/#breadcrumb\",\"itemListElement\":[{\"@type\":\"ListItem\",\"position\":1,\"name\":\"Home\",\"item\":\"https:\/\/www.simeirrigation.it\/es\/\"},{\"@type\":\"ListItem\",\"position\":2,\"name\":\"Rotorkit\u00ae\"}]},{\"@type\":\"WebSite\",\"@id\":\"https:\/\/www.simeirrigation.it\/#website\",\"url\":\"https:\/\/www.simeirrigation.it\/\",\"name\":\"Sime | irrigatori per agricoltura e giardinaggio\",\"description\":\"Aspersores y ca\u00f1ones de medio y largo alcance\",\"publisher\":{\"@id\":\"https:\/\/www.simeirrigation.it\/#organization\"},\"potentialAction\":[{\"@type\":\"SearchAction\",\"target\":{\"@type\":\"EntryPoint\",\"urlTemplate\":\"https:\/\/www.simeirrigation.it\/?s={search_term_string}\"},\"query-input\":{\"@type\":\"PropertyValueSpecification\",\"valueRequired\":true,\"valueName\":\"search_term_string\"}}],\"inLanguage\":\"es\"},{\"@type\":\"Organization\",\"@id\":\"https:\/\/www.simeirrigation.it\/#organization\",\"name\":\"Sime | irrigatori per agricoltura e giardinaggio\",\"url\":\"https:\/\/www.simeirrigation.it\/\",\"logo\":{\"@type\":\"ImageObject\",\"inLanguage\":\"es\",\"@id\":\"https:\/\/www.simeirrigation.it\/#\/schema\/logo\/image\/\",\"url\":\"https:\/\/www.simeirrigation.it\/wp-content\/uploads\/2022\/06\/LogoSime_rosso.png\",\"contentUrl\":\"https:\/\/www.simeirrigation.it\/wp-content\/uploads\/2022\/06\/LogoSime_rosso.png\",\"width\":237,\"height\":237,\"caption\":\"Sime | irrigatori per agricoltura e giardinaggio\"},\"image\":{\"@id\":\"https:\/\/www.simeirrigation.it\/#\/schema\/logo\/image\/\"}}]}<\/script>\n<!-- \/ Yoast SEO plugin. -->","yoast_head_json":{"title":"Rotorkit\u00ae - Sime | Aspersores y ca\u00f1ones de medio y largo alcance","robots":{"index":"index","follow":"follow","max-snippet":"max-snippet:-1","max-image-preview":"max-image-preview:large","max-video-preview":"max-video-preview:-1"},"canonical":"https:\/\/www.simeirrigation.it\/es\/rotorkit\/","og_locale":"es_ES","og_type":"article","og_title":"Rotorkit\u00ae - Sime | Aspersores y ca\u00f1ones de medio y largo alcance","og_description":"[vc_row full_height=\u00bbyes\u00bb content_placement=\u00bbmiddle\u00bb css_animation=\u00bbfadeIn\u00bb disable_background_image=\u00bb\u00bb][vc_column][vc_empty_space][vc_btn title=\u00bbDescargar esquema Rotorkit\u00ae\u00bb style=\u00bbflat\u00bb shape=\u00bbround\u00bb color=\u00bbdanger\u00bb size=\u00bblg\u00bb align=\u00bbcenter\u00bb i_icon_fontawesome=\u00bbfas fa-download\u00bb css_animation=\u00bbfadeInDown\u00bb add_icon=\u00bbtrue\u00bb css=\u00bb.vc_custom_1675434730054{margin-top: 20px !important;border-top-width: 100px !important;}\u00bb link=\u00bburl:https%3A%2F%2Fwww.simeirrigation.it%2Fwp-content%2Fuploads%2F2023%2F02%2FRotorkit-en-spa.pdf|target:_blank\u00bb][\/vc_column][\/vc_row]","og_url":"https:\/\/www.simeirrigation.it\/es\/rotorkit\/","og_site_name":"Sime | Aspersores y ca\u00f1ones de medio y largo alcance","article_modified_time":"2023-02-03T14:32:13+00:00","twitter_card":"summary_large_image","twitter_misc":{"Tiempo de lectura":"1 minuto"},"schema":{"@context":"https:\/\/schema.org","@graph":[{"@type":"WebPage","@id":"https:\/\/www.simeirrigation.it\/es\/rotorkit\/","url":"https:\/\/www.simeirrigation.it\/es\/rotorkit\/","name":"Rotorkit\u00ae - Sime | Aspersores y ca\u00f1ones de medio y largo alcance","isPartOf":{"@id":"https:\/\/www.simeirrigation.it\/#website"},"datePublished":"2022-11-06T21:04:35+00:00","dateModified":"2023-02-03T14:32:13+00:00","breadcrumb":{"@id":"https:\/\/www.simeirrigation.it\/es\/rotorkit\/#breadcrumb"},"inLanguage":"es","potentialAction":[{"@type":"ReadAction","target":["https:\/\/www.simeirrigation.it\/es\/rotorkit\/"]}]},{"@type":"BreadcrumbList","@id":"https:\/\/www.simeirrigation.it\/es\/rotorkit\/#breadcrumb","itemListElement":[{"@type":"ListItem","position":1,"name":"Home","item":"https:\/\/www.simeirrigation.it\/es\/"},{"@type":"ListItem","position":2,"name":"Rotorkit\u00ae"}]},{"@type":"WebSite","@id":"https:\/\/www.simeirrigation.it\/#website","url":"https:\/\/www.simeirrigation.it\/","name":"Sime | irrigatori per agricoltura e giardinaggio","description":"Aspersores y ca\u00f1ones de medio y largo alcance","publisher":{"@id":"https:\/\/www.simeirrigation.it\/#organization"},"potentialAction":[{"@type":"SearchAction","target":{"@type":"EntryPoint","urlTemplate":"https:\/\/www.simeirrigation.it\/?s={search_term_string}"},"query-input":{"@type":"PropertyValueSpecification","valueRequired":true,"valueName":"search_term_string"}}],"inLanguage":"es"},{"@type":"Organization","@id":"https:\/\/www.simeirrigation.it\/#organization","name":"Sime | irrigatori per agricoltura e giardinaggio","url":"https:\/\/www.simeirrigation.it\/","logo":{"@type":"ImageObject","inLanguage":"es","@id":"https:\/\/www.simeirrigation.it\/#\/schema\/logo\/image\/","url":"https:\/\/www.simeirrigation.it\/wp-content\/uploads\/2022\/06\/LogoSime_rosso.png","contentUrl":"https:\/\/www.simeirrigation.it\/wp-content\/uploads\/2022\/06\/LogoSime_rosso.png","width":237,"height":237,"caption":"Sime | irrigatori per agricoltura e giardinaggio"},"image":{"@id":"https:\/\/www.simeirrigation.it\/#\/schema\/logo\/image\/"}}]}},"_links":{"self":[{"href":"https:\/\/www.simeirrigation.it\/es\/wp-json\/wp\/v2\/pages\/6730","targetHints":{"allow":["GET"]}}],"collection":[{"href":"https:\/\/www.simeirrigation.it\/es\/wp-json\/wp\/v2\/pages"}],"about":[{"href":"https:\/\/www.simeirrigation.it\/es\/wp-json\/wp\/v2\/types\/page"}],"author":[{"embeddable":true,"href":"https:\/\/www.simeirrigation.it\/es\/wp-json\/wp\/v2\/users\/2"}],"replies":[{"embeddable":true,"href":"https:\/\/www.simeirrigation.it\/es\/wp-json\/wp\/v2\/comments?post=6730"}],"version-history":[{"count":0,"href":"https:\/\/www.simeirrigation.it\/es\/wp-json\/wp\/v2\/pages\/6730\/revisions"}],"wp:attachment":[{"href":"https:\/\/www.simeirrigation.it\/es\/wp-json\/wp\/v2\/media?parent=6730"}],"curies":[{"name":"wp","href":"https:\/\/api.w.org\/{rel}","templated":true}]}}