{"id":6677,"date":"2022-11-06T18:26:22","date_gmt":"2022-11-06T17:26:22","guid":{"rendered":"https:\/\/www.simeirrigation.it\/irrigatore\/master\/"},"modified":"2025-10-21T12:30:54","modified_gmt":"2025-10-21T10:30:54","slug":"master","status":"publish","type":"product","link":"https:\/\/www.simeirrigation.it\/es\/aspersor\/master\/","title":{"rendered":"Master"},"content":{"rendered":"","protected":false},"excerpt":{"rendered":"<p>Ca\u00f1\u00f3n de riego de impacto y de caudal alto, con \u00e1ngulo de trayectoria ajustable<\/p>\n","protected":false},"featured_media":5799,"template":"","meta":{"inline_featured_image":false},"product_brand":[],"product_cat":[123],"product_tag":[154,153],"class_list":{"0":"post-6677","1":"product","2":"type-product","3":"status-publish","4":"has-post-thumbnail","6":"product_cat-canones-de-impacto","7":"product_tag-enrolladores","8":"product_tag-industria","10":"first","11":"instock","12":"shipping-taxable","13":"product-type-simple"},"yoast_head":"<!-- This site is optimized with the Yoast SEO plugin v26.1.1 - https:\/\/yoast.com\/wordpress\/plugins\/seo\/ -->\n<title>Ca\u00f1ones de Impacto - Master | Sime irrigatori<\/title>\n<meta name=\"description\" content=\"Ca\u00f1ones de Impacto Master. Aspersores y ca\u00f1ones de medio y largo alcance. Range gittata 60 - 95 m. Range portata 1433 - 4566 l\/min.\" \/>\n<meta name=\"robots\" content=\"index, follow, max-snippet:-1, max-image-preview:large, max-video-preview:-1\" \/>\n<link rel=\"canonical\" href=\"https:\/\/www.simeirrigation.it\/es\/aspersor\/master\/\" \/>\n<meta property=\"og:locale\" content=\"es_ES\" \/>\n<meta property=\"og:type\" content=\"article\" \/>\n<meta property=\"og:title\" content=\"Ca\u00f1ones de Impacto - Master | Sime irrigatori\" \/>\n<meta property=\"og:description\" content=\"Ca\u00f1ones de Impacto Master. Aspersores y ca\u00f1ones de medio y largo alcance. Range gittata 60 - 95 m. Range portata 1433 - 4566 l\/min.\" \/>\n<meta property=\"og:url\" content=\"https:\/\/www.simeirrigation.it\/es\/aspersor\/master\/\" \/>\n<meta property=\"og:site_name\" content=\"Sime | Aspersores y ca\u00f1ones de medio y largo alcance\" \/>\n<meta property=\"article:modified_time\" content=\"2025-10-21T10:30:54+00:00\" \/>\n<meta property=\"og:image\" content=\"https:\/\/www.simeirrigation.it\/wp-content\/uploads\/2022\/11\/MasterNotimer_SIME-INAZIENDA0043.png\" \/>\n\t<meta property=\"og:image:width\" content=\"1702\" \/>\n\t<meta property=\"og:image:height\" content=\"1702\" \/>\n\t<meta property=\"og:image:type\" content=\"image\/png\" \/>\n<meta name=\"twitter:card\" content=\"summary_large_image\" \/>\n<script type=\"application\/ld+json\" class=\"yoast-schema-graph\">{\"@context\":\"https:\/\/schema.org\",\"@graph\":[{\"@type\":\"WebPage\",\"@id\":\"https:\/\/www.simeirrigation.it\/es\/aspersor\/master\/\",\"url\":\"https:\/\/www.simeirrigation.it\/es\/aspersor\/master\/\",\"name\":\"Ca\u00f1ones de Impacto - Master | Sime irrigatori\",\"isPartOf\":{\"@id\":\"https:\/\/www.simeirrigation.it\/#website\"},\"primaryImageOfPage\":{\"@id\":\"https:\/\/www.simeirrigation.it\/es\/aspersor\/master\/#primaryimage\"},\"image\":{\"@id\":\"https:\/\/www.simeirrigation.it\/es\/aspersor\/master\/#primaryimage\"},\"thumbnailUrl\":\"https:\/\/www.simeirrigation.it\/wp-content\/uploads\/2022\/11\/MasterNotimer_SIME-INAZIENDA0043.png\",\"datePublished\":\"2022-11-06T17:26:22+00:00\",\"dateModified\":\"2025-10-21T10:30:54+00:00\",\"description\":\"Ca\u00f1ones de Impacto Master. Aspersores y ca\u00f1ones de medio y largo alcance. Range gittata 60 - 95 m. Range portata 1433 - 4566 l\/min.\",\"breadcrumb\":{\"@id\":\"https:\/\/www.simeirrigation.it\/es\/aspersor\/master\/#breadcrumb\"},\"inLanguage\":\"es\",\"potentialAction\":[{\"@type\":\"ReadAction\",\"target\":[\"https:\/\/www.simeirrigation.it\/es\/aspersor\/master\/\"]}]},{\"@type\":\"ImageObject\",\"inLanguage\":\"es\",\"@id\":\"https:\/\/www.simeirrigation.it\/es\/aspersor\/master\/#primaryimage\",\"url\":\"https:\/\/www.simeirrigation.it\/wp-content\/uploads\/2022\/11\/MasterNotimer_SIME-INAZIENDA0043.png\",\"contentUrl\":\"https:\/\/www.simeirrigation.it\/wp-content\/uploads\/2022\/11\/MasterNotimer_SIME-INAZIENDA0043.png\",\"width\":1702,\"height\":1702},{\"@type\":\"BreadcrumbList\",\"@id\":\"https:\/\/www.simeirrigation.it\/es\/aspersor\/master\/#breadcrumb\",\"itemListElement\":[{\"@type\":\"ListItem\",\"position\":1,\"name\":\"Home\",\"item\":\"https:\/\/www.simeirrigation.it\/es\/\"},{\"@type\":\"ListItem\",\"position\":2,\"name\":\"Prodotti\",\"item\":\"https:\/\/www.simeirrigation.it\/shop__trashed\/\"},{\"@type\":\"ListItem\",\"position\":3,\"name\":\"Master\"}]},{\"@type\":\"WebSite\",\"@id\":\"https:\/\/www.simeirrigation.it\/#website\",\"url\":\"https:\/\/www.simeirrigation.it\/\",\"name\":\"Sime | irrigatori per agricoltura e giardinaggio\",\"description\":\"Aspersores y ca\u00f1ones de medio y largo alcance\",\"publisher\":{\"@id\":\"https:\/\/www.simeirrigation.it\/#organization\"},\"potentialAction\":[{\"@type\":\"SearchAction\",\"target\":{\"@type\":\"EntryPoint\",\"urlTemplate\":\"https:\/\/www.simeirrigation.it\/?s={search_term_string}\"},\"query-input\":{\"@type\":\"PropertyValueSpecification\",\"valueRequired\":true,\"valueName\":\"search_term_string\"}}],\"inLanguage\":\"es\"},{\"@type\":\"Organization\",\"@id\":\"https:\/\/www.simeirrigation.it\/#organization\",\"name\":\"Sime | irrigatori per agricoltura e giardinaggio\",\"url\":\"https:\/\/www.simeirrigation.it\/\",\"logo\":{\"@type\":\"ImageObject\",\"inLanguage\":\"es\",\"@id\":\"https:\/\/www.simeirrigation.it\/#\/schema\/logo\/image\/\",\"url\":\"https:\/\/www.simeirrigation.it\/wp-content\/uploads\/2022\/06\/LogoSime_rosso.png\",\"contentUrl\":\"https:\/\/www.simeirrigation.it\/wp-content\/uploads\/2022\/06\/LogoSime_rosso.png\",\"width\":237,\"height\":237,\"caption\":\"Sime | irrigatori per agricoltura e giardinaggio\"},\"image\":{\"@id\":\"https:\/\/www.simeirrigation.it\/#\/schema\/logo\/image\/\"}}]}<\/script>\n<!-- \/ Yoast SEO plugin. -->","yoast_head_json":{"title":"Ca\u00f1ones de Impacto - Master | Sime irrigatori","description":"Ca\u00f1ones de Impacto Master. Aspersores y ca\u00f1ones de medio y largo alcance. Range gittata 60 - 95 m. Range portata 1433 - 4566 l\/min.","robots":{"index":"index","follow":"follow","max-snippet":"max-snippet:-1","max-image-preview":"max-image-preview:large","max-video-preview":"max-video-preview:-1"},"canonical":"https:\/\/www.simeirrigation.it\/es\/aspersor\/master\/","og_locale":"es_ES","og_type":"article","og_title":"Ca\u00f1ones de Impacto - Master | Sime irrigatori","og_description":"Ca\u00f1ones de Impacto Master. Aspersores y ca\u00f1ones de medio y largo alcance. Range gittata 60 - 95 m. Range portata 1433 - 4566 l\/min.","og_url":"https:\/\/www.simeirrigation.it\/es\/aspersor\/master\/","og_site_name":"Sime | Aspersores y ca\u00f1ones de medio y largo alcance","article_modified_time":"2025-10-21T10:30:54+00:00","og_image":[{"width":1702,"height":1702,"url":"https:\/\/www.simeirrigation.it\/wp-content\/uploads\/2022\/11\/MasterNotimer_SIME-INAZIENDA0043.png","type":"image\/png"}],"twitter_card":"summary_large_image","schema":{"@context":"https:\/\/schema.org","@graph":[{"@type":"WebPage","@id":"https:\/\/www.simeirrigation.it\/es\/aspersor\/master\/","url":"https:\/\/www.simeirrigation.it\/es\/aspersor\/master\/","name":"Ca\u00f1ones de Impacto - Master | Sime irrigatori","isPartOf":{"@id":"https:\/\/www.simeirrigation.it\/#website"},"primaryImageOfPage":{"@id":"https:\/\/www.simeirrigation.it\/es\/aspersor\/master\/#primaryimage"},"image":{"@id":"https:\/\/www.simeirrigation.it\/es\/aspersor\/master\/#primaryimage"},"thumbnailUrl":"https:\/\/www.simeirrigation.it\/wp-content\/uploads\/2022\/11\/MasterNotimer_SIME-INAZIENDA0043.png","datePublished":"2022-11-06T17:26:22+00:00","dateModified":"2025-10-21T10:30:54+00:00","description":"Ca\u00f1ones de Impacto Master. Aspersores y ca\u00f1ones de medio y largo alcance. Range gittata 60 - 95 m. Range portata 1433 - 4566 l\/min.","breadcrumb":{"@id":"https:\/\/www.simeirrigation.it\/es\/aspersor\/master\/#breadcrumb"},"inLanguage":"es","potentialAction":[{"@type":"ReadAction","target":["https:\/\/www.simeirrigation.it\/es\/aspersor\/master\/"]}]},{"@type":"ImageObject","inLanguage":"es","@id":"https:\/\/www.simeirrigation.it\/es\/aspersor\/master\/#primaryimage","url":"https:\/\/www.simeirrigation.it\/wp-content\/uploads\/2022\/11\/MasterNotimer_SIME-INAZIENDA0043.png","contentUrl":"https:\/\/www.simeirrigation.it\/wp-content\/uploads\/2022\/11\/MasterNotimer_SIME-INAZIENDA0043.png","width":1702,"height":1702},{"@type":"BreadcrumbList","@id":"https:\/\/www.simeirrigation.it\/es\/aspersor\/master\/#breadcrumb","itemListElement":[{"@type":"ListItem","position":1,"name":"Home","item":"https:\/\/www.simeirrigation.it\/es\/"},{"@type":"ListItem","position":2,"name":"Prodotti","item":"https:\/\/www.simeirrigation.it\/shop__trashed\/"},{"@type":"ListItem","position":3,"name":"Master"}]},{"@type":"WebSite","@id":"https:\/\/www.simeirrigation.it\/#website","url":"https:\/\/www.simeirrigation.it\/","name":"Sime | irrigatori per agricoltura e giardinaggio","description":"Aspersores y ca\u00f1ones de medio y largo alcance","publisher":{"@id":"https:\/\/www.simeirrigation.it\/#organization"},"potentialAction":[{"@type":"SearchAction","target":{"@type":"EntryPoint","urlTemplate":"https:\/\/www.simeirrigation.it\/?s={search_term_string}"},"query-input":{"@type":"PropertyValueSpecification","valueRequired":true,"valueName":"search_term_string"}}],"inLanguage":"es"},{"@type":"Organization","@id":"https:\/\/www.simeirrigation.it\/#organization","name":"Sime | irrigatori per agricoltura e giardinaggio","url":"https:\/\/www.simeirrigation.it\/","logo":{"@type":"ImageObject","inLanguage":"es","@id":"https:\/\/www.simeirrigation.it\/#\/schema\/logo\/image\/","url":"https:\/\/www.simeirrigation.it\/wp-content\/uploads\/2022\/06\/LogoSime_rosso.png","contentUrl":"https:\/\/www.simeirrigation.it\/wp-content\/uploads\/2022\/06\/LogoSime_rosso.png","width":237,"height":237,"caption":"Sime | irrigatori per agricoltura e giardinaggio"},"image":{"@id":"https:\/\/www.simeirrigation.it\/#\/schema\/logo\/image\/"}}]}},"_links":{"self":[{"href":"https:\/\/www.simeirrigation.it\/es\/wp-json\/wp\/v2\/product\/6677","targetHints":{"allow":["GET"]}}],"collection":[{"href":"https:\/\/www.simeirrigation.it\/es\/wp-json\/wp\/v2\/product"}],"about":[{"href":"https:\/\/www.simeirrigation.it\/es\/wp-json\/wp\/v2\/types\/product"}],"wp:featuredmedia":[{"embeddable":true,"href":"https:\/\/www.simeirrigation.it\/es\/wp-json\/wp\/v2\/media\/5799"}],"wp:attachment":[{"href":"https:\/\/www.simeirrigation.it\/es\/wp-json\/wp\/v2\/media?parent=6677"}],"wp:term":[{"taxonomy":"product_brand","embeddable":true,"href":"https:\/\/www.simeirrigation.it\/es\/wp-json\/wp\/v2\/product_brand?post=6677"},{"taxonomy":"product_cat","embeddable":true,"href":"https:\/\/www.simeirrigation.it\/es\/wp-json\/wp\/v2\/product_cat?post=6677"},{"taxonomy":"product_tag","embeddable":true,"href":"https:\/\/www.simeirrigation.it\/es\/wp-json\/wp\/v2\/product_tag?post=6677"}],"curies":[{"name":"wp","href":"https:\/\/api.w.org\/{rel}","templated":true}]}}