{"id":6751,"date":"2022-06-24T11:01:52","date_gmt":"2022-06-24T09:01:52","guid":{"rendered":"https:\/\/www.simeirrigation.it\/entreprise\/"},"modified":"2025-07-07T15:32:09","modified_gmt":"2025-07-07T13:32:09","slug":"entreprise","status":"publish","type":"page","link":"https:\/\/www.simeirrigation.it\/fr\/entreprise\/","title":{"rendered":"Entreprise"},"content":{"rendered":"<div class=\"wpb-content-wrapper\"><p>[vc_row row_content_width=\u00a0\u00bbgrid\u00a0\u00bb disable_background_image=\u00a0\u00bb\u00a0\u00bb simple_background_image=\u00a0\u00bb7492&Prime; css=\u00a0\u00bb.vc_custom_1751894212472{padding-top: 15% !important;padding-bottom: 15% !important;}\u00a0\u00bb simple_background_color=\u00a0\u00bb#000000&Prime;][vc_column][vc_row_inner equal_height=\u00a0\u00bbyes\u00a0\u00bb content_placement=\u00a0\u00bbmiddle\u00a0\u00bb gap=\u00a0\u00bb35&Prime;][vc_column_inner width=\u00a0\u00bb1\/2&Prime;]<div class=\"mkdf-section-title-holder    mkdf-has-appear-animation\" >\n\t<div class=\"mkdf-st-inner\">\n\t\t\t<span class=\"mkdf-st-tagline\" >\n\t\t\t\u00c0 PROPOS DE NOUS\t\t<\/span>\n\t\t\t\t\t\t<h2 class=\"mkdf-st-title\" style=\"color: #ffffff\">\n\t\t\t\t\t\t\t\t\tce que nous faisons\t\t\t\t\t\t\t<\/h2>\n\t\t\t\t\t\t\t<p class=\"mkdf-st-text\" style=\"color: #000000\">\n\t\t\t\tSIME Idromeccanica con\u00e7oit et fabrique des syst\u00e8mes d\u2019irrigation par aspersion enti\u00e8rement Made in Italy. En alliant tradition et innovation, l\u2019entreprise est devenue une r\u00e9f\u00e9rence mondiale gr\u00e2ce \u00e0 des produits fiables, polyvalents et technologiquement avanc\u00e9s. La qualit\u00e9 SIME na\u00eet de la passion, de l\u2019exp\u00e9rience et d\u2019une vision tourn\u00e9e vers l\u2019avenir.\t\t\t<\/p>\n\t\t\t\t\t<\/div>\n<\/div>[\/vc_column_inner][vc_column_inner width=\u00a0\u00bb1\/2&Prime;]<div class=\"mkdf-video-button-holder    \">\n\t\t\t\t<span class=\"mkdf-video-button-play\" >\n\t\t\t<span class=\"mkdf-video-button-play-inner\">\n\t\t\t\t<span class=\"mkdf-video-button-play-holder\">\n\t\t\t\t\t<span class=\"mkdf-video-button-play-text\">\n\t\t\t            <span class=\"mkdf-btn-line-hidden\"><\/span>\n\t\t\t            <span class=\"mkdf-btn-text\">Play<\/span>\n\t\t\t\t        <span class=\"mkdf-btn-line\"><\/span>\n\t\t\t            <i class=\"mkdf-icon-ion-icon ion-ios-play \"><\/i>\n\t\t\t        <\/span>\n\t\t\t        <span class=\"mkdf-video-button-svg\">\n\t\t\t\t\t\t<svg x=\"0px\" y=\"0px\" width=\"78px\" height=\"80px\" viewBox=\"0 0 78 80\" style=\"enable-background:new 0 0 78 80;\">\n\t\t\t\t\t\t\t<path fill=\"CurrentColor\" d=\"M38.2,0C20.1,0,4.8,12.3,0,29h1C5.8,12.8,20.7,1,38.2,1C59.6,1,77,18.5,77,40c0,21.5-17.4,39-38.8,39\n\t\tC21,79,6.4,67.6,1.3,52H0.3c5.1,16.2,20.1,28,37.9,28C60.2,80,78,62.1,78,40C78,17.9,60.2,0,38.2,0z\"><\/path>\n\t\t\t\t\t\t<\/svg>\n\t\t\t\t\t<\/span>\n\t\t\t\t\t\t\t\t\t\t\t<a class=\"mkdf-video-button-link\" href=\"https:\/\/www.youtube.com\/watch?v=I3GGnIeyZbE\" data-rel=\"prettyPhoto[video_button_pretty_photo_368]\"><\/a>\n\t\t\t\t\t\t\t\t\t<\/span>\n\t\t\t<\/span>\n\t\t<\/span>\n\t\t<\/div>[\/vc_column_inner][\/vc_row_inner][\/vc_column][\/vc_row][vc_row full_height=\u00a0\u00bbyes\u00a0\u00bb row_content_width=\u00a0\u00bbgrid\u00a0\u00bb disable_background_image=\u00a0\u00bb\u00a0\u00bb vertical_lines=\u00a0\u00bbyes\u00a0\u00bb animated_text_position=\u00a0\u00bbcenter\u00a0\u00bb animated_text_vertical_position=\u00a0\u00bbtop\u00a0\u00bb animated_text=\u00a0\u00bbOur Story\u00a0\u00bb animated_text_color=\u00a0\u00bb#f9f9f9&Prime; css=\u00a0\u00bb.vc_custom_1751892769076{margin-top: 100px !important;padding-top: 25px !important;}\u00a0\u00bb][vc_column]<div class=\"mkdf-animation-holder mkdf-grow-in\" data-animation=\"mkdf-grow-in\" data-animation-delay=\"300\"><div class=\"mkdf-animation-inner\">[vc_single_image image=\u00a0\u00bb3772&Prime; img_size=\u00a0\u00bb400&#215;400&Prime; alignment=\u00a0\u00bbcenter\u00a0\u00bb style=\u00a0\u00bbvc_box_circle_2&Prime;][vc_column_text]<\/p>\n<h2 style=\"text-align: center;\">Notre histoire<\/h2>\n<p><\/p>\n<p style=\"text-align: center;\">SIME a \u00e9t\u00e9 fond\u00e9e en 1951 par Antonio Lanzoni, motiv\u00e9e par son amour pour le des- sin technique. Bas\u00e9 dans la pr\u00e9nom\u00e9e Motor Valley, une r\u00e9gion du nord de l\u2019Ital- ie, connue pour la m\u00e9canique et proche du fleuve P\u00f4, le plus long d\u2019Italie, le sec- teur des machines d\u2019irrigation s\u2019est av\u00e9r\u00e9 \u00eatre id\u00e9al pour une sp\u00e9cialisation. Apr\u00e8s quelques ann\u00e9es, SIME s\u2019est sp\u00e9cialis\u00e9e dans la fabrication de canons d\u2019irrigation \u00e0 long Port\u00e9e d\u2019action. Depuis lors, la croissance des parts de march\u00e9 et la multiplicit\u00e9 des mod\u00e8les propos\u00e9s a \u00e9t\u00e9 continue, SIME est aujourd\u2019hui le leader mondial dans son domaine, exportant vers plus de 70 pays et fournissant les acteurs les plus importants de l\u2019industrie de l\u2019irrigation.<\/p>\n<p>&nbsp;[\/vc_column_text]<\/div><\/div>[\/vc_column][\/vc_row][vc_row full_height=\u00a0\u00bbyes\u00a0\u00bb row_content_width=\u00a0\u00bbgrid\u00a0\u00bb disable_background_image=\u00a0\u00bb\u00a0\u00bb vertical_lines=\u00a0\u00bbyes\u00a0\u00bb animated_text_position=\u00a0\u00bbcenter\u00a0\u00bb animated_text_vertical_position=\u00a0\u00bbtop\u00a0\u00bb animated_text=\u00a0\u00bbOur Story\u00a0\u00bb animated_text_color=\u00a0\u00bb#f9f9f9&Prime; css=\u00a0\u00bb.vc_custom_1751892777034{margin-top: 50px !important;padding-top: 25px !important;}\u00a0\u00bb][vc_column]<div class=\"mkdf-animation-holder mkdf-grow-in\" data-animation=\"mkdf-grow-in\" data-animation-delay=\"300\"><div class=\"mkdf-animation-inner\">[vc_column_text]<\/p>\n<h2 style=\"text-align: center;\">EXPORTATION DANS PLUS DE 70 PAYS DU MONDE ENTIER<\/h2>\n<p><\/p>\n<p style=\"text-align: center;\">Nous fournissons les principales unit\u00e9s d\u2019irrigation, avec des exp\u00e9ditions depuis notre si\u00e8ge en\u00a0<strong>Italie<\/strong>\u00a0et un entrep\u00f4t aux\u00a0<span style=\"color: #000000;\"><strong>\u00c9tats-Unis<\/strong><\/span>.<\/p>\n<p><\/p>\n<p style=\"text-align: center;\">\n<p>[\/vc_column_text][vc_single_image image=\u00a0\u00bb7407&Prime; img_size=\u00a0\u00bblarge\u00a0\u00bb alignment=\u00a0\u00bbcenter\u00a0\u00bb]<\/div><\/div>[\/vc_column][\/vc_row][vc_row row_content_width=\u00a0\u00bbgrid\u00a0\u00bb disable_background_image=\u00a0\u00bb\u00a0\u00bb vertical_lines=\u00a0\u00bbyes\u00a0\u00bb animated_text_position=\u00a0\u00bbright\u00a0\u00bb animated_text_vertical_position=\u00a0\u00bbtop\u00a0\u00bb animated_text=\u00a0\u00bbknow-how\u00a0\u00bb animated_text_color=\u00a0\u00bb#f9f9f9&Prime; css=\u00a0\u00bb.vc_custom_1751892782646{margin-top: 50px !important;padding-top: 32px !important;padding-bottom: 0px !important;}\u00a0\u00bb][vc_column]<div class=\"mkdf-animation-holder mkdf-grow-in\" data-animation=\"mkdf-grow-in\" data-animation-delay=\"300\"><div class=\"mkdf-animation-inner\">[vc_single_image image=\u00a0\u00bb4204&Prime; img_size=\u00a0\u00bblarge\u00a0\u00bb alignment=\u00a0\u00bbcenter\u00a0\u00bb][vc_column_text]<\/p>\n<h2 style=\"text-align: center;\">Exp\u00e9rience &amp; innovation<\/h2>\n<p><\/p>\n<p style=\"text-align: center;\">Les produits SIME sont l\u2019aboutissement d\u2019un long processus d\u2019am\u00e9lioration qui a toujours alli\u00e9 une expertise dans le domaine et une passion pour l\u2019innovation. Nos efforts continus pour satisfaire les demandes des clients ont port\u00e9 les canons et arroseurs SIME \u00e0 des niveaux de qualit\u00e9 et de polyvalence in\u00e9gal\u00e9s, ce qui les rend compatible \u00e0 un nombre incroyable d\u2019applications diff\u00e9rentes. La qualit\u00e9 des produits et services SIME est \u00e9galement garantie par la certification ISO 9001.<\/p>\n<p>&nbsp;<\/p>\n<p>&nbsp;[\/vc_column_text]<\/div><\/div>[\/vc_column][\/vc_row]<\/p>\n<\/div>","protected":false},"excerpt":{"rendered":"<p>[vc_row row_content_width=\u00a0\u00bbgrid\u00a0\u00bb disable_background_image=\u00a0\u00bb\u00a0\u00bb simple_background_image=\u00a0\u00bb7492&Prime; css=\u00a0\u00bb.vc_custom_1751894212472{padding-top: 15% !important;padding-bottom: 15% !important;}\u00a0\u00bb simple_background_color=\u00a0\u00bb#000000&Prime;][vc_column][vc_row_inner equal_height=\u00a0\u00bbyes\u00a0\u00bb content_placement=\u00a0\u00bbmiddle\u00a0\u00bb gap=\u00a0\u00bb35&Prime;][vc_column_inner width=\u00a0\u00bb1\/2&Prime;][\/vc_column_inner][vc_column_inner width=\u00a0\u00bb1\/2&Prime;][\/vc_column_inner][\/vc_row_inner][\/vc_column][\/vc_row][vc_row full_height=\u00a0\u00bbyes\u00a0\u00bb row_content_width=\u00a0\u00bbgrid\u00a0\u00bb disable_background_image=\u00a0\u00bb\u00a0\u00bb vertical_lines=\u00a0\u00bbyes\u00a0\u00bb animated_text_position=\u00a0\u00bbcenter\u00a0\u00bb animated_text_vertical_position=\u00a0\u00bbtop\u00a0\u00bb animated_text=\u00a0\u00bbOur Story\u00a0\u00bb animated_text_color=\u00a0\u00bb#f9f9f9&Prime; css=\u00a0\u00bb.vc_custom_1751892769076{margin-top: 100px !important;padding-top: 25px !important;}\u00a0\u00bb][vc_column][\/vc_column][\/vc_row][vc_row full_height=\u00a0\u00bbyes\u00a0\u00bb row_content_width=\u00a0\u00bbgrid\u00a0\u00bb disable_background_image=\u00a0\u00bb\u00a0\u00bb vertical_lines=\u00a0\u00bbyes\u00a0\u00bb animated_text_position=\u00a0\u00bbcenter\u00a0\u00bb animated_text_vertical_position=\u00a0\u00bbtop\u00a0\u00bb animated_text=\u00a0\u00bbOur Story\u00a0\u00bb animated_text_color=\u00a0\u00bb#f9f9f9&Prime; css=\u00a0\u00bb.vc_custom_1751892777034{margin-top: 50px !important;padding-top: 25px !important;}\u00a0\u00bb][vc_column][\/vc_column][\/vc_row][vc_row row_content_width=\u00a0\u00bbgrid\u00a0\u00bb disable_background_image=\u00a0\u00bb\u00a0\u00bb vertical_lines=\u00a0\u00bbyes\u00a0\u00bb animated_text_position=\u00a0\u00bbright\u00a0\u00bb animated_text_vertical_position=\u00a0\u00bbtop\u00a0\u00bb animated_text=\u00a0\u00bbknow-how\u00a0\u00bb animated_text_color=\u00a0\u00bb#f9f9f9&Prime; css=\u00a0\u00bb.vc_custom_1751892782646{margin-top: [&hellip;]<\/p>\n","protected":false},"author":1,"featured_media":0,"parent":0,"menu_order":0,"comment_status":"closed","ping_status":"closed","template":"full-width.php","meta":{"inline_featured_image":false,"footnotes":""},"class_list":["post-6751","page","type-page","status-publish","hentry"],"yoast_head":"<!-- This site is optimized with the Yoast SEO plugin v26.1.1 - https:\/\/yoast.com\/wordpress\/plugins\/seo\/ -->\n<title>Entreprise - Sime | Arroseurs et canons \u00e0 moyenne et longue port\u00e9e<\/title>\n<meta name=\"robots\" content=\"index, follow, max-snippet:-1, max-image-preview:large, max-video-preview:-1\" \/>\n<link rel=\"canonical\" href=\"https:\/\/www.simeirrigation.it\/fr\/entreprise\/\" \/>\n<meta property=\"og:locale\" content=\"fr_FR\" \/>\n<meta property=\"og:type\" content=\"article\" \/>\n<meta property=\"og:title\" content=\"Entreprise - Sime | Arroseurs et canons \u00e0 moyenne et longue port\u00e9e\" \/>\n<meta property=\"og:description\" content=\"[vc_row row_content_width=\u00a0\u00bbgrid\u00a0\u00bb disable_background_image=\u00a0\u00bb\u00a0\u00bb simple_background_image=\u00a0\u00bb7492&Prime; css=\u00a0\u00bb.vc_custom_1751894212472{padding-top: 15% !important;padding-bottom: 15% !important;}\u00a0\u00bb simple_background_color=\u00a0\u00bb#000000&Prime;][vc_column][vc_row_inner equal_height=\u00a0\u00bbyes\u00a0\u00bb content_placement=\u00a0\u00bbmiddle\u00a0\u00bb gap=\u00a0\u00bb35&Prime;][vc_column_inner width=\u00a0\u00bb1\/2&Prime;][\/vc_column_inner][vc_column_inner width=\u00a0\u00bb1\/2&Prime;][\/vc_column_inner][\/vc_row_inner][\/vc_column][\/vc_row][vc_row full_height=\u00a0\u00bbyes\u00a0\u00bb row_content_width=\u00a0\u00bbgrid\u00a0\u00bb disable_background_image=\u00a0\u00bb\u00a0\u00bb vertical_lines=\u00a0\u00bbyes\u00a0\u00bb animated_text_position=\u00a0\u00bbcenter\u00a0\u00bb animated_text_vertical_position=\u00a0\u00bbtop\u00a0\u00bb animated_text=\u00a0\u00bbOur Story\u00a0\u00bb animated_text_color=\u00a0\u00bb#f9f9f9&Prime; css=\u00a0\u00bb.vc_custom_1751892769076{margin-top: 100px !important;padding-top: 25px !important;}\u00a0\u00bb][vc_column][\/vc_column][\/vc_row][vc_row full_height=\u00a0\u00bbyes\u00a0\u00bb row_content_width=\u00a0\u00bbgrid\u00a0\u00bb disable_background_image=\u00a0\u00bb\u00a0\u00bb vertical_lines=\u00a0\u00bbyes\u00a0\u00bb animated_text_position=\u00a0\u00bbcenter\u00a0\u00bb animated_text_vertical_position=\u00a0\u00bbtop\u00a0\u00bb animated_text=\u00a0\u00bbOur Story\u00a0\u00bb animated_text_color=\u00a0\u00bb#f9f9f9&Prime; css=\u00a0\u00bb.vc_custom_1751892777034{margin-top: 50px !important;padding-top: 25px !important;}\u00a0\u00bb][vc_column][\/vc_column][\/vc_row][vc_row row_content_width=\u00a0\u00bbgrid\u00a0\u00bb disable_background_image=\u00a0\u00bb\u00a0\u00bb vertical_lines=\u00a0\u00bbyes\u00a0\u00bb animated_text_position=\u00a0\u00bbright\u00a0\u00bb animated_text_vertical_position=\u00a0\u00bbtop\u00a0\u00bb animated_text=\u00a0\u00bbknow-how\u00a0\u00bb animated_text_color=\u00a0\u00bb#f9f9f9&Prime; css=\u00a0\u00bb.vc_custom_1751892782646{margin-top: [&hellip;]\" \/>\n<meta property=\"og:url\" content=\"https:\/\/www.simeirrigation.it\/fr\/entreprise\/\" \/>\n<meta property=\"og:site_name\" content=\"Sime | Arroseurs et canons \u00e0 moyenne et longue port\u00e9e\" \/>\n<meta property=\"article:modified_time\" content=\"2025-07-07T13:32:09+00:00\" \/>\n<meta name=\"twitter:card\" content=\"summary_large_image\" \/>\n<meta name=\"twitter:label1\" content=\"Dur\u00e9e de lecture estim\u00e9e\" \/>\n\t<meta name=\"twitter:data1\" content=\"3 minutes\" \/>\n<script type=\"application\/ld+json\" class=\"yoast-schema-graph\">{\"@context\":\"https:\/\/schema.org\",\"@graph\":[{\"@type\":\"WebPage\",\"@id\":\"https:\/\/www.simeirrigation.it\/fr\/entreprise\/\",\"url\":\"https:\/\/www.simeirrigation.it\/fr\/entreprise\/\",\"name\":\"Entreprise - Sime | Arroseurs et canons \u00e0 moyenne et longue port\u00e9e\",\"isPartOf\":{\"@id\":\"https:\/\/www.simeirrigation.it\/#website\"},\"datePublished\":\"2022-06-24T09:01:52+00:00\",\"dateModified\":\"2025-07-07T13:32:09+00:00\",\"breadcrumb\":{\"@id\":\"https:\/\/www.simeirrigation.it\/fr\/entreprise\/#breadcrumb\"},\"inLanguage\":\"fr-FR\",\"potentialAction\":[{\"@type\":\"ReadAction\",\"target\":[\"https:\/\/www.simeirrigation.it\/fr\/entreprise\/\"]}]},{\"@type\":\"BreadcrumbList\",\"@id\":\"https:\/\/www.simeirrigation.it\/fr\/entreprise\/#breadcrumb\",\"itemListElement\":[{\"@type\":\"ListItem\",\"position\":1,\"name\":\"Home\",\"item\":\"https:\/\/www.simeirrigation.it\/fr\/\"},{\"@type\":\"ListItem\",\"position\":2,\"name\":\"Entreprise\"}]},{\"@type\":\"WebSite\",\"@id\":\"https:\/\/www.simeirrigation.it\/#website\",\"url\":\"https:\/\/www.simeirrigation.it\/\",\"name\":\"Sime | irrigatori per agricoltura e giardinaggio\",\"description\":\"Arroseurs et canons \u00e0 moyenne et longue port\u00e9e\",\"publisher\":{\"@id\":\"https:\/\/www.simeirrigation.it\/#organization\"},\"potentialAction\":[{\"@type\":\"SearchAction\",\"target\":{\"@type\":\"EntryPoint\",\"urlTemplate\":\"https:\/\/www.simeirrigation.it\/?s={search_term_string}\"},\"query-input\":{\"@type\":\"PropertyValueSpecification\",\"valueRequired\":true,\"valueName\":\"search_term_string\"}}],\"inLanguage\":\"fr-FR\"},{\"@type\":\"Organization\",\"@id\":\"https:\/\/www.simeirrigation.it\/#organization\",\"name\":\"Sime | irrigatori per agricoltura e giardinaggio\",\"url\":\"https:\/\/www.simeirrigation.it\/\",\"logo\":{\"@type\":\"ImageObject\",\"inLanguage\":\"fr-FR\",\"@id\":\"https:\/\/www.simeirrigation.it\/#\/schema\/logo\/image\/\",\"url\":\"https:\/\/www.simeirrigation.it\/wp-content\/uploads\/2022\/06\/LogoSime_rosso.png\",\"contentUrl\":\"https:\/\/www.simeirrigation.it\/wp-content\/uploads\/2022\/06\/LogoSime_rosso.png\",\"width\":237,\"height\":237,\"caption\":\"Sime | irrigatori per agricoltura e giardinaggio\"},\"image\":{\"@id\":\"https:\/\/www.simeirrigation.it\/#\/schema\/logo\/image\/\"}}]}<\/script>\n<!-- \/ Yoast SEO plugin. -->","yoast_head_json":{"title":"Entreprise - Sime | Arroseurs et canons \u00e0 moyenne et longue port\u00e9e","robots":{"index":"index","follow":"follow","max-snippet":"max-snippet:-1","max-image-preview":"max-image-preview:large","max-video-preview":"max-video-preview:-1"},"canonical":"https:\/\/www.simeirrigation.it\/fr\/entreprise\/","og_locale":"fr_FR","og_type":"article","og_title":"Entreprise - Sime | Arroseurs et canons \u00e0 moyenne et longue port\u00e9e","og_description":"[vc_row row_content_width=\u00a0\u00bbgrid\u00a0\u00bb disable_background_image=\u00a0\u00bb\u00a0\u00bb simple_background_image=\u00a0\u00bb7492&Prime; css=\u00a0\u00bb.vc_custom_1751894212472{padding-top: 15% !important;padding-bottom: 15% !important;}\u00a0\u00bb simple_background_color=\u00a0\u00bb#000000&Prime;][vc_column][vc_row_inner equal_height=\u00a0\u00bbyes\u00a0\u00bb content_placement=\u00a0\u00bbmiddle\u00a0\u00bb gap=\u00a0\u00bb35&Prime;][vc_column_inner width=\u00a0\u00bb1\/2&Prime;][\/vc_column_inner][vc_column_inner width=\u00a0\u00bb1\/2&Prime;][\/vc_column_inner][\/vc_row_inner][\/vc_column][\/vc_row][vc_row full_height=\u00a0\u00bbyes\u00a0\u00bb row_content_width=\u00a0\u00bbgrid\u00a0\u00bb disable_background_image=\u00a0\u00bb\u00a0\u00bb vertical_lines=\u00a0\u00bbyes\u00a0\u00bb animated_text_position=\u00a0\u00bbcenter\u00a0\u00bb animated_text_vertical_position=\u00a0\u00bbtop\u00a0\u00bb animated_text=\u00a0\u00bbOur Story\u00a0\u00bb animated_text_color=\u00a0\u00bb#f9f9f9&Prime; css=\u00a0\u00bb.vc_custom_1751892769076{margin-top: 100px !important;padding-top: 25px !important;}\u00a0\u00bb][vc_column][\/vc_column][\/vc_row][vc_row full_height=\u00a0\u00bbyes\u00a0\u00bb row_content_width=\u00a0\u00bbgrid\u00a0\u00bb disable_background_image=\u00a0\u00bb\u00a0\u00bb vertical_lines=\u00a0\u00bbyes\u00a0\u00bb animated_text_position=\u00a0\u00bbcenter\u00a0\u00bb animated_text_vertical_position=\u00a0\u00bbtop\u00a0\u00bb animated_text=\u00a0\u00bbOur Story\u00a0\u00bb animated_text_color=\u00a0\u00bb#f9f9f9&Prime; css=\u00a0\u00bb.vc_custom_1751892777034{margin-top: 50px !important;padding-top: 25px !important;}\u00a0\u00bb][vc_column][\/vc_column][\/vc_row][vc_row row_content_width=\u00a0\u00bbgrid\u00a0\u00bb disable_background_image=\u00a0\u00bb\u00a0\u00bb vertical_lines=\u00a0\u00bbyes\u00a0\u00bb animated_text_position=\u00a0\u00bbright\u00a0\u00bb animated_text_vertical_position=\u00a0\u00bbtop\u00a0\u00bb animated_text=\u00a0\u00bbknow-how\u00a0\u00bb animated_text_color=\u00a0\u00bb#f9f9f9&Prime; css=\u00a0\u00bb.vc_custom_1751892782646{margin-top: [&hellip;]","og_url":"https:\/\/www.simeirrigation.it\/fr\/entreprise\/","og_site_name":"Sime | Arroseurs et canons \u00e0 moyenne et longue port\u00e9e","article_modified_time":"2025-07-07T13:32:09+00:00","twitter_card":"summary_large_image","twitter_misc":{"Dur\u00e9e de lecture estim\u00e9e":"3 minutes"},"schema":{"@context":"https:\/\/schema.org","@graph":[{"@type":"WebPage","@id":"https:\/\/www.simeirrigation.it\/fr\/entreprise\/","url":"https:\/\/www.simeirrigation.it\/fr\/entreprise\/","name":"Entreprise - Sime | Arroseurs et canons \u00e0 moyenne et longue port\u00e9e","isPartOf":{"@id":"https:\/\/www.simeirrigation.it\/#website"},"datePublished":"2022-06-24T09:01:52+00:00","dateModified":"2025-07-07T13:32:09+00:00","breadcrumb":{"@id":"https:\/\/www.simeirrigation.it\/fr\/entreprise\/#breadcrumb"},"inLanguage":"fr-FR","potentialAction":[{"@type":"ReadAction","target":["https:\/\/www.simeirrigation.it\/fr\/entreprise\/"]}]},{"@type":"BreadcrumbList","@id":"https:\/\/www.simeirrigation.it\/fr\/entreprise\/#breadcrumb","itemListElement":[{"@type":"ListItem","position":1,"name":"Home","item":"https:\/\/www.simeirrigation.it\/fr\/"},{"@type":"ListItem","position":2,"name":"Entreprise"}]},{"@type":"WebSite","@id":"https:\/\/www.simeirrigation.it\/#website","url":"https:\/\/www.simeirrigation.it\/","name":"Sime | irrigatori per agricoltura e giardinaggio","description":"Arroseurs et canons \u00e0 moyenne et longue port\u00e9e","publisher":{"@id":"https:\/\/www.simeirrigation.it\/#organization"},"potentialAction":[{"@type":"SearchAction","target":{"@type":"EntryPoint","urlTemplate":"https:\/\/www.simeirrigation.it\/?s={search_term_string}"},"query-input":{"@type":"PropertyValueSpecification","valueRequired":true,"valueName":"search_term_string"}}],"inLanguage":"fr-FR"},{"@type":"Organization","@id":"https:\/\/www.simeirrigation.it\/#organization","name":"Sime | irrigatori per agricoltura e giardinaggio","url":"https:\/\/www.simeirrigation.it\/","logo":{"@type":"ImageObject","inLanguage":"fr-FR","@id":"https:\/\/www.simeirrigation.it\/#\/schema\/logo\/image\/","url":"https:\/\/www.simeirrigation.it\/wp-content\/uploads\/2022\/06\/LogoSime_rosso.png","contentUrl":"https:\/\/www.simeirrigation.it\/wp-content\/uploads\/2022\/06\/LogoSime_rosso.png","width":237,"height":237,"caption":"Sime | irrigatori per agricoltura e giardinaggio"},"image":{"@id":"https:\/\/www.simeirrigation.it\/#\/schema\/logo\/image\/"}}]}},"_links":{"self":[{"href":"https:\/\/www.simeirrigation.it\/fr\/wp-json\/wp\/v2\/pages\/6751","targetHints":{"allow":["GET"]}}],"collection":[{"href":"https:\/\/www.simeirrigation.it\/fr\/wp-json\/wp\/v2\/pages"}],"about":[{"href":"https:\/\/www.simeirrigation.it\/fr\/wp-json\/wp\/v2\/types\/page"}],"author":[{"embeddable":true,"href":"https:\/\/www.simeirrigation.it\/fr\/wp-json\/wp\/v2\/users\/1"}],"replies":[{"embeddable":true,"href":"https:\/\/www.simeirrigation.it\/fr\/wp-json\/wp\/v2\/comments?post=6751"}],"version-history":[{"count":0,"href":"https:\/\/www.simeirrigation.it\/fr\/wp-json\/wp\/v2\/pages\/6751\/revisions"}],"wp:attachment":[{"href":"https:\/\/www.simeirrigation.it\/fr\/wp-json\/wp\/v2\/media?parent=6751"}],"curies":[{"name":"wp","href":"https:\/\/api.w.org\/{rel}","templated":true}]}}