{"id":6761,"date":"2022-09-08T13:14:10","date_gmt":"2022-09-08T11:14:10","guid":{"rendered":"https:\/\/www.simeirrigation.it\/produits\/"},"modified":"2023-07-19T16:36:42","modified_gmt":"2023-07-19T14:36:42","slug":"produits","status":"publish","type":"page","link":"https:\/\/www.simeirrigation.it\/fr\/produits\/","title":{"rendered":"Produits"},"content":{"rendered":"<div class=\"wpb-content-wrapper\"><p>[vc_row disable_background_image=\u00a0\u00bb\u00a0\u00bb][vc_column]<div class=\"mkdf-section-title-holder  mkdf-st-split  mkdf-has-appear-animation\" style=\"padding: 0 10%\">\n\t<div class=\"mkdf-st-inner\">\n\t\t\t<span class=\"mkdf-st-tagline\" >\n\t\t\tcliquez pour plus d'informations\t\t<\/span>\n\t\t\t\t\t\t<h2 class=\"mkdf-st-title\" >\n\t\t\t\t\t\t\t\t\t<span class=\"mkdf-sts-title-text\">Gamme<br \/> de produits Sime<\/span>\n\t\t\t\t\t<span class=\"mkdf-sts-separator\" style=\"background-color: #dd3333\"><\/span>\n\t\t\t\t\t\t\t<\/h2>\n\t\t\t\t\t\t\t<\/div>\n<\/div>[vc_empty_space height=\u00a0\u00bb100px\u00a0\u00bb][\/vc_column][\/vc_row][vc_row equal_height=\u00a0\u00bbyes\u00a0\u00bb content_placement=\u00a0\u00bbtop\u00a0\u00bb disable_background_image=\u00a0\u00bb\u00a0\u00bb][vc_column width=\u00a0\u00bb1\/3&Prime; el_class=\u00a0\u00bbmarrone\u00a0\u00bb]<div class=\"mkdf-single-image-holder   mkdf-image-behavior-custom-link\">\n    <div class=\"mkdf-si-inner\" >\n        \t            <a itemprop=\"url\" href=\"https:\/\/www.simeirrigation.it\/fr\/arroseurs\/canons-bras-retour-lent\/\" target=\"_self\">\n                                    <img decoding=\"async\" width=\"815\" height=\"422\" src=\"https:\/\/www.simeirrigation.it\/wp-content\/uploads\/2022\/11\/sime-settori-reflex-3.png\" class=\"attachment-full size-full\" alt=\"\" srcset=\"https:\/\/www.simeirrigation.it\/wp-content\/uploads\/2022\/11\/sime-settori-reflex-3.png 815w, https:\/\/www.simeirrigation.it\/wp-content\/uploads\/2022\/11\/sime-settori-reflex-3-300x155.png 300w, https:\/\/www.simeirrigation.it\/wp-content\/uploads\/2022\/11\/sime-settori-reflex-3-768x398.png 768w\" sizes=\"(max-width: 815px) 100vw, 815px\" \/>                                <\/a>\n            <\/div>\n<\/div>[vc_column_text]<\/p>\n<h3>Canons bras retour lent<\/h3>\n<p>Canons pour applications lourdes en termes d\u2019heures et de conditions de travail. La rotation est d\u00e9termin\u00e9e par l\u2019interaction du d\u00e9bit d\u2019eau avec un bras oscillant.[\/vc_column_text]<a itemprop=\"url\" href=\"https:\/\/www.simeirrigation.it\/fr\/arroseurs\/canons-bras-retour-lent\/\" target=\"_self\" style=\"margin: 15px 0 0\" class=\"mkdf-btn mkdf-btn-small mkdf-btn-simple-predefined\"  >\n            <span class=\"mkdf-btn-predefined-line-holder\">\n            <span class=\"mkdf-btn-line-hidden\"><\/span>\n            <span class=\"mkdf-btn-text\">dettagli<\/span>\n\t        <span class=\"mkdf-btn-line\"><\/span>\n            <i class=\"mkdf-btn-predefined-icon mkdf-icon-ion-icon ion-ios-play \"><\/i>\n        <\/span>\n    <\/a>[\/vc_column][vc_column width=\u00a0\u00bb1\/3&Prime; el_class=\u00a0\u00bbverde\u00a0\u00bb]<div class=\"mkdf-single-image-holder   mkdf-image-behavior-custom-link\">\n    <div class=\"mkdf-si-inner\" >\n        \t            <a itemprop=\"url\" href=\"https:\/\/www.simeirrigation.it\/fr\/arroseurs\/canons-a-turbine\/\" target=\"_self\">\n                                    <img decoding=\"async\" width=\"815\" height=\"422\" src=\"https:\/\/www.simeirrigation.it\/wp-content\/uploads\/2022\/11\/sime-settori-cannoni-turbina.png\" class=\"attachment-full size-full\" alt=\"\" srcset=\"https:\/\/www.simeirrigation.it\/wp-content\/uploads\/2022\/11\/sime-settori-cannoni-turbina.png 815w, https:\/\/www.simeirrigation.it\/wp-content\/uploads\/2022\/11\/sime-settori-cannoni-turbina-300x155.png 300w, https:\/\/www.simeirrigation.it\/wp-content\/uploads\/2022\/11\/sime-settori-cannoni-turbina-768x398.png 768w\" sizes=\"(max-width: 815px) 100vw, 815px\" \/>                                <\/a>\n            <\/div>\n<\/div>[vc_column_text]<\/p>\n<h3>Canons \u00e0 turbine<\/h3>\n<p>Canons pour les applications n\u00e9cessitant une pr\u00e9cision extr\u00eame et des gouttelettes l\u00e9g\u00e8res. La rotation est assur\u00e9e par un syst\u00e8me d\u2019engrenage actionn\u00e9 par une turbine \u00e0 eau.[\/vc_column_text]<a itemprop=\"url\" href=\"https:\/\/www.simeirrigation.it\/fr\/arroseurs\/canons-a-turbine\/\" target=\"_self\" style=\"margin: 15px 0 0\" class=\"mkdf-btn mkdf-btn-small mkdf-btn-simple-predefined\"  >\n            <span class=\"mkdf-btn-predefined-line-holder\">\n            <span class=\"mkdf-btn-line-hidden\"><\/span>\n            <span class=\"mkdf-btn-text\">dettagli<\/span>\n\t        <span class=\"mkdf-btn-line\"><\/span>\n            <i class=\"mkdf-btn-predefined-icon mkdf-icon-ion-icon ion-ios-play \"><\/i>\n        <\/span>\n    <\/a>[\/vc_column][vc_column width=\u00a0\u00bb1\/3&Prime; el_class=\u00a0\u00bbocra\u00a0\u00bb]<div class=\"mkdf-single-image-holder   mkdf-image-behavior-custom-link\">\n    <div class=\"mkdf-si-inner\" >\n        \t            <a itemprop=\"url\" href=\"https:\/\/www.simeirrigation.it\/fr\/arroseurs\/canons-electriques\/\" target=\"_self\">\n                                    <img decoding=\"async\" width=\"815\" height=\"422\" src=\"https:\/\/www.simeirrigation.it\/wp-content\/uploads\/2022\/11\/sime-settori-irrigatori-elettrici.png\" class=\"attachment-full size-full\" alt=\"\" srcset=\"https:\/\/www.simeirrigation.it\/wp-content\/uploads\/2022\/11\/sime-settori-irrigatori-elettrici.png 815w, https:\/\/www.simeirrigation.it\/wp-content\/uploads\/2022\/11\/sime-settori-irrigatori-elettrici-300x155.png 300w, https:\/\/www.simeirrigation.it\/wp-content\/uploads\/2022\/11\/sime-settori-irrigatori-elettrici-768x398.png 768w\" sizes=\"(max-width: 815px) 100vw, 815px\" \/>                                <\/a>\n            <\/div>\n<\/div>[vc_column_text]<\/p>\n<h3>Canons \u00c9lectriques<\/h3>\n<p>Canons intelligents d\u00e9velopp\u00e9s pour l\u2019irrigation avec des enrouleurs dans des parcelles de forme irr\u00e9guli\u00e8re, \u00e9quip\u00e9s d\u2019une unit\u00e9 de contr\u00f4le \u00e9lectronique \u00e0 g\u00e9rer par des applications sur les smartphones.[\/vc_column_text]<a itemprop=\"url\" href=\"https:\/\/www.simeirrigation.it\/fr\/arroseurs\/canons-electriques\/\" target=\"_self\" style=\"margin: 15px 0 0\" class=\"mkdf-btn mkdf-btn-small mkdf-btn-simple-predefined\"  >\n            <span class=\"mkdf-btn-predefined-line-holder\">\n            <span class=\"mkdf-btn-line-hidden\"><\/span>\n            <span class=\"mkdf-btn-text\">dettagli<\/span>\n\t        <span class=\"mkdf-btn-line\"><\/span>\n            <i class=\"mkdf-btn-predefined-icon mkdf-icon-ion-icon ion-ios-play \"><\/i>\n        <\/span>\n    <\/a>[\/vc_column][\/vc_row][vc_row disable_background_image=\u00a0\u00bb\u00a0\u00bb][vc_column][vc_empty_space height=\u00a0\u00bb100px\u00a0\u00bb][\/vc_column][\/vc_row][vc_row equal_height=\u00a0\u00bbyes\u00a0\u00bb content_placement=\u00a0\u00bbtop\u00a0\u00bb disable_background_image=\u00a0\u00bb\u00a0\u00bb][vc_column width=\u00a0\u00bb1\/3&Prime; el_class=\u00a0\u00bblime\u00a0\u00bb]<div class=\"mkdf-single-image-holder   mkdf-image-behavior-custom-link\">\n    <div class=\"mkdf-si-inner\" >\n        \t            <a itemprop=\"url\" href=\"https:\/\/www.simeirrigation.it\/fr\/arroseurs\/grands-pop-up\/\" target=\"_self\">\n                                    <img decoding=\"async\" width=\"815\" height=\"422\" src=\"https:\/\/www.simeirrigation.it\/wp-content\/uploads\/2022\/11\/sime-settori-popup.png\" class=\"attachment-full size-full\" alt=\"\" srcset=\"https:\/\/www.simeirrigation.it\/wp-content\/uploads\/2022\/11\/sime-settori-popup.png 815w, https:\/\/www.simeirrigation.it\/wp-content\/uploads\/2022\/11\/sime-settori-popup-300x155.png 300w, https:\/\/www.simeirrigation.it\/wp-content\/uploads\/2022\/11\/sime-settori-popup-768x398.png 768w\" sizes=\"(max-width: 815px) 100vw, 815px\" \/>                                <\/a>\n            <\/div>\n<\/div>[vc_column_text]<\/p>\n<h3>Grands Pop-up<\/h3>\n<p>Arroseurs escamotables souterrains pour terrains de sport avec gazon naturel ou synth\u00e9tique.[\/vc_column_text]<a itemprop=\"url\" href=\"https:\/\/www.simeirrigation.it\/fr\/arroseurs\/grands-pop-up\/\" target=\"_self\" style=\"margin: 15px 0 0\" class=\"mkdf-btn mkdf-btn-small mkdf-btn-simple-predefined\"  >\n            <span class=\"mkdf-btn-predefined-line-holder\">\n            <span class=\"mkdf-btn-line-hidden\"><\/span>\n            <span class=\"mkdf-btn-text\">dettagli<\/span>\n\t        <span class=\"mkdf-btn-line\"><\/span>\n            <i class=\"mkdf-btn-predefined-icon mkdf-icon-ion-icon ion-ios-play \"><\/i>\n        <\/span>\n    <\/a>[\/vc_column][vc_column width=\u00a0\u00bb1\/3&Prime; el_class=\u00a0\u00bbblu\u00a0\u00bb]<div class=\"mkdf-single-image-holder   mkdf-image-behavior-custom-link\">\n    <div class=\"mkdf-si-inner\" >\n        \t            <a itemprop=\"url\" href=\"https:\/\/www.simeirrigation.it\/fr\/arroseurs\/arroseurs-a-impact\/\" target=\"_self\">\n                                    <img decoding=\"async\" width=\"815\" height=\"422\" src=\"https:\/\/www.simeirrigation.it\/wp-content\/uploads\/2022\/11\/Hidra-settori-815.png\" class=\"attachment-full size-full\" alt=\"\" srcset=\"https:\/\/www.simeirrigation.it\/wp-content\/uploads\/2022\/11\/Hidra-settori-815.png 815w, https:\/\/www.simeirrigation.it\/wp-content\/uploads\/2022\/11\/Hidra-settori-815-300x155.png 300w, https:\/\/www.simeirrigation.it\/wp-content\/uploads\/2022\/11\/Hidra-settori-815-768x398.png 768w\" sizes=\"(max-width: 815px) 100vw, 815px\" \/>                                <\/a>\n            <\/div>\n<\/div>[vc_column_text]<\/p>\n<h3>Arroseurs \u00e0 impact<\/h3>\n<p>Arroseurs de petite et moyenne taille id\u00e9aux pour les syst\u00e8mes d\u2019irrigation stationnaires et de jardin. La gamme d\u2019arroseurs de petite et moyenne taille de Sime est la plus large du march\u00e9 et r\u00e9pond donc \u00e0 toutes les demandes.[\/vc_column_text]<a itemprop=\"url\" href=\"https:\/\/www.simeirrigation.it\/fr\/arroseurs\/arroseurs-a-impact\/\" target=\"_self\" style=\"margin: 15px 0 0\" class=\"mkdf-btn mkdf-btn-small mkdf-btn-simple-predefined\"  >\n            <span class=\"mkdf-btn-predefined-line-holder\">\n            <span class=\"mkdf-btn-line-hidden\"><\/span>\n            <span class=\"mkdf-btn-text\">dettagli<\/span>\n\t        <span class=\"mkdf-btn-line\"><\/span>\n            <i class=\"mkdf-btn-predefined-icon mkdf-icon-ion-icon ion-ios-play \"><\/i>\n        <\/span>\n    <\/a>[\/vc_column][vc_column width=\u00a0\u00bb1\/3&Prime; el_class=\u00a0\u00bbnero\u00a0\u00bb]<div class=\"mkdf-single-image-holder   mkdf-image-behavior-custom-link\">\n    <div class=\"mkdf-si-inner\" >\n        \t            <a itemprop=\"url\" href=\"https:\/\/www.simeirrigation.it\/fr\/rotorkit\/\" target=\"_self\">\n                                    <img decoding=\"async\" width=\"815\" height=\"422\" src=\"https:\/\/www.simeirrigation.it\/wp-content\/uploads\/2023\/05\/Rotorkit_product.png\" class=\"attachment-full size-full\" alt=\"\" srcset=\"https:\/\/www.simeirrigation.it\/wp-content\/uploads\/2023\/05\/Rotorkit_product.png 815w, https:\/\/www.simeirrigation.it\/wp-content\/uploads\/2023\/05\/Rotorkit_product-300x155.png 300w, https:\/\/www.simeirrigation.it\/wp-content\/uploads\/2023\/05\/Rotorkit_product-768x398.png 768w\" sizes=\"(max-width: 815px) 100vw, 815px\" \/>                                <\/a>\n            <\/div>\n<\/div>[vc_column_text]<\/p>\n<h3>Rotorkit<\/h3>\n<p>Dispositifs m\u00e9caniques pour modifier le secteur d\u2019irrigation automatique au bout de la dur\u00e9e d\u00e9sir\u00e9e[\/vc_column_text]<a itemprop=\"url\" href=\"https:\/\/www.simeirrigation.it\/fr\/rotorkit\/\" target=\"_self\" style=\"margin: 15px 0 0\" class=\"mkdf-btn mkdf-btn-small mkdf-btn-simple-predefined\"  >\n            <span class=\"mkdf-btn-predefined-line-holder\">\n            <span class=\"mkdf-btn-line-hidden\"><\/span>\n            <span class=\"mkdf-btn-text\">dettagli<\/span>\n\t        <span class=\"mkdf-btn-line\"><\/span>\n            <i class=\"mkdf-btn-predefined-icon mkdf-icon-ion-icon ion-ios-play \"><\/i>\n        <\/span>\n    <\/a>[\/vc_column][\/vc_row][vc_row disable_background_image=\u00a0\u00bb\u00a0\u00bb][vc_column][vc_empty_space height=\u00a0\u00bb100px\u00a0\u00bb][\/vc_column][\/vc_row]<\/p>\n<\/div>","protected":false},"excerpt":{"rendered":"<p>[vc_row disable_background_image=\u00a0\u00bb\u00a0\u00bb][vc_column][vc_empty_space height=\u00a0\u00bb100px\u00a0\u00bb][\/vc_column][\/vc_row][vc_row equal_height=\u00a0\u00bbyes\u00a0\u00bb content_placement=\u00a0\u00bbtop\u00a0\u00bb disable_background_image=\u00a0\u00bb\u00a0\u00bb][vc_column width=\u00a0\u00bb1\/3&Prime; el_class=\u00a0\u00bbmarrone\u00a0\u00bb][vc_column_text] Canons bras retour lent Canons pour applications lourdes en termes d\u2019heures et de conditions de travail. La rotation est d\u00e9termin\u00e9e par l\u2019interaction du d\u00e9bit d\u2019eau avec un bras oscillant.[\/vc_column_text][\/vc_column][vc_column width=\u00a0\u00bb1\/3&Prime; el_class=\u00a0\u00bbverde\u00a0\u00bb][vc_column_text] Canons \u00e0 turbine Canons pour les applications n\u00e9cessitant une pr\u00e9cision extr\u00eame et [&hellip;]<\/p>\n","protected":false},"author":1,"featured_media":0,"parent":0,"menu_order":0,"comment_status":"closed","ping_status":"closed","template":"","meta":{"inline_featured_image":false,"footnotes":""},"class_list":["post-6761","page","type-page","status-publish","hentry"],"yoast_head":"<!-- This site is optimized with the Yoast SEO plugin v26.1.1 - https:\/\/yoast.com\/wordpress\/plugins\/seo\/ -->\n<title>Produits - Sime | Arroseurs et canons \u00e0 moyenne et longue port\u00e9e<\/title>\n<meta name=\"robots\" content=\"index, follow, max-snippet:-1, max-image-preview:large, max-video-preview:-1\" \/>\n<link rel=\"canonical\" href=\"https:\/\/www.simeirrigation.it\/fr\/produits\/\" \/>\n<meta property=\"og:locale\" content=\"fr_FR\" \/>\n<meta property=\"og:type\" content=\"article\" \/>\n<meta property=\"og:title\" content=\"Produits - Sime | Arroseurs et canons \u00e0 moyenne et longue port\u00e9e\" \/>\n<meta property=\"og:description\" content=\"[vc_row disable_background_image=\u00a0\u00bb\u00a0\u00bb][vc_column][vc_empty_space height=\u00a0\u00bb100px\u00a0\u00bb][\/vc_column][\/vc_row][vc_row equal_height=\u00a0\u00bbyes\u00a0\u00bb content_placement=\u00a0\u00bbtop\u00a0\u00bb disable_background_image=\u00a0\u00bb\u00a0\u00bb][vc_column width=\u00a0\u00bb1\/3&Prime; el_class=\u00a0\u00bbmarrone\u00a0\u00bb][vc_column_text] Canons bras retour lent Canons pour applications lourdes en termes d\u2019heures et de conditions de travail. La rotation est d\u00e9termin\u00e9e par l\u2019interaction du d\u00e9bit d\u2019eau avec un bras oscillant.[\/vc_column_text][\/vc_column][vc_column width=\u00a0\u00bb1\/3&Prime; el_class=\u00a0\u00bbverde\u00a0\u00bb][vc_column_text] Canons \u00e0 turbine Canons pour les applications n\u00e9cessitant une pr\u00e9cision extr\u00eame et [&hellip;]\" \/>\n<meta property=\"og:url\" content=\"https:\/\/www.simeirrigation.it\/fr\/produits\/\" \/>\n<meta property=\"og:site_name\" content=\"Sime | Arroseurs et canons \u00e0 moyenne et longue port\u00e9e\" \/>\n<meta property=\"article:modified_time\" content=\"2023-07-19T14:36:42+00:00\" \/>\n<meta name=\"twitter:card\" content=\"summary_large_image\" \/>\n<meta name=\"twitter:label1\" content=\"Dur\u00e9e de lecture estim\u00e9e\" \/>\n\t<meta name=\"twitter:data1\" content=\"2 minutes\" \/>\n<script type=\"application\/ld+json\" class=\"yoast-schema-graph\">{\"@context\":\"https:\/\/schema.org\",\"@graph\":[{\"@type\":\"WebPage\",\"@id\":\"https:\/\/www.simeirrigation.it\/fr\/produits\/\",\"url\":\"https:\/\/www.simeirrigation.it\/fr\/produits\/\",\"name\":\"Produits - Sime | Arroseurs et canons \u00e0 moyenne et longue port\u00e9e\",\"isPartOf\":{\"@id\":\"https:\/\/www.simeirrigation.it\/#website\"},\"datePublished\":\"2022-09-08T11:14:10+00:00\",\"dateModified\":\"2023-07-19T14:36:42+00:00\",\"breadcrumb\":{\"@id\":\"https:\/\/www.simeirrigation.it\/fr\/produits\/#breadcrumb\"},\"inLanguage\":\"fr-FR\",\"potentialAction\":[{\"@type\":\"ReadAction\",\"target\":[\"https:\/\/www.simeirrigation.it\/fr\/produits\/\"]}]},{\"@type\":\"BreadcrumbList\",\"@id\":\"https:\/\/www.simeirrigation.it\/fr\/produits\/#breadcrumb\",\"itemListElement\":[{\"@type\":\"ListItem\",\"position\":1,\"name\":\"Home\",\"item\":\"https:\/\/www.simeirrigation.it\/fr\/\"},{\"@type\":\"ListItem\",\"position\":2,\"name\":\"Produits\"}]},{\"@type\":\"WebSite\",\"@id\":\"https:\/\/www.simeirrigation.it\/#website\",\"url\":\"https:\/\/www.simeirrigation.it\/\",\"name\":\"Sime | irrigatori per agricoltura e giardinaggio\",\"description\":\"Arroseurs et canons \u00e0 moyenne et longue port\u00e9e\",\"publisher\":{\"@id\":\"https:\/\/www.simeirrigation.it\/#organization\"},\"potentialAction\":[{\"@type\":\"SearchAction\",\"target\":{\"@type\":\"EntryPoint\",\"urlTemplate\":\"https:\/\/www.simeirrigation.it\/?s={search_term_string}\"},\"query-input\":{\"@type\":\"PropertyValueSpecification\",\"valueRequired\":true,\"valueName\":\"search_term_string\"}}],\"inLanguage\":\"fr-FR\"},{\"@type\":\"Organization\",\"@id\":\"https:\/\/www.simeirrigation.it\/#organization\",\"name\":\"Sime | irrigatori per agricoltura e giardinaggio\",\"url\":\"https:\/\/www.simeirrigation.it\/\",\"logo\":{\"@type\":\"ImageObject\",\"inLanguage\":\"fr-FR\",\"@id\":\"https:\/\/www.simeirrigation.it\/#\/schema\/logo\/image\/\",\"url\":\"https:\/\/www.simeirrigation.it\/wp-content\/uploads\/2022\/06\/LogoSime_rosso.png\",\"contentUrl\":\"https:\/\/www.simeirrigation.it\/wp-content\/uploads\/2022\/06\/LogoSime_rosso.png\",\"width\":237,\"height\":237,\"caption\":\"Sime | irrigatori per agricoltura e giardinaggio\"},\"image\":{\"@id\":\"https:\/\/www.simeirrigation.it\/#\/schema\/logo\/image\/\"}}]}<\/script>\n<!-- \/ Yoast SEO plugin. -->","yoast_head_json":{"title":"Produits - Sime | Arroseurs et canons \u00e0 moyenne et longue port\u00e9e","robots":{"index":"index","follow":"follow","max-snippet":"max-snippet:-1","max-image-preview":"max-image-preview:large","max-video-preview":"max-video-preview:-1"},"canonical":"https:\/\/www.simeirrigation.it\/fr\/produits\/","og_locale":"fr_FR","og_type":"article","og_title":"Produits - Sime | Arroseurs et canons \u00e0 moyenne et longue port\u00e9e","og_description":"[vc_row disable_background_image=\u00a0\u00bb\u00a0\u00bb][vc_column][vc_empty_space height=\u00a0\u00bb100px\u00a0\u00bb][\/vc_column][\/vc_row][vc_row equal_height=\u00a0\u00bbyes\u00a0\u00bb content_placement=\u00a0\u00bbtop\u00a0\u00bb disable_background_image=\u00a0\u00bb\u00a0\u00bb][vc_column width=\u00a0\u00bb1\/3&Prime; el_class=\u00a0\u00bbmarrone\u00a0\u00bb][vc_column_text] Canons bras retour lent Canons pour applications lourdes en termes d\u2019heures et de conditions de travail. La rotation est d\u00e9termin\u00e9e par l\u2019interaction du d\u00e9bit d\u2019eau avec un bras oscillant.[\/vc_column_text][\/vc_column][vc_column width=\u00a0\u00bb1\/3&Prime; el_class=\u00a0\u00bbverde\u00a0\u00bb][vc_column_text] Canons \u00e0 turbine Canons pour les applications n\u00e9cessitant une pr\u00e9cision extr\u00eame et [&hellip;]","og_url":"https:\/\/www.simeirrigation.it\/fr\/produits\/","og_site_name":"Sime | Arroseurs et canons \u00e0 moyenne et longue port\u00e9e","article_modified_time":"2023-07-19T14:36:42+00:00","twitter_card":"summary_large_image","twitter_misc":{"Dur\u00e9e de lecture estim\u00e9e":"2 minutes"},"schema":{"@context":"https:\/\/schema.org","@graph":[{"@type":"WebPage","@id":"https:\/\/www.simeirrigation.it\/fr\/produits\/","url":"https:\/\/www.simeirrigation.it\/fr\/produits\/","name":"Produits - Sime | Arroseurs et canons \u00e0 moyenne et longue port\u00e9e","isPartOf":{"@id":"https:\/\/www.simeirrigation.it\/#website"},"datePublished":"2022-09-08T11:14:10+00:00","dateModified":"2023-07-19T14:36:42+00:00","breadcrumb":{"@id":"https:\/\/www.simeirrigation.it\/fr\/produits\/#breadcrumb"},"inLanguage":"fr-FR","potentialAction":[{"@type":"ReadAction","target":["https:\/\/www.simeirrigation.it\/fr\/produits\/"]}]},{"@type":"BreadcrumbList","@id":"https:\/\/www.simeirrigation.it\/fr\/produits\/#breadcrumb","itemListElement":[{"@type":"ListItem","position":1,"name":"Home","item":"https:\/\/www.simeirrigation.it\/fr\/"},{"@type":"ListItem","position":2,"name":"Produits"}]},{"@type":"WebSite","@id":"https:\/\/www.simeirrigation.it\/#website","url":"https:\/\/www.simeirrigation.it\/","name":"Sime | irrigatori per agricoltura e giardinaggio","description":"Arroseurs et canons \u00e0 moyenne et longue port\u00e9e","publisher":{"@id":"https:\/\/www.simeirrigation.it\/#organization"},"potentialAction":[{"@type":"SearchAction","target":{"@type":"EntryPoint","urlTemplate":"https:\/\/www.simeirrigation.it\/?s={search_term_string}"},"query-input":{"@type":"PropertyValueSpecification","valueRequired":true,"valueName":"search_term_string"}}],"inLanguage":"fr-FR"},{"@type":"Organization","@id":"https:\/\/www.simeirrigation.it\/#organization","name":"Sime | irrigatori per agricoltura e giardinaggio","url":"https:\/\/www.simeirrigation.it\/","logo":{"@type":"ImageObject","inLanguage":"fr-FR","@id":"https:\/\/www.simeirrigation.it\/#\/schema\/logo\/image\/","url":"https:\/\/www.simeirrigation.it\/wp-content\/uploads\/2022\/06\/LogoSime_rosso.png","contentUrl":"https:\/\/www.simeirrigation.it\/wp-content\/uploads\/2022\/06\/LogoSime_rosso.png","width":237,"height":237,"caption":"Sime | irrigatori per agricoltura e giardinaggio"},"image":{"@id":"https:\/\/www.simeirrigation.it\/#\/schema\/logo\/image\/"}}]}},"_links":{"self":[{"href":"https:\/\/www.simeirrigation.it\/fr\/wp-json\/wp\/v2\/pages\/6761","targetHints":{"allow":["GET"]}}],"collection":[{"href":"https:\/\/www.simeirrigation.it\/fr\/wp-json\/wp\/v2\/pages"}],"about":[{"href":"https:\/\/www.simeirrigation.it\/fr\/wp-json\/wp\/v2\/types\/page"}],"author":[{"embeddable":true,"href":"https:\/\/www.simeirrigation.it\/fr\/wp-json\/wp\/v2\/users\/1"}],"replies":[{"embeddable":true,"href":"https:\/\/www.simeirrigation.it\/fr\/wp-json\/wp\/v2\/comments?post=6761"}],"version-history":[{"count":0,"href":"https:\/\/www.simeirrigation.it\/fr\/wp-json\/wp\/v2\/pages\/6761\/revisions"}],"wp:attachment":[{"href":"https:\/\/www.simeirrigation.it\/fr\/wp-json\/wp\/v2\/media?parent=6761"}],"curies":[{"name":"wp","href":"https:\/\/api.w.org\/{rel}","templated":true}]}}