{"id":8379,"date":"2025-06-27T12:59:00","date_gmt":"2025-06-27T10:59:00","guid":{"rendered":"https:\/\/www.simeirrigation.it\/connexion\/"},"modified":"2025-11-04T17:09:45","modified_gmt":"2025-11-04T16:09:45","slug":"connexion","status":"publish","type":"page","link":"https:\/\/www.simeirrigation.it\/fr\/connexion\/","title":{"rendered":"Connexion"},"content":{"rendered":"<div class=\"wpb-content-wrapper\"><p>[vc_row disable_background_image=\u00a0\u00bb\u00a0\u00bb][vc_column][vc_column_text css=\u00a0\u00bb\u00a0\u00bb]<div id=\"wpmem_login\"><a id=\"login\"><\/a><form action=\"https:\/\/www.simeirrigation.it\/fr\/connexion\/\" method=\"POST\" id=\"wpmem_login_form\" class=\"form\"><input type=\"hidden\" id=\"_wpmem_login_nonce\" name=\"_wpmem_login_nonce\" value=\"04c2317ac5\" \/><input type=\"hidden\" name=\"_wp_http_referer\" value=\"\/fr\/wp-json\/wp\/v2\/pages\/8379\" \/><fieldset><legend>Acc\u00e8s \u00e0 la commande de pi\u00e8ces d\u00e9tach\u00e9es (clients directs uniquement)<\/legend><label for=\"log\">Email<\/label><div class=\"div_text\"><input name=\"log\" type=\"text\" id=\"log\" value=\"\" class=\"username\" required  \/><\/div><label for=\"pwd\">Mot de passe<\/label><div class=\"div_text\"><input name=\"pwd\" type=\"password\" id=\"pwd\" class=\"password\" required  \/><\/div><input name=\"a\" type=\"hidden\" value=\"login\" \/><input name=\"redirect_to\" type=\"hidden\" value=\"https:\/\/www.simeirrigation.it\/fr\/connexion\/\" \/><div class=\"button_div\"><input name=\"rememberme\" type=\"checkbox\" id=\"rememberme\" value=\"forever\" \/>&nbsp;<label for=\"rememberme\">Se souvenir de moi<\/label>&nbsp;&nbsp;<input type=\"submit\" name=\"Submit\" value=\"Connexion\" class=\"buttons mkdf-btn mkdf-btn-solid\" \/><\/div><div class=\"link-text\"><span class=\"link-text-forgot\"><a class=\"mkdf-btn mkdf-btn-simple\" href=\"https:\/\/www.simeirrigation.it\/fr\/profil-utilisateur\/?a=pwdreset\">Mot de passe perdu<\/a><\/span><\/div><\/fieldset><\/form><\/div>[\/vc_column_text][\/vc_column][\/vc_row]<\/p>\n<\/div>","protected":false},"excerpt":{"rendered":"<p>[vc_row disable_background_image=\u00a0\u00bb\u00a0\u00bb][vc_column][vc_column_text css=\u00a0\u00bb\u00a0\u00bb][\/vc_column_text][\/vc_column][\/vc_row]<\/p>\n","protected":false},"author":1,"featured_media":0,"parent":0,"menu_order":0,"comment_status":"closed","ping_status":"closed","template":"","meta":{"inline_featured_image":false,"footnotes":""},"class_list":["post-8379","page","type-page","status-publish","hentry"],"yoast_head":"<!-- This site is optimized with the Yoast SEO plugin v26.1.1 - https:\/\/yoast.com\/wordpress\/plugins\/seo\/ -->\n<title>Connexion - Sime | Arroseurs et canons \u00e0 moyenne et longue port\u00e9e<\/title>\n<meta name=\"robots\" content=\"index, follow, max-snippet:-1, max-image-preview:large, max-video-preview:-1\" \/>\n<link rel=\"canonical\" href=\"https:\/\/www.simeirrigation.it\/fr\/connexion\/\" \/>\n<meta property=\"og:locale\" content=\"fr_FR\" \/>\n<meta property=\"og:type\" content=\"article\" \/>\n<meta property=\"og:title\" content=\"Connexion - Sime | Arroseurs et canons \u00e0 moyenne et longue port\u00e9e\" \/>\n<meta property=\"og:description\" content=\"[vc_row disable_background_image=\u00a0\u00bb\u00a0\u00bb][vc_column][vc_column_text css=\u00a0\u00bb\u00a0\u00bb][\/vc_column_text][\/vc_column][\/vc_row]\" \/>\n<meta property=\"og:url\" content=\"https:\/\/www.simeirrigation.it\/fr\/connexion\/\" \/>\n<meta property=\"og:site_name\" content=\"Sime | Arroseurs et canons \u00e0 moyenne et longue port\u00e9e\" \/>\n<meta property=\"article:modified_time\" content=\"2025-11-04T16:09:45+00:00\" \/>\n<meta name=\"twitter:card\" content=\"summary_large_image\" \/>\n<script type=\"application\/ld+json\" class=\"yoast-schema-graph\">{\"@context\":\"https:\/\/schema.org\",\"@graph\":[{\"@type\":\"WebPage\",\"@id\":\"https:\/\/www.simeirrigation.it\/fr\/connexion\/\",\"url\":\"https:\/\/www.simeirrigation.it\/fr\/connexion\/\",\"name\":\"Connexion - Sime | Arroseurs et canons \u00e0 moyenne et longue port\u00e9e\",\"isPartOf\":{\"@id\":\"https:\/\/www.simeirrigation.it\/#website\"},\"datePublished\":\"2025-06-27T10:59:00+00:00\",\"dateModified\":\"2025-11-04T16:09:45+00:00\",\"breadcrumb\":{\"@id\":\"https:\/\/www.simeirrigation.it\/fr\/connexion\/#breadcrumb\"},\"inLanguage\":\"fr-FR\",\"potentialAction\":[{\"@type\":\"ReadAction\",\"target\":[\"https:\/\/www.simeirrigation.it\/fr\/connexion\/\"]}]},{\"@type\":\"BreadcrumbList\",\"@id\":\"https:\/\/www.simeirrigation.it\/fr\/connexion\/#breadcrumb\",\"itemListElement\":[{\"@type\":\"ListItem\",\"position\":1,\"name\":\"Home\",\"item\":\"https:\/\/www.simeirrigation.it\/fr\/\"},{\"@type\":\"ListItem\",\"position\":2,\"name\":\"Connexion\"}]},{\"@type\":\"WebSite\",\"@id\":\"https:\/\/www.simeirrigation.it\/#website\",\"url\":\"https:\/\/www.simeirrigation.it\/\",\"name\":\"Sime | irrigatori per agricoltura e giardinaggio\",\"description\":\"Arroseurs et canons \u00e0 moyenne et longue port\u00e9e\",\"publisher\":{\"@id\":\"https:\/\/www.simeirrigation.it\/#organization\"},\"potentialAction\":[{\"@type\":\"SearchAction\",\"target\":{\"@type\":\"EntryPoint\",\"urlTemplate\":\"https:\/\/www.simeirrigation.it\/?s={search_term_string}\"},\"query-input\":{\"@type\":\"PropertyValueSpecification\",\"valueRequired\":true,\"valueName\":\"search_term_string\"}}],\"inLanguage\":\"fr-FR\"},{\"@type\":\"Organization\",\"@id\":\"https:\/\/www.simeirrigation.it\/#organization\",\"name\":\"Sime | irrigatori per agricoltura e giardinaggio\",\"url\":\"https:\/\/www.simeirrigation.it\/\",\"logo\":{\"@type\":\"ImageObject\",\"inLanguage\":\"fr-FR\",\"@id\":\"https:\/\/www.simeirrigation.it\/#\/schema\/logo\/image\/\",\"url\":\"https:\/\/www.simeirrigation.it\/wp-content\/uploads\/2022\/06\/LogoSime_rosso.png\",\"contentUrl\":\"https:\/\/www.simeirrigation.it\/wp-content\/uploads\/2022\/06\/LogoSime_rosso.png\",\"width\":237,\"height\":237,\"caption\":\"Sime | irrigatori per agricoltura e giardinaggio\"},\"image\":{\"@id\":\"https:\/\/www.simeirrigation.it\/#\/schema\/logo\/image\/\"}}]}<\/script>\n<!-- \/ Yoast SEO plugin. -->","yoast_head_json":{"title":"Connexion - Sime | Arroseurs et canons \u00e0 moyenne et longue port\u00e9e","robots":{"index":"index","follow":"follow","max-snippet":"max-snippet:-1","max-image-preview":"max-image-preview:large","max-video-preview":"max-video-preview:-1"},"canonical":"https:\/\/www.simeirrigation.it\/fr\/connexion\/","og_locale":"fr_FR","og_type":"article","og_title":"Connexion - Sime | Arroseurs et canons \u00e0 moyenne et longue port\u00e9e","og_description":"[vc_row disable_background_image=\u00a0\u00bb\u00a0\u00bb][vc_column][vc_column_text css=\u00a0\u00bb\u00a0\u00bb][\/vc_column_text][\/vc_column][\/vc_row]","og_url":"https:\/\/www.simeirrigation.it\/fr\/connexion\/","og_site_name":"Sime | Arroseurs et canons \u00e0 moyenne et longue port\u00e9e","article_modified_time":"2025-11-04T16:09:45+00:00","twitter_card":"summary_large_image","schema":{"@context":"https:\/\/schema.org","@graph":[{"@type":"WebPage","@id":"https:\/\/www.simeirrigation.it\/fr\/connexion\/","url":"https:\/\/www.simeirrigation.it\/fr\/connexion\/","name":"Connexion - Sime | Arroseurs et canons \u00e0 moyenne et longue port\u00e9e","isPartOf":{"@id":"https:\/\/www.simeirrigation.it\/#website"},"datePublished":"2025-06-27T10:59:00+00:00","dateModified":"2025-11-04T16:09:45+00:00","breadcrumb":{"@id":"https:\/\/www.simeirrigation.it\/fr\/connexion\/#breadcrumb"},"inLanguage":"fr-FR","potentialAction":[{"@type":"ReadAction","target":["https:\/\/www.simeirrigation.it\/fr\/connexion\/"]}]},{"@type":"BreadcrumbList","@id":"https:\/\/www.simeirrigation.it\/fr\/connexion\/#breadcrumb","itemListElement":[{"@type":"ListItem","position":1,"name":"Home","item":"https:\/\/www.simeirrigation.it\/fr\/"},{"@type":"ListItem","position":2,"name":"Connexion"}]},{"@type":"WebSite","@id":"https:\/\/www.simeirrigation.it\/#website","url":"https:\/\/www.simeirrigation.it\/","name":"Sime | irrigatori per agricoltura e giardinaggio","description":"Arroseurs et canons \u00e0 moyenne et longue port\u00e9e","publisher":{"@id":"https:\/\/www.simeirrigation.it\/#organization"},"potentialAction":[{"@type":"SearchAction","target":{"@type":"EntryPoint","urlTemplate":"https:\/\/www.simeirrigation.it\/?s={search_term_string}"},"query-input":{"@type":"PropertyValueSpecification","valueRequired":true,"valueName":"search_term_string"}}],"inLanguage":"fr-FR"},{"@type":"Organization","@id":"https:\/\/www.simeirrigation.it\/#organization","name":"Sime | irrigatori per agricoltura e giardinaggio","url":"https:\/\/www.simeirrigation.it\/","logo":{"@type":"ImageObject","inLanguage":"fr-FR","@id":"https:\/\/www.simeirrigation.it\/#\/schema\/logo\/image\/","url":"https:\/\/www.simeirrigation.it\/wp-content\/uploads\/2022\/06\/LogoSime_rosso.png","contentUrl":"https:\/\/www.simeirrigation.it\/wp-content\/uploads\/2022\/06\/LogoSime_rosso.png","width":237,"height":237,"caption":"Sime | irrigatori per agricoltura e giardinaggio"},"image":{"@id":"https:\/\/www.simeirrigation.it\/#\/schema\/logo\/image\/"}}]}},"_links":{"self":[{"href":"https:\/\/www.simeirrigation.it\/fr\/wp-json\/wp\/v2\/pages\/8379","targetHints":{"allow":["GET"]}}],"collection":[{"href":"https:\/\/www.simeirrigation.it\/fr\/wp-json\/wp\/v2\/pages"}],"about":[{"href":"https:\/\/www.simeirrigation.it\/fr\/wp-json\/wp\/v2\/types\/page"}],"author":[{"embeddable":true,"href":"https:\/\/www.simeirrigation.it\/fr\/wp-json\/wp\/v2\/users\/1"}],"replies":[{"embeddable":true,"href":"https:\/\/www.simeirrigation.it\/fr\/wp-json\/wp\/v2\/comments?post=8379"}],"version-history":[{"count":0,"href":"https:\/\/www.simeirrigation.it\/fr\/wp-json\/wp\/v2\/pages\/8379\/revisions"}],"wp:attachment":[{"href":"https:\/\/www.simeirrigation.it\/fr\/wp-json\/wp\/v2\/media?parent=8379"}],"curies":[{"name":"wp","href":"https:\/\/api.w.org\/{rel}","templated":true}]}}