{"id":6585,"date":"2022-11-09T18:38:36","date_gmt":"2022-11-09T17:38:36","guid":{"rendered":"https:\/\/www.simeirrigation.it\/irrigatore\/ibis\/"},"modified":"2023-07-11T15:26:29","modified_gmt":"2023-07-11T13:26:29","slug":"ibis","status":"publish","type":"product","link":"https:\/\/www.simeirrigation.it\/fr\/arroseur\/ibis\/","title":{"rendered":"Ibis"},"content":{"rendered":"","protected":false},"excerpt":{"rendered":"<p>Arroseur impact double buse pour faible d\u00e9bit<\/p>\n","protected":false},"featured_media":6058,"template":"","meta":{"inline_featured_image":false},"product_brand":[],"product_cat":[137],"product_tag":[143],"class_list":{"0":"post-6585","1":"product","2":"type-product","3":"status-publish","4":"has-post-thumbnail","6":"product_cat-arroseurs-a-impact","7":"product_tag-couverture-integrale","9":"first","10":"instock","11":"shipping-taxable","12":"product-type-simple"},"yoast_head":"<!-- This site is optimized with the Yoast SEO plugin v26.1.1 - https:\/\/yoast.com\/wordpress\/plugins\/seo\/ -->\n<title>Arroseurs \u00e0 impact - Ibis | Sime irrigatori<\/title>\n<meta name=\"description\" content=\"Arroseurs \u00e0 impact Ibis. Arroseurs et canons \u00e0 moyenne et longue port\u00e9e. Port\u00e9e 13 - 23 m. D\u00e9bit 40 - 161 l\/min.\" \/>\n<meta name=\"robots\" content=\"index, follow, max-snippet:-1, max-image-preview:large, max-video-preview:-1\" \/>\n<link rel=\"canonical\" href=\"https:\/\/www.simeirrigation.it\/fr\/arroseur\/ibis\/\" \/>\n<meta property=\"og:locale\" content=\"fr_FR\" \/>\n<meta property=\"og:type\" content=\"article\" \/>\n<meta property=\"og:title\" content=\"Arroseurs \u00e0 impact - Ibis | Sime irrigatori\" \/>\n<meta property=\"og:description\" content=\"Arroseurs \u00e0 impact Ibis. Arroseurs et canons \u00e0 moyenne et longue port\u00e9e. Port\u00e9e 13 - 23 m. D\u00e9bit 40 - 161 l\/min.\" \/>\n<meta property=\"og:url\" content=\"https:\/\/www.simeirrigation.it\/fr\/arroseur\/ibis\/\" \/>\n<meta property=\"og:site_name\" content=\"Sime | Arroseurs et canons \u00e0 moyenne et longue port\u00e9e\" \/>\n<meta property=\"article:modified_time\" content=\"2023-07-11T13:26:29+00:00\" \/>\n<meta property=\"og:image\" content=\"https:\/\/www.simeirrigation.it\/wp-content\/uploads\/2022\/11\/Ibis.png\" \/>\n\t<meta property=\"og:image:width\" content=\"1500\" \/>\n\t<meta property=\"og:image:height\" content=\"1500\" \/>\n\t<meta property=\"og:image:type\" content=\"image\/png\" \/>\n<meta name=\"twitter:card\" content=\"summary_large_image\" \/>\n<script type=\"application\/ld+json\" class=\"yoast-schema-graph\">{\"@context\":\"https:\/\/schema.org\",\"@graph\":[{\"@type\":\"WebPage\",\"@id\":\"https:\/\/www.simeirrigation.it\/fr\/arroseur\/ibis\/\",\"url\":\"https:\/\/www.simeirrigation.it\/fr\/arroseur\/ibis\/\",\"name\":\"Arroseurs \u00e0 impact - Ibis | Sime irrigatori\",\"isPartOf\":{\"@id\":\"https:\/\/www.simeirrigation.it\/#website\"},\"primaryImageOfPage\":{\"@id\":\"https:\/\/www.simeirrigation.it\/fr\/arroseur\/ibis\/#primaryimage\"},\"image\":{\"@id\":\"https:\/\/www.simeirrigation.it\/fr\/arroseur\/ibis\/#primaryimage\"},\"thumbnailUrl\":\"https:\/\/www.simeirrigation.it\/wp-content\/uploads\/2022\/11\/Ibis.png\",\"datePublished\":\"2022-11-09T17:38:36+00:00\",\"dateModified\":\"2023-07-11T13:26:29+00:00\",\"description\":\"Arroseurs \u00e0 impact Ibis. Arroseurs et canons \u00e0 moyenne et longue port\u00e9e. Port\u00e9e 13 - 23 m. D\u00e9bit 40 - 161 l\/min.\",\"breadcrumb\":{\"@id\":\"https:\/\/www.simeirrigation.it\/fr\/arroseur\/ibis\/#breadcrumb\"},\"inLanguage\":\"fr-FR\",\"potentialAction\":[{\"@type\":\"ReadAction\",\"target\":[\"https:\/\/www.simeirrigation.it\/fr\/arroseur\/ibis\/\"]}]},{\"@type\":\"ImageObject\",\"inLanguage\":\"fr-FR\",\"@id\":\"https:\/\/www.simeirrigation.it\/fr\/arroseur\/ibis\/#primaryimage\",\"url\":\"https:\/\/www.simeirrigation.it\/wp-content\/uploads\/2022\/11\/Ibis.png\",\"contentUrl\":\"https:\/\/www.simeirrigation.it\/wp-content\/uploads\/2022\/11\/Ibis.png\",\"width\":1500,\"height\":1500},{\"@type\":\"BreadcrumbList\",\"@id\":\"https:\/\/www.simeirrigation.it\/fr\/arroseur\/ibis\/#breadcrumb\",\"itemListElement\":[{\"@type\":\"ListItem\",\"position\":1,\"name\":\"Home\",\"item\":\"https:\/\/www.simeirrigation.it\/fr\/\"},{\"@type\":\"ListItem\",\"position\":2,\"name\":\"Prodotti\",\"item\":\"https:\/\/www.simeirrigation.it\/shop__trashed\/\"},{\"@type\":\"ListItem\",\"position\":3,\"name\":\"Ibis\"}]},{\"@type\":\"WebSite\",\"@id\":\"https:\/\/www.simeirrigation.it\/#website\",\"url\":\"https:\/\/www.simeirrigation.it\/\",\"name\":\"Sime | irrigatori per agricoltura e giardinaggio\",\"description\":\"Arroseurs et canons \u00e0 moyenne et longue port\u00e9e\",\"publisher\":{\"@id\":\"https:\/\/www.simeirrigation.it\/#organization\"},\"potentialAction\":[{\"@type\":\"SearchAction\",\"target\":{\"@type\":\"EntryPoint\",\"urlTemplate\":\"https:\/\/www.simeirrigation.it\/?s={search_term_string}\"},\"query-input\":{\"@type\":\"PropertyValueSpecification\",\"valueRequired\":true,\"valueName\":\"search_term_string\"}}],\"inLanguage\":\"fr-FR\"},{\"@type\":\"Organization\",\"@id\":\"https:\/\/www.simeirrigation.it\/#organization\",\"name\":\"Sime | irrigatori per agricoltura e giardinaggio\",\"url\":\"https:\/\/www.simeirrigation.it\/\",\"logo\":{\"@type\":\"ImageObject\",\"inLanguage\":\"fr-FR\",\"@id\":\"https:\/\/www.simeirrigation.it\/#\/schema\/logo\/image\/\",\"url\":\"https:\/\/www.simeirrigation.it\/wp-content\/uploads\/2022\/06\/LogoSime_rosso.png\",\"contentUrl\":\"https:\/\/www.simeirrigation.it\/wp-content\/uploads\/2022\/06\/LogoSime_rosso.png\",\"width\":237,\"height\":237,\"caption\":\"Sime | irrigatori per agricoltura e giardinaggio\"},\"image\":{\"@id\":\"https:\/\/www.simeirrigation.it\/#\/schema\/logo\/image\/\"}}]}<\/script>\n<!-- \/ Yoast SEO plugin. -->","yoast_head_json":{"title":"Arroseurs \u00e0 impact - Ibis | Sime irrigatori","description":"Arroseurs \u00e0 impact Ibis. Arroseurs et canons \u00e0 moyenne et longue port\u00e9e. Port\u00e9e 13 - 23 m. D\u00e9bit 40 - 161 l\/min.","robots":{"index":"index","follow":"follow","max-snippet":"max-snippet:-1","max-image-preview":"max-image-preview:large","max-video-preview":"max-video-preview:-1"},"canonical":"https:\/\/www.simeirrigation.it\/fr\/arroseur\/ibis\/","og_locale":"fr_FR","og_type":"article","og_title":"Arroseurs \u00e0 impact - Ibis | Sime irrigatori","og_description":"Arroseurs \u00e0 impact Ibis. Arroseurs et canons \u00e0 moyenne et longue port\u00e9e. Port\u00e9e 13 - 23 m. D\u00e9bit 40 - 161 l\/min.","og_url":"https:\/\/www.simeirrigation.it\/fr\/arroseur\/ibis\/","og_site_name":"Sime | Arroseurs et canons \u00e0 moyenne et longue port\u00e9e","article_modified_time":"2023-07-11T13:26:29+00:00","og_image":[{"width":1500,"height":1500,"url":"https:\/\/www.simeirrigation.it\/wp-content\/uploads\/2022\/11\/Ibis.png","type":"image\/png"}],"twitter_card":"summary_large_image","schema":{"@context":"https:\/\/schema.org","@graph":[{"@type":"WebPage","@id":"https:\/\/www.simeirrigation.it\/fr\/arroseur\/ibis\/","url":"https:\/\/www.simeirrigation.it\/fr\/arroseur\/ibis\/","name":"Arroseurs \u00e0 impact - Ibis | Sime irrigatori","isPartOf":{"@id":"https:\/\/www.simeirrigation.it\/#website"},"primaryImageOfPage":{"@id":"https:\/\/www.simeirrigation.it\/fr\/arroseur\/ibis\/#primaryimage"},"image":{"@id":"https:\/\/www.simeirrigation.it\/fr\/arroseur\/ibis\/#primaryimage"},"thumbnailUrl":"https:\/\/www.simeirrigation.it\/wp-content\/uploads\/2022\/11\/Ibis.png","datePublished":"2022-11-09T17:38:36+00:00","dateModified":"2023-07-11T13:26:29+00:00","description":"Arroseurs \u00e0 impact Ibis. Arroseurs et canons \u00e0 moyenne et longue port\u00e9e. Port\u00e9e 13 - 23 m. D\u00e9bit 40 - 161 l\/min.","breadcrumb":{"@id":"https:\/\/www.simeirrigation.it\/fr\/arroseur\/ibis\/#breadcrumb"},"inLanguage":"fr-FR","potentialAction":[{"@type":"ReadAction","target":["https:\/\/www.simeirrigation.it\/fr\/arroseur\/ibis\/"]}]},{"@type":"ImageObject","inLanguage":"fr-FR","@id":"https:\/\/www.simeirrigation.it\/fr\/arroseur\/ibis\/#primaryimage","url":"https:\/\/www.simeirrigation.it\/wp-content\/uploads\/2022\/11\/Ibis.png","contentUrl":"https:\/\/www.simeirrigation.it\/wp-content\/uploads\/2022\/11\/Ibis.png","width":1500,"height":1500},{"@type":"BreadcrumbList","@id":"https:\/\/www.simeirrigation.it\/fr\/arroseur\/ibis\/#breadcrumb","itemListElement":[{"@type":"ListItem","position":1,"name":"Home","item":"https:\/\/www.simeirrigation.it\/fr\/"},{"@type":"ListItem","position":2,"name":"Prodotti","item":"https:\/\/www.simeirrigation.it\/shop__trashed\/"},{"@type":"ListItem","position":3,"name":"Ibis"}]},{"@type":"WebSite","@id":"https:\/\/www.simeirrigation.it\/#website","url":"https:\/\/www.simeirrigation.it\/","name":"Sime | irrigatori per agricoltura e giardinaggio","description":"Arroseurs et canons \u00e0 moyenne et longue port\u00e9e","publisher":{"@id":"https:\/\/www.simeirrigation.it\/#organization"},"potentialAction":[{"@type":"SearchAction","target":{"@type":"EntryPoint","urlTemplate":"https:\/\/www.simeirrigation.it\/?s={search_term_string}"},"query-input":{"@type":"PropertyValueSpecification","valueRequired":true,"valueName":"search_term_string"}}],"inLanguage":"fr-FR"},{"@type":"Organization","@id":"https:\/\/www.simeirrigation.it\/#organization","name":"Sime | irrigatori per agricoltura e giardinaggio","url":"https:\/\/www.simeirrigation.it\/","logo":{"@type":"ImageObject","inLanguage":"fr-FR","@id":"https:\/\/www.simeirrigation.it\/#\/schema\/logo\/image\/","url":"https:\/\/www.simeirrigation.it\/wp-content\/uploads\/2022\/06\/LogoSime_rosso.png","contentUrl":"https:\/\/www.simeirrigation.it\/wp-content\/uploads\/2022\/06\/LogoSime_rosso.png","width":237,"height":237,"caption":"Sime | irrigatori per agricoltura e giardinaggio"},"image":{"@id":"https:\/\/www.simeirrigation.it\/#\/schema\/logo\/image\/"}}]}},"_links":{"self":[{"href":"https:\/\/www.simeirrigation.it\/fr\/wp-json\/wp\/v2\/product\/6585","targetHints":{"allow":["GET"]}}],"collection":[{"href":"https:\/\/www.simeirrigation.it\/fr\/wp-json\/wp\/v2\/product"}],"about":[{"href":"https:\/\/www.simeirrigation.it\/fr\/wp-json\/wp\/v2\/types\/product"}],"wp:featuredmedia":[{"embeddable":true,"href":"https:\/\/www.simeirrigation.it\/fr\/wp-json\/wp\/v2\/media\/6058"}],"wp:attachment":[{"href":"https:\/\/www.simeirrigation.it\/fr\/wp-json\/wp\/v2\/media?parent=6585"}],"wp:term":[{"taxonomy":"product_brand","embeddable":true,"href":"https:\/\/www.simeirrigation.it\/fr\/wp-json\/wp\/v2\/product_brand?post=6585"},{"taxonomy":"product_cat","embeddable":true,"href":"https:\/\/www.simeirrigation.it\/fr\/wp-json\/wp\/v2\/product_cat?post=6585"},{"taxonomy":"product_tag","embeddable":true,"href":"https:\/\/www.simeirrigation.it\/fr\/wp-json\/wp\/v2\/product_tag?post=6585"}],"curies":[{"name":"wp","href":"https:\/\/api.w.org\/{rel}","templated":true}]}}